{"id":5925,"date":"2025-12-26T16:10:50","date_gmt":"2025-12-26T21:10:50","guid":{"rendered":"https:\/\/www.noxgaming.ca\/product\/simnet-rj12-thrustmaster\/"},"modified":"2026-04-17T13:41:23","modified_gmt":"2026-04-17T17:41:23","slug":"simnet-rj12-thrustmaster","status":"publish","type":"product","link":"https:\/\/www.noxgaming.ca\/fr\/product\/simnet-rj12-thrustmaster\/","title":{"rendered":"SimNet - C\u00e2ble de connexion RJ12 pour Thrustmaster Wheelbase"},"content":{"rendered":"<h1 class=\"productView-title\">SimNet - C\u00e2ble de connexion RJ12 pour Thrustmaster Wheelbase<\/h1>\n<p><strong>SimNet<\/strong> \u2018Le c\u00e2ble RJ12 de l'appareil peut \u00eatre connect\u00e9 \u00e0 une base Thrustmaster pour permettre \u00e0 ton appareil de fonctionner. <strong>SimNet SP Pro<\/strong> \u00e0 utiliser directement sur ta base Thrustmaster.<\/p>\n<p>&nbsp;<\/p>\n<h3>Caract\u00e9ristiques techniques<\/h3>\n<ul>\n<li>Type : C\u00e2ble RJ12 (connexion SimNet \u2194 Thrustmaster)<\/li>\n<li>Longueur : 2 m<\/li>\n<li>Compatibilit\u00e9 : P\u00e9dales SimNet SP Pro et bases Thrustmaster compatibles<\/li>\n<li>Construction : c\u00e2ble en cuivre blind\u00e9, connecteurs RJ12 renforc\u00e9s (6 broches).<\/li>\n<li>Installation : plug-and-play - aucun logiciel n'est n\u00e9cessaire<\/li>\n<li><strong>Compatibilit\u00e9 avec les consoles (PS4, PS5, Xbox)<\/strong>: d\u00e9pend du mod\u00e8le de base de la Thrustmaster<\/li>\n<\/ul>\n<h3>Comment configurer les p\u00e9dales de la console SimNet ?<\/h3>\n<ol>\n<li>Connecte ton <strong>P\u00e9dales SimNet SP Pro<\/strong> \u00e0 ton PC via le c\u00e2ble USB.<\/li>\n<li>Ouvrir <strong>Gestionnaire Sim Connect<\/strong> et va sur : <em>P\u00e9dales \u2192 Divers \u2192 R\u00e9glages de la sortie analogique<\/em>.<\/li>\n<li>Active tous les canaux<strong>(p\u00e9dale d'embrayage, de frein, d'acc\u00e9l\u00e9rateur<\/strong>).<\/li>\n<li>R\u00e8gle la plage de sortie sur <strong>0,5V - 2,9V (non invers\u00e9)<\/strong>.<\/li>\n<li>Sauvegarde les param\u00e8tres - ton <strong>Base Thrustmaster<\/strong> reconna\u00eetra les p\u00e9dales comme un \u00e9quipement natif.<\/li>\n<li>D\u00e9connecte-toi du PC et connecte les p\u00e9dales \u00e0 la base Thrustmaster via le c\u00e2ble RJ12.<\/li>\n<\/ol>\n<p>  <strong>Regarde la d\u00e9monstration vid\u00e9o :<\/strong> Utilisation des p\u00e9dales SimNet SP Pro avec Thrustmaster sur PS5\/PC<br \/>\n<a href=\"https:\/\/www.youtube.com\/watch?v=9tqrGpIm6sE\" target=\"_blank\" rel=\"noopener\">https:\/\/www.youtube.com\/watch?v=9tqrGpIm6sE<\/a><\/p>","protected":false},"excerpt":{"rendered":"<p>SimNet &#8211; RJ12 connection cable for Thrustmaster Wheelbase SimNet &#8216;s RJ12 cable can be connected to a Thrustmaster base to enable your SimNet SP Pro pedals to be used directly on your Thrustmaster base. &nbsp; Technical specifications Type: RJ12 cable (SimNet \u2194 Thrustmaster connection) Length: 2 m Compatibility: SimNet SP Pro pedals &amp; Thrustmaster bases [&hellip;]<\/p>\n","protected":false},"featured_media":5047,"template":"","meta":{"_acf_changed":false},"product_brand":[409],"product_cat":[481],"product_tag":[340,335,341,410],"class_list":{"0":"post-5925","1":"product","2":"type-product","3":"status-publish","4":"has-post-thumbnail","6":"product_brand-simnet","7":"product_cat-sim-racing-accessories","8":"product_tag-pedal-accessories","9":"product_tag-sim-racing","10":"product_tag-sim-racing-accessories","11":"product_tag-simnet","13":"first","14":"instock","15":"taxable","16":"shipping-taxable","17":"purchasable","18":"product-type-simple"},"acf":[],"_links":{"self":[{"href":"https:\/\/www.noxgaming.ca\/fr\/wp-json\/wp\/v2\/product\/5925","targetHints":{"allow":["GET"]}}],"collection":[{"href":"https:\/\/www.noxgaming.ca\/fr\/wp-json\/wp\/v2\/product"}],"about":[{"href":"https:\/\/www.noxgaming.ca\/fr\/wp-json\/wp\/v2\/types\/product"}],"wp:featuredmedia":[{"embeddable":true,"href":"https:\/\/www.noxgaming.ca\/fr\/wp-json\/wp\/v2\/media\/5047"}],"wp:attachment":[{"href":"https:\/\/www.noxgaming.ca\/fr\/wp-json\/wp\/v2\/media?parent=5925"}],"wp:term":[{"taxonomy":"product_brand","embeddable":true,"href":"https:\/\/www.noxgaming.ca\/fr\/wp-json\/wp\/v2\/product_brand?post=5925"},{"taxonomy":"product_cat","embeddable":true,"href":"https:\/\/www.noxgaming.ca\/fr\/wp-json\/wp\/v2\/product_cat?post=5925"},{"taxonomy":"product_tag","embeddable":true,"href":"https:\/\/www.noxgaming.ca\/fr\/wp-json\/wp\/v2\/product_tag?post=5925"}],"curies":[{"name":"wp","href":"https:\/\/api.w.org\/{rel}","templated":true}]}}