{"id":5905,"date":"2025-12-09T19:34:26","date_gmt":"2025-12-10T00:34:26","guid":{"rendered":"https:\/\/www.noxgaming.ca\/product\/simnet-a-ig-racing-flag\/"},"modified":"2026-04-17T13:41:27","modified_gmt":"2026-04-17T17:41:27","slug":"simnet-a-ig-racing-flag","status":"publish","type":"product","link":"https:\/\/www.noxgaming.ca\/fr\/product\/simnet-a-ig-racing-flag\/","title":{"rendered":"Indicateur de drapeau Simnet"},"content":{"rendered":"<p>Le drapeau de course Simnet A-IG est un indicateur LED compact con\u00e7u pour les passionn\u00e9s de simulation de course. Il affiche en temps r\u00e9el les drapeaux de course (jaune, vert, bleu, etc.) et d'autres informations critiques (alertes, avertissements, changements d'\u00e9tat) par le biais d'une matrice de LED RVB 8\u00d78, afin de fournir un retour visuel imm\u00e9diat et immersif pendant la course. <\/p>\n<h3 data-start=\"632\" data-end=\"666\">Caract\u00e9ristiques techniques<\/h3>\n<ul data-start=\"668\" data-end=\"1253\">\n<li data-start=\"668\" data-end=\"786\">\n<p data-start=\"670\" data-end=\"786\">Bo\u00eetier en aluminium 6061 usin\u00e9 CNC avec une finition anodis\u00e9e durable et de premi\u00e8re qualit\u00e9.<\/p>\n<\/li>\n<li data-start=\"787\" data-end=\"938\">\n<p data-start=\"789\" data-end=\"938\">Support en fibre de carbone + trou M5 en bas pour le montage (permet un montage rigide sur le cockpit\/le rail\/le bras).<\/p>\n<\/li>\n<li data-start=\"939\" data-end=\"1047\">\n<p data-start=\"941\" data-end=\"1047\">Matrice de DEL : <strong data-start=\"955\" data-end=\"972\">8 \u00d7 8 DEL RVB<\/strong> pour un affichage clair et visible.<\/p>\n<\/li>\n<li data-start=\"1048\" data-end=\"1141\">\n<p data-start=\"1050\" data-end=\"1141\">Connexion : <strong data-start=\"1064\" data-end=\"1073\">USB-C<\/strong> avec un c\u00e2ble d'environ 2,0 m.<\/p>\n<\/li>\n<li data-start=\"1142\" data-end=\"1253\">\n<p data-start=\"1144\" data-end=\"1253\">Compatibilit\u00e9 : <strong data-start=\"1160\" data-end=\"1177\">PC seulement<\/strong>, Le logiciel SimHub permet de faire fonctionner l'appareil.<\/p>\n<\/li>\n<\/ul>","protected":false},"excerpt":{"rendered":"<p>The Simnet A-IG Racing Flag is a compact LED indicator designed for sim-racing enthusiasts. It displays real-time race flags (yellow, green, blue, etc.) and other critical information (alerts, warnings, status changes) via an 8\u00d78 RGB LED array, to provide immediate, immersive visual feedback during the race. Technical specifications CNC-machined 6061 aluminum case with durable, premium [&hellip;]<\/p>\n","protected":false},"featured_media":5906,"template":"","meta":{"_acf_changed":false},"product_brand":[409],"product_cat":[481],"product_tag":[335,341,410],"class_list":{"0":"post-5905","1":"product","2":"type-product","3":"status-publish","4":"has-post-thumbnail","6":"product_brand-simnet","7":"product_cat-sim-racing-accessories","8":"product_tag-sim-racing","9":"product_tag-sim-racing-accessories","10":"product_tag-simnet","12":"first","13":"instock","14":"taxable","15":"shipping-taxable","16":"purchasable","17":"product-type-simple"},"acf":[],"_links":{"self":[{"href":"https:\/\/www.noxgaming.ca\/fr\/wp-json\/wp\/v2\/product\/5905","targetHints":{"allow":["GET"]}}],"collection":[{"href":"https:\/\/www.noxgaming.ca\/fr\/wp-json\/wp\/v2\/product"}],"about":[{"href":"https:\/\/www.noxgaming.ca\/fr\/wp-json\/wp\/v2\/types\/product"}],"wp:featuredmedia":[{"embeddable":true,"href":"https:\/\/www.noxgaming.ca\/fr\/wp-json\/wp\/v2\/media\/5906"}],"wp:attachment":[{"href":"https:\/\/www.noxgaming.ca\/fr\/wp-json\/wp\/v2\/media?parent=5905"}],"wp:term":[{"taxonomy":"product_brand","embeddable":true,"href":"https:\/\/www.noxgaming.ca\/fr\/wp-json\/wp\/v2\/product_brand?post=5905"},{"taxonomy":"product_cat","embeddable":true,"href":"https:\/\/www.noxgaming.ca\/fr\/wp-json\/wp\/v2\/product_cat?post=5905"},{"taxonomy":"product_tag","embeddable":true,"href":"https:\/\/www.noxgaming.ca\/fr\/wp-json\/wp\/v2\/product_tag?post=5905"}],"curies":[{"name":"wp","href":"https:\/\/api.w.org\/{rel}","templated":true}]}}