{"id":5896,"date":"2025-12-04T16:41:58","date_gmt":"2025-12-04T21:41:58","guid":{"rendered":"https:\/\/www.noxgaming.ca\/product\/conspit-cpp-apex-clutch\/"},"modified":"2026-04-17T13:41:33","modified_gmt":"2026-04-17T17:41:33","slug":"conspit-cpp-apex-clutch","status":"publish","type":"product","link":"https:\/\/www.noxgaming.ca\/fr\/product\/conspit-cpp-apex-clutch\/","title":{"rendered":"Conspit CPP APEX P\u00e9dale d'embrayage"},"content":{"rendered":"<p>P\u00e9dale d'embrayage pour les p\u00e9dales Conspit CPP APEX<\/p>","protected":false},"excerpt":{"rendered":"<p>P\u00e9dale d'embrayage pour les p\u00e9dales Conspit CPP APEX<\/p>","protected":false},"featured_media":5897,"template":"","meta":{"_acf_changed":false},"product_brand":[425],"product_cat":[477,481],"product_tag":[430,427,340,342,335,341],"class_list":{"0":"post-5896","1":"product","2":"type-product","3":"status-publish","4":"has-post-thumbnail","6":"product_brand-conspit","7":"product_cat-pedals-en","8":"product_cat-sim-racing-accessories","9":"product_tag-apex","10":"product_tag-conspit","11":"product_tag-pedal-accessories","12":"product_tag-pedals","13":"product_tag-sim-racing","14":"product_tag-sim-racing-accessories","16":"first","17":"instock","18":"taxable","19":"shipping-taxable","20":"purchasable","21":"product-type-simple"},"acf":[],"_links":{"self":[{"href":"https:\/\/www.noxgaming.ca\/fr\/wp-json\/wp\/v2\/product\/5896","targetHints":{"allow":["GET"]}}],"collection":[{"href":"https:\/\/www.noxgaming.ca\/fr\/wp-json\/wp\/v2\/product"}],"about":[{"href":"https:\/\/www.noxgaming.ca\/fr\/wp-json\/wp\/v2\/types\/product"}],"wp:featuredmedia":[{"embeddable":true,"href":"https:\/\/www.noxgaming.ca\/fr\/wp-json\/wp\/v2\/media\/5897"}],"wp:attachment":[{"href":"https:\/\/www.noxgaming.ca\/fr\/wp-json\/wp\/v2\/media?parent=5896"}],"wp:term":[{"taxonomy":"product_brand","embeddable":true,"href":"https:\/\/www.noxgaming.ca\/fr\/wp-json\/wp\/v2\/product_brand?post=5896"},{"taxonomy":"product_cat","embeddable":true,"href":"https:\/\/www.noxgaming.ca\/fr\/wp-json\/wp\/v2\/product_cat?post=5896"},{"taxonomy":"product_tag","embeddable":true,"href":"https:\/\/www.noxgaming.ca\/fr\/wp-json\/wp\/v2\/product_tag?post=5896"}],"curies":[{"name":"wp","href":"https:\/\/api.w.org\/{rel}","templated":true}]}}