{"id":5872,"date":"2026-01-21T19:11:36","date_gmt":"2026-01-22T00:11:36","guid":{"rendered":"https:\/\/www.noxgaming.ca\/product\/conspit-310-apex\/"},"modified":"2026-04-17T13:40:35","modified_gmt":"2026-04-17T17:40:35","slug":"conspit-310-apex","status":"publish","type":"product","link":"https:\/\/www.noxgaming.ca\/fr\/product\/conspit-310-apex\/","title":{"rendered":"Volant Conspit 310 APEX"},"content":{"rendered":"<p data-start=\"220\" data-end=\"601\">Le Conspit 310 Apex est un volant con\u00e7u pour offrir un juste \u00e9quilibre entre confort, modularit\u00e9 et performance. Avec un diam\u00e8tre de 310 mm, il convient aussi bien aux courses de GT, de tourisme, de rallye qu'aux courses d'endurance. Il allie une construction de qualit\u00e9, une ergonomie confortable, un large panel de commandes programmables et une compatibilit\u00e9 \u00e9tendue avec les bases Direct Drive.<\/p>\n<hr data-start=\"603\" data-end=\"606\" \/>\n<h3 data-start=\"608\" data-end=\"635\">Construction et confort<\/h3>\n<ul data-start=\"637\" data-end=\"1090\">\n<li data-start=\"637\" data-end=\"788\">\n<p data-start=\"639\" data-end=\"788\">Roue de 310 mm, un format polyvalent qui permet de passer facilement d'une roue \u201croute\/GT\u201d \u00e0 une configuration plus exigeante sans compromettre le confort de conduite.<\/p>\n<\/li>\n<li data-start=\"789\" data-end=\"947\">\n<p data-start=\"791\" data-end=\"947\">Mat\u00e9riaux robustes : plaque frontale en fibre de carbone moul\u00e9e, corps en aluminium usin\u00e9 par commande num\u00e9rique. Cette combinaison garantit la l\u00e9g\u00e8ret\u00e9, la rigidit\u00e9 et la durabilit\u00e9.<\/p>\n<\/li>\n<li data-start=\"948\" data-end=\"1090\">\n<p data-start=\"950\" data-end=\"1090\">Poign\u00e9es ergonomiques pour une prise en main ferme, confortable et durable, m\u00eame pendant les longues sessions de sim-racing.<\/p>\n<\/li>\n<\/ul>\n<hr data-start=\"1092\" data-end=\"1095\" \/>\n<h3 data-start=\"1097\" data-end=\"1136\">Contr\u00f4les, interface et flexibilit\u00e9<\/h3>\n<ul data-start=\"1138\" data-end=\"1713\">\n<li data-start=\"1138\" data-end=\"1364\">\n<p data-start=\"1140\" data-end=\"1364\">Nombreuses commandes programmables (boutons, encodeurs, molettes, palettes) pour contr\u00f4ler de nombreuses fonctions (ABS, traction, r\u00e9glages du moteur, menu, vues, strat\u00e9gie, etc.) directement depuis le volant.<\/p>\n<\/li>\n<li data-start=\"1365\" data-end=\"1532\">\n<p data-start=\"1367\" data-end=\"1532\">Palettes de changement de vitesse r\u00e9actives, palettes d'embrayage configurables selon le type de voiture ou de session, pour des changements de vitesse fluides et nets.<\/p>\n<\/li>\n<li data-start=\"1533\" data-end=\"1713\">\n<p data-start=\"1535\" data-end=\"1713\">Compatibilit\u00e9 Quick Release via une interface standard, permettant un montage\/d\u00e9montage rapide et facile du volant, pratique si tu changes souvent de volant ou de configuration.<\/p>\n<\/li>\n<\/ul>\n<hr data-start=\"1715\" data-end=\"1718\" \/>\n<h3 data-start=\"1720\" data-end=\"1746\">Compatibilit\u00e9 et utilisation<\/h3>\n<ul data-start=\"1748\" data-end=\"2180\">\n<li data-start=\"1748\" data-end=\"1900\">\n<p data-start=\"1750\" data-end=\"1900\">Interface de montage standard, rendant le 310 Apex compatible avec la majorit\u00e9 des bases \u00e0 entra\u00eenement direct du march\u00e9.<\/p>\n<\/li>\n<li data-start=\"1901\" data-end=\"2029\">\n<p data-start=\"1903\" data-end=\"2029\">Connexion PC USB, plug &amp; play, avec compatibilit\u00e9 avec les logiciels de configuration de base et les simulateurs les plus courants.<\/p>\n<\/li>\n<li data-start=\"2030\" data-end=\"2180\">\n<p data-start=\"2032\" data-end=\"2180\">Convient \u00e0 une grande vari\u00e9t\u00e9 de types de courses (GT, tourisme, rallye, endurance) - un bon choix pour les conducteurs qui recherchent la polyvalence et le confort.<\/p>\n<\/li>\n<\/ul>\n<hr data-start=\"2182\" data-end=\"2185\" \/>\n<h3 data-start=\"2187\" data-end=\"2222\">Pour qui ce volant est-il id\u00e9al ?<\/h3>\n<p data-start=\"2224\" data-end=\"2251\">Le 310 Apex est con\u00e7u pour :<\/p>\n<ul data-start=\"2252\" data-end=\"2761\">\n<li data-start=\"2252\" data-end=\"2363\">\n<p data-start=\"2254\" data-end=\"2363\">Ceux qui veulent un volant \u00e9quilibr\u00e9, confortable et modulable, adapt\u00e9 \u00e0 un large \u00e9ventail de disciplines virtuelles.<\/p>\n<\/li>\n<li data-start=\"2364\" data-end=\"2504\">\n<p data-start=\"2366\" data-end=\"2504\">Les conducteurs qui aiment configurer leur volant en fonction du type de course ou de voiture, gr\u00e2ce au grand nombre de commandes disponibles.<\/p>\n<\/li>\n<li data-start=\"2505\" data-end=\"2649\">\n<p data-start=\"2507\" data-end=\"2649\">Ceux qui ont besoin d'un volant compatible avec plusieurs bases, facile \u00e0 monter ou \u00e0 d\u00e9monter, et capable de suivre l'\u00e9volution de leur installation.<\/p>\n<\/li>\n<li data-start=\"2650\" data-end=\"2761\">\n<p data-start=\"2652\" data-end=\"2761\">Racines s\u00e9rieuses \u00e0 la recherche d'un bon rapport qualit\u00e9-prix, sans viser les mod\u00e8les \u201cextr\u00eame haut de gamme\u201d.<\/p>\n<\/li>\n<\/ul>","protected":false},"excerpt":{"rendered":"<p>The Conspit 310 Apex is a steering wheel designed to offer the right balance between comfort, modularity and performance. With a diameter of 310 mm, it is equally suited to GT, touring, rally and endurance racing. It combines quality construction, comfortable ergonomics, a large panel of programmable controls, and extensive compatibility with Direct Drive bases. [&hellip;]<\/p>\n","protected":false},"featured_media":5873,"template":"","meta":{"_acf_changed":false},"product_brand":[425],"product_cat":[490],"product_tag":[430,427,335,407,337],"class_list":{"0":"post-5872","1":"product","2":"type-product","3":"status-publish","4":"has-post-thumbnail","6":"product_brand-conspit","7":"product_cat-wheels-en","8":"product_tag-apex","9":"product_tag-conspit","10":"product_tag-sim-racing","11":"product_tag-steering-wheel-bundle","12":"product_tag-steering-wheels","14":"first","15":"instock","16":"taxable","17":"shipping-taxable","18":"purchasable","19":"product-type-variable"},"acf":[],"_links":{"self":[{"href":"https:\/\/www.noxgaming.ca\/fr\/wp-json\/wp\/v2\/product\/5872","targetHints":{"allow":["GET"]}}],"collection":[{"href":"https:\/\/www.noxgaming.ca\/fr\/wp-json\/wp\/v2\/product"}],"about":[{"href":"https:\/\/www.noxgaming.ca\/fr\/wp-json\/wp\/v2\/types\/product"}],"wp:featuredmedia":[{"embeddable":true,"href":"https:\/\/www.noxgaming.ca\/fr\/wp-json\/wp\/v2\/media\/5873"}],"wp:attachment":[{"href":"https:\/\/www.noxgaming.ca\/fr\/wp-json\/wp\/v2\/media?parent=5872"}],"wp:term":[{"taxonomy":"product_brand","embeddable":true,"href":"https:\/\/www.noxgaming.ca\/fr\/wp-json\/wp\/v2\/product_brand?post=5872"},{"taxonomy":"product_cat","embeddable":true,"href":"https:\/\/www.noxgaming.ca\/fr\/wp-json\/wp\/v2\/product_cat?post=5872"},{"taxonomy":"product_tag","embeddable":true,"href":"https:\/\/www.noxgaming.ca\/fr\/wp-json\/wp\/v2\/product_tag?post=5872"}],"curies":[{"name":"wp","href":"https:\/\/api.w.org\/{rel}","templated":true}]}}