{"id":5855,"date":"2026-01-21T19:14:11","date_gmt":"2026-01-22T00:14:11","guid":{"rendered":"https:\/\/www.noxgaming.ca\/product\/conspit-290gp-formula-wheel\/"},"modified":"2026-04-17T13:40:25","modified_gmt":"2026-04-17T17:40:25","slug":"conspit-290gp-formula-wheel","status":"publish","type":"product","link":"https:\/\/www.noxgaming.ca\/fr\/product\/conspit-290gp-formula-wheel\/","title":{"rendered":"Conspit 290GP Formula Wheel"},"content":{"rendered":"<p data-start=\"162\" data-end=\"245\">Volant ergonomique et complet de type formule con\u00e7u pour les simulations exigeantes.<\/p>\n<p data-start=\"247\" data-end=\"643\">Le volant 290GP Formula Wheel de Conspit est un volant de nouvelle g\u00e9n\u00e9ration con\u00e7u pour offrir contr\u00f4le, confort et performance dans le simulateur. Avec son design 3D ergonomique, sa construction en fibre de carbone et en alliage d'aluminium, son \u00e9cran tactile et sa gamme compl\u00e8te de commandes, ce volant s'adresse aux conducteurs qui veulent une exp\u00e9rience immersive et professionnelle, sans compromis.<\/p>\n<hr data-start=\"645\" data-end=\"648\" \/>\n<h2 data-start=\"650\" data-end=\"678\">Mat\u00e9riaux et construction<\/h2>\n<ul data-start=\"680\" data-end=\"1199\">\n<li data-start=\"680\" data-end=\"955\">\n<p data-start=\"682\" data-end=\"955\">La face avant est en fibre de carbone moul\u00e9e, associ\u00e9e \u00e0 une coque en alliage d'aluminium haute r\u00e9sistance, garantissant la l\u00e9g\u00e8ret\u00e9 (~1350-1400 g sans adaptateur ni attache rapide) tout en conservant une grande rigidit\u00e9 structurelle.<\/p>\n<\/li>\n<li data-start=\"956\" data-end=\"1199\">\n<p data-start=\"958\" data-end=\"1199\">\u201cPoign\u00e9e Enduro grip\u201d en TPU inject\u00e9 double couche, con\u00e7ue pour la durabilit\u00e9 et le confort pendant les longues sessions. Cette poign\u00e9e ergonomique s'adapte \u00e0 la forme des mains pour r\u00e9duire la fatigue.<\/p>\n<\/li>\n<\/ul>\n<hr data-start=\"1201\" data-end=\"1204\" \/>\n<h2 data-start=\"1206\" data-end=\"1242\">Interface, affichage et commandes<\/h2>\n<ul data-start=\"1244\" data-end=\"2270\">\n<li data-start=\"1244\" data-end=\"1487\">\n<p data-start=\"1246\" data-end=\"1487\">\u00c9cran LCD 4,3\u2033 (r\u00e9solution 854 \u00d7 480, haute luminosit\u00e9, taux de rafra\u00eechissement fluide) affichant la t\u00e9l\u00e9m\u00e9trie, la vitesse, les tours, les secteurs, les donn\u00e9es du moteur ou d'autres indicateurs utiles pendant la course.<\/p>\n<\/li>\n<li data-start=\"1488\" data-end=\"1988\">\n<p data-start=\"1490\" data-end=\"1529\">Large gamme de commandes modulaires :<\/p>\n<ul data-start=\"1532\" data-end=\"1988\">\n<li data-start=\"1532\" data-end=\"1565\">\n<p data-start=\"1534\" data-end=\"1565\">12 boutons r\u00e9tro\u00e9clair\u00e9s RVB<\/p>\n<\/li>\n<li data-start=\"1568\" data-end=\"1607\">\n<p data-start=\"1570\" data-end=\"1607\">4 roues \u00e0 ailettes<\/p>\n<\/li>\n<li data-start=\"1610\" data-end=\"1652\">\n<p data-start=\"1612\" data-end=\"1652\">3 commutateurs rotatifs \u00e0 12 positions<\/p>\n<\/li>\n<li data-start=\"1655\" data-end=\"1682\">\n<p data-start=\"1657\" data-end=\"1682\">2 joysticks \u00e0 7 positions<\/p>\n<\/li>\n<li data-start=\"1685\" data-end=\"1988\">\n<p data-start=\"1687\" data-end=\"1988\">Palettes \u201dMagFlip\" pour le passage des vitesses (shifter) + palettes d'embrayage (double embrayage).<br data-start=\"1779\" data-end=\"1782\" \/>Ces commandes te permettent d'agir sur toute une s\u00e9rie de fonctions (ABS, traction, r\u00e9glages automatiques, vue, m\u00e9lange carburant\/frein, menus, etc.) sans jamais l\u00e2cher le volant.<\/p>\n<\/li>\n<\/ul>\n<\/li>\n<li data-start=\"1989\" data-end=\"2270\">\n<p data-start=\"1991\" data-end=\"2270\">La disposition des commandes suit une approche ergonomique en 3D, inspir\u00e9e des syst\u00e8mes HOTAS, afin que chaque commande soit accessible naturellement en fonction de la position du pouce. Cela am\u00e9liore le confort, la r\u00e9activit\u00e9 et la lisibilit\u00e9 lors des courses.<\/p>\n<\/li>\n<\/ul>\n<hr data-start=\"2272\" data-end=\"2275\" \/>\n<h2 data-start=\"2277\" data-end=\"2309\">Compatibilit\u00e9 et connectivit\u00e9<\/h2>\n<ul data-start=\"2311\" data-end=\"2815\">\n<li data-start=\"2311\" data-end=\"2496\">\n<p data-start=\"2313\" data-end=\"2496\">Montage avec blocage rapide standard (PCD 70 mm) - compatible avec la plupart des bases Direct Drive du march\u00e9 (y compris les bases Conspit).<\/p>\n<\/li>\n<li data-start=\"2497\" data-end=\"2625\">\n<p data-start=\"2499\" data-end=\"2625\">Connexion USB via le c\u00e2ble en spirale fourni - pr\u00eat \u00e0 l'emploi sur PC (Windows), plug &amp; play.<\/p>\n<\/li>\n<li data-start=\"2626\" data-end=\"2815\">\n<p data-start=\"2628\" data-end=\"2815\">Compatible avec le logiciel Conspit Link 2.0, pour configurer les touches, les retours, g\u00e9rer les profils et personnaliser les LED\/RGB en fonction de la simulation.<\/p>\n<\/li>\n<\/ul>\n<hr data-start=\"2817\" data-end=\"2820\" \/>\n<h2 data-start=\"2822\" data-end=\"2855\">Sensation de conduite et utilisation<\/h2>\n<p data-start=\"2857\" data-end=\"3179\">Le 290GP offre une exp\u00e9rience de conduite immersive et r\u00e9active. Gr\u00e2ce \u00e0 sa construction rigide, le volant reste stable m\u00eame en cas de fortes contraintes, sans flexion ni vibrations parasites - ce qui am\u00e9liore la pr\u00e9cision du retour de force et la lisibilit\u00e9 du comportement du v\u00e9hicule.<\/p>\n<p data-start=\"3181\" data-end=\"3392\">La forte densit\u00e9 des commandes te permet de contr\u00f4ler enti\u00e8rement le v\u00e9hicule, les r\u00e9glages et les fonctions en un seul endroit, ce qui est essentiel pour les courses de longue distance, les courses d'endurance ou les comp\u00e9titions.<\/p>\n<p data-start=\"3394\" data-end=\"3570\">La forme ergonomique, la prise en main confortable et les mat\u00e9riaux de qualit\u00e9 font \u00e9galement de cette roue un outil adapt\u00e9 aux longues sessions, sans fatiguer les mains ni compromettre le confort.<\/p>\n<hr data-start=\"3572\" data-end=\"3575\" \/>\n<h2 data-start=\"3577\" data-end=\"3601\">\u00c0 qui s'adresse ce 290GP<\/h2>\n<p data-start=\"3603\" data-end=\"3631\">Ce volant est id\u00e9al pour :<\/p>\n<ul data-start=\"3632\" data-end=\"4182\">\n<li data-start=\"3632\" data-end=\"3757\">\n<p data-start=\"3634\" data-end=\"3757\">Simracers \u00e0 la recherche d'une exp\u00e9rience \u201cpro\u201d : immersion, contr\u00f4le maximal, interface compl\u00e8te, confort, modularit\u00e9.<\/p>\n<\/li>\n<li data-start=\"3758\" data-end=\"3913\">\n<p data-start=\"3760\" data-end=\"3913\">Ceux qui participent \u00e0 des courses exigeantes (endurance, GT, prototypes, Formule, rallye) o\u00f9 la pr\u00e9cision, la r\u00e9activit\u00e9 et le confort sont essentiels.<\/p>\n<\/li>\n<li data-start=\"3914\" data-end=\"4026\">\n<p data-start=\"3916\" data-end=\"4026\">Configurations s\u00e9rieuses \u00e0 entra\u00eenement direct, \u00e0 la recherche d'un volant capable de tirer le meilleur parti d'une base puissante.<\/p>\n<\/li>\n<li data-start=\"4027\" data-end=\"4182\">\n<p data-start=\"4029\" data-end=\"4182\">Les pilotes qui veulent un cockpit modulaire et \u00e9volutif, avec la possibilit\u00e9 de configurer de nombreuses fonctions sans ajouter de p\u00e9riph\u00e9riques externes.<\/p>\n<\/li>\n<\/ul>","protected":false},"excerpt":{"rendered":"<p>Ergonomic, full-featured formula-style steering wheel designed for demanding simulations Conspit&#8217;s 290GP Formula Wheel is a new-generation steering wheel designed to deliver control, comfort and performance in the simulator. With its ergonomic 3D design, carbon fiber and aluminum alloy construction, touch screen and comprehensive range of controls, this wheel is aimed at drivers who want an [&hellip;]<\/p>\n","protected":false},"featured_media":5856,"template":"","meta":{"_acf_changed":false},"product_brand":[425],"product_cat":[490],"product_tag":[427,335,337],"class_list":{"0":"post-5855","1":"product","2":"type-product","3":"status-publish","4":"has-post-thumbnail","6":"product_brand-conspit","7":"product_cat-wheels-en","8":"product_tag-conspit","9":"product_tag-sim-racing","10":"product_tag-steering-wheels","12":"first","13":"instock","14":"taxable","15":"shipping-taxable","16":"purchasable","17":"product-type-simple"},"acf":[],"_links":{"self":[{"href":"https:\/\/www.noxgaming.ca\/fr\/wp-json\/wp\/v2\/product\/5855","targetHints":{"allow":["GET"]}}],"collection":[{"href":"https:\/\/www.noxgaming.ca\/fr\/wp-json\/wp\/v2\/product"}],"about":[{"href":"https:\/\/www.noxgaming.ca\/fr\/wp-json\/wp\/v2\/types\/product"}],"wp:featuredmedia":[{"embeddable":true,"href":"https:\/\/www.noxgaming.ca\/fr\/wp-json\/wp\/v2\/media\/5856"}],"wp:attachment":[{"href":"https:\/\/www.noxgaming.ca\/fr\/wp-json\/wp\/v2\/media?parent=5855"}],"wp:term":[{"taxonomy":"product_brand","embeddable":true,"href":"https:\/\/www.noxgaming.ca\/fr\/wp-json\/wp\/v2\/product_brand?post=5855"},{"taxonomy":"product_cat","embeddable":true,"href":"https:\/\/www.noxgaming.ca\/fr\/wp-json\/wp\/v2\/product_cat?post=5855"},{"taxonomy":"product_tag","embeddable":true,"href":"https:\/\/www.noxgaming.ca\/fr\/wp-json\/wp\/v2\/product_tag?post=5855"}],"curies":[{"name":"wp","href":"https:\/\/api.w.org\/{rel}","templated":true}]}}