{"id":5849,"date":"2026-01-21T18:54:57","date_gmt":"2026-01-21T23:54:57","guid":{"rendered":"https:\/\/www.noxgaming.ca\/product\/conspit-max01-formula-steering-wheel\/"},"modified":"2026-04-17T13:41:17","modified_gmt":"2026-04-17T17:41:17","slug":"conspit-max01-formula-steering-wheel","status":"publish","type":"product","link":"https:\/\/www.noxgaming.ca\/fr\/product\/conspit-max01-formula-steering-wheel\/","title":{"rendered":"Volant Conspit MAX01 Formula"},"content":{"rendered":"<p data-start=\"671\" data-end=\"726\">Volant de formule haut de gamme pour PC SimRacing<\/p>\n<p data-start=\"728\" data-end=\"1223\">Le Conspit MAX01 est un volant \u00e0 formule con\u00e7u pour offrir une exp\u00e9rience de conduite pr\u00e9cise, immersive et tout \u00e0 fait moderne. Il combine une construction robuste en aluminium et en fibre de carbone, une ergonomie con\u00e7ue pour le contr\u00f4le en situation de course, un ensemble complet de commandes et un \u00e9cran tactile performant. C'est un volant pour les coureurs s\u00e9rieux, compatible avec les puissantes bases Direct Drive et adapt\u00e9 aux longues sessions.<\/p>\n<hr data-start=\"1225\" data-end=\"1228\" \/>\n<h2 data-start=\"1230\" data-end=\"1258\">Mat\u00e9riaux et construction<\/h2>\n<p data-start=\"1260\" data-end=\"1625\">Le cadre du volant est en aluminium usin\u00e9, avec un plastron en fibre de carbone de 5 mm. Ce choix garantit une excellente rigidit\u00e9, une grande durabilit\u00e9 et une parfaite r\u00e9sistance aux contraintes g\u00e9n\u00e9r\u00e9es par les bases Direct Drive. Les poign\u00e9es utilisent un mat\u00e9riau \u00e0 forte adh\u00e9rence con\u00e7u pour offrir une prise en main confortable, m\u00eame dans des conditions intensives.<\/p>\n<hr data-start=\"1627\" data-end=\"1630\" \/>\n<h2 data-start=\"1632\" data-end=\"1653\">\u00c9cran et interface<\/h2>\n<p data-start=\"1655\" data-end=\"2001\">Le MAX01 est dot\u00e9 d'un \u00e9cran tactile IPS de 4\u2033 avec une r\u00e9solution de 800 x 480. Compatible avec SimHub, il affiche la t\u00e9l\u00e9m\u00e9trie, les tours, les vitesses, les jauges moteur, les drapeaux, les secteurs et les tableaux de bord personnalis\u00e9s.<\/p>\n<hr data-start=\"2003\" data-end=\"2006\" \/>\n<h2 data-start=\"2008\" data-end=\"2039\">Commandes et fonctions<\/h2>\n<p data-start=\"2041\" data-end=\"2131\">Ce volant est con\u00e7u pour un contr\u00f4le total de la voiture. Les caract\u00e9ristiques comprennent :<\/p>\n<ul data-start=\"2133\" data-end=\"2430\">\n<li data-start=\"2133\" data-end=\"2161\">\n<p data-start=\"2135\" data-end=\"2161\">10 touches r\u00e9tro\u00e9clair\u00e9es<\/p>\n<\/li>\n<li data-start=\"2162\" data-end=\"2186\">\n<p data-start=\"2164\" data-end=\"2186\">4 encodeurs rotatifs<\/p>\n<\/li>\n<li data-start=\"2187\" data-end=\"2230\">\n<p data-start=\"2189\" data-end=\"2230\">4 molettes de type encodeur<\/p>\n<\/li>\n<li data-start=\"2231\" data-end=\"2266\">\n<p data-start=\"2233\" data-end=\"2266\">2 interrupteurs multipositions<\/p>\n<\/li>\n<li data-start=\"2267\" data-end=\"2304\">\n<p data-start=\"2269\" data-end=\"2304\">2 mini joysticks (interrupteurs funky)<\/p>\n<\/li>\n<li data-start=\"2305\" data-end=\"2360\">\n<p data-start=\"2307\" data-end=\"2360\">2 palettes magn\u00e9tiques pour changer de vitesse<\/p>\n<\/li>\n<li data-start=\"2361\" data-end=\"2430\">\n<p data-start=\"2363\" data-end=\"2430\">2 palettes d'embrayage r\u00e9glables pour les d\u00e9parts en monoplace.<\/p>\n<\/li>\n<\/ul>\n<p data-start=\"2432\" data-end=\"2657\">Ce niveau de contr\u00f4le te permet de g\u00e9rer l'ABS, la r\u00e9partition des freins, l'antipatinage, les modes du moteur, la strat\u00e9gie de carburant, l'ERS, les r\u00e9glages de la voiture et la navigation dans les menus sans l\u00e2cher le volant.<\/p>\n<hr data-start=\"2659\" data-end=\"2662\" \/>\n<h2 data-start=\"2664\" data-end=\"2680\">Compatibilit\u00e9<\/h2>\n<p data-start=\"2682\" data-end=\"2906\">Le volant d'inertie utilise un entraxe PCD de 70 mm, ce qui le rend compatible avec la majorit\u00e9 des bases Direct Drive du march\u00e9. Il fonctionne sur PC via USB, plug and play, avec une compatibilit\u00e9 imm\u00e9diate dans les simulateurs modernes.<\/p>\n<hr data-start=\"2908\" data-end=\"2911\" \/>\n<h2 data-start=\"2913\" data-end=\"2945\">Ce que cela signifie pour les courses<\/h2>\n<ul data-start=\"2947\" data-end=\"3247\">\n<li data-start=\"2947\" data-end=\"2996\">\n<p data-start=\"2949\" data-end=\"2996\">Une rigidit\u00e9 parfaite pour une direction pr\u00e9cise<\/p>\n<\/li>\n<li data-start=\"2997\" data-end=\"3056\">\n<p data-start=\"2999\" data-end=\"3056\">Acc\u00e8s instantan\u00e9 \u00e0 toutes les commandes essentielles<\/p>\n<\/li>\n<li data-start=\"3057\" data-end=\"3120\">\n<p data-start=\"3059\" data-end=\"3120\">Informations clairement lisibles gr\u00e2ce \u00e0 l'\u00e9cran int\u00e9gr\u00e9.<\/p>\n<\/li>\n<li data-start=\"3121\" data-end=\"3181\">\n<p data-start=\"3123\" data-end=\"3181\">Palettes magn\u00e9tiques rapides, propres et silencieuses<\/p>\n<\/li>\n<li data-start=\"3182\" data-end=\"3247\">\n<p data-start=\"3184\" data-end=\"3247\">Une sensation haut de gamme proche de celle des roues professionnelles.<\/p>\n<\/li>\n<\/ul>\n<p data-start=\"3249\" data-end=\"3400\">Le MAX01 excelle dans les disciplines telles que la Formule, le LMP, les prototypes, l'endurance ou toute cat\u00e9gorie n\u00e9cessitant un grand nombre de r\u00e9glages en direct.<\/p>","protected":false},"excerpt":{"rendered":"<p>High-end formula steering wheel for PC SimRacing The Conspit MAX01 is a formula-style steering wheel designed to deliver a precise, immersive and thoroughly modern driving experience. It combines robust aluminum and carbon fiber construction, ergonomics designed for control in racing situations, a comprehensive set of controls and a high-performance touchscreen. This is a steering wheel [&hellip;]<\/p>\n","protected":false},"featured_media":5850,"template":"","meta":{"_acf_changed":false},"product_brand":[425],"product_cat":[490],"product_tag":[427,335,337],"class_list":{"0":"post-5849","1":"product","2":"type-product","3":"status-publish","4":"has-post-thumbnail","6":"product_brand-conspit","7":"product_cat-wheels-en","8":"product_tag-conspit","9":"product_tag-sim-racing","10":"product_tag-steering-wheels","12":"first","13":"instock","14":"taxable","15":"shipping-taxable","16":"purchasable","17":"product-type-simple"},"acf":[],"_links":{"self":[{"href":"https:\/\/www.noxgaming.ca\/fr\/wp-json\/wp\/v2\/product\/5849","targetHints":{"allow":["GET"]}}],"collection":[{"href":"https:\/\/www.noxgaming.ca\/fr\/wp-json\/wp\/v2\/product"}],"about":[{"href":"https:\/\/www.noxgaming.ca\/fr\/wp-json\/wp\/v2\/types\/product"}],"wp:featuredmedia":[{"embeddable":true,"href":"https:\/\/www.noxgaming.ca\/fr\/wp-json\/wp\/v2\/media\/5850"}],"wp:attachment":[{"href":"https:\/\/www.noxgaming.ca\/fr\/wp-json\/wp\/v2\/media?parent=5849"}],"wp:term":[{"taxonomy":"product_brand","embeddable":true,"href":"https:\/\/www.noxgaming.ca\/fr\/wp-json\/wp\/v2\/product_brand?post=5849"},{"taxonomy":"product_cat","embeddable":true,"href":"https:\/\/www.noxgaming.ca\/fr\/wp-json\/wp\/v2\/product_cat?post=5849"},{"taxonomy":"product_tag","embeddable":true,"href":"https:\/\/www.noxgaming.ca\/fr\/wp-json\/wp\/v2\/product_tag?post=5849"}],"curies":[{"name":"wp","href":"https:\/\/api.w.org\/{rel}","templated":true}]}}