{"id":5835,"date":"2025-12-05T15:03:31","date_gmt":"2025-12-05T20:03:31","guid":{"rendered":"https:\/\/www.noxgaming.ca\/product\/moza-ab6-bundle\/"},"modified":"2026-04-17T13:41:33","modified_gmt":"2026-04-17T17:41:33","slug":"moza-ab6-bundle","status":"publish","type":"product","link":"https:\/\/www.noxgaming.ca\/fr\/product\/moza-ab6-bundle\/","title":{"rendered":"Ensemble de simulation de vol MOZA AB6"},"content":{"rendered":"<p data-start=\"115\" data-end=\"495\">Le MOZA AB6 Flight Bundle r\u00e9unit deux chefs-d'\u0153uvre de la simulation de vol qui fonctionnent en parfaite synergie pour offrir une pr\u00e9cision remarquable et une immersion r\u00e9aliste. Cet ensemble combine la base de vol MOZA AB6 et le manche \u00e0 balai MOZA MHG pour offrir un contr\u00f4le et un pilotage d'une pr\u00e9cision impressionnante.<\/p>\n<p data-start=\"497\" data-end=\"927\">La base de vol MOZA AB6 est dot\u00e9e d'une construction robuste en aluminium, de leviers ind\u00e9pendants ultra-fluides et d'un syst\u00e8me de boutons enti\u00e8rement personnalisable. La r\u00e9sistance peut \u00eatre r\u00e9gl\u00e9e selon les pr\u00e9f\u00e9rences du pilote jusqu'\u00e0 6Nm, et chaque mouvement transmet une sensation m\u00e9canique tr\u00e8s naturelle. Qu'il s'agisse de g\u00e9rer la pouss\u00e9e d'un avion commercial ou la r\u00e9activit\u00e9 d'un chasseur moderne, l'AB6 r\u00e9pond avec une pr\u00e9cision constante.<\/p>\n<p data-start=\"929\" data-end=\"1419\">Le manche de vol MOZA MHG compl\u00e8te l'ensemble avec un joystick ergonomique et tr\u00e8s r\u00e9actif, \u00e9quip\u00e9 de capteurs magn\u00e9tiques sans contact qui conservent leur pr\u00e9cision au fil du temps. Sa prise en main a \u00e9t\u00e9 con\u00e7ue pour offrir confort et contr\u00f4le m\u00eame lors de sessions prolong\u00e9es, tandis que ses nombreux boutons et commandes permettent d'acc\u00e9der rapidement aux fonctions essentielles du cockpit. Le MHG est capable de suivre des man\u0153uvres exigeantes sans jamais perdre sa fluidit\u00e9.<\/p>\n<p data-start=\"1421\" data-end=\"1673\">L'ensemble MOZA AB6 Flight Bundle est destin\u00e9 aux passionn\u00e9s qui veulent un \u00e9quipement s\u00e9rieux. Pas de compromis, pas de gadgets inutiles. Ce bundle est con\u00e7u pour offrir un contr\u00f4le stable, naturel et immersif, que ce soit en simulation civile, commerciale ou militaire.<\/p>\n<h3 data-start=\"93\" data-end=\"160\">Base de vol MOZA AB6 Caract\u00e9ristiques techniques<\/h3>\n<p data-start=\"93\" data-end=\"160\">Dimensions : 188 x 123 x 163 mm<\/p>\n<p data-start=\"93\" data-end=\"160\">Mat\u00e9riau du bo\u00eetier : Alliage d'aluminium<\/p>\n<p data-start=\"207\" data-end=\"256\">Mat\u00e9riau du sac \u00e0 poussi\u00e8re : Cuir microfibre<\/p>\n<p data-start=\"258\" data-end=\"275\">Poids : 2,95 kg<\/p>\n<p data-start=\"277\" data-end=\"324\">Moteurs : Deux servomoteurs haute performance<\/p>\n<p data-start=\"326\" data-end=\"372\">Couple continu sur l'axe de roulement : 4,4 N-m<\/p>\n<p data-start=\"374\" data-end=\"406\">Couple maximal combin\u00e9 : 6 N-m<\/p>\n<p data-start=\"408\" data-end=\"517\">Amplitude de mouvement : \u00b120\u00b0 de roulis sur l'axe X<br data-start=\"472\" data-end=\"475\" \/>Pas de \u00b117\u00b0 Axe Y<\/p>\n<p data-start=\"519\" data-end=\"570\">B\u00e2tons compatibles : Tous les b\u00e2tons de vol MOZA<\/p>\n<p data-start=\"572\" data-end=\"590\">Puissance : 72 W<\/p>\n<p data-start=\"592\" data-end=\"640\">Tension d'entr\u00e9e : 110 \u00e0 220 V AC \u00e0 12 V DC<\/p>\n<p data-start=\"642\" data-end=\"673\">R\u00e9gler la r\u00e9solution : 0 \u00e0 65535<\/p>\n<p data-start=\"675\" data-end=\"706\">Taux d'interrogation USB : 1000 Hz<\/p>\n<p data-start=\"708\" data-end=\"816\">Options de montage : Pince de bureau incluse | Plaque de base vendue s\u00e9par\u00e9ment | Possibilit\u00e9 de montage direct<\/p>\n<p data-start=\"818\" data-end=\"856\">Bouton d'arr\u00eat d'urgence : En option<\/p>\n<p data-start=\"858\" data-end=\"927\">Retour de force bas\u00e9 sur la t\u00e9l\u00e9m\u00e9trie : Pris en charge sans plug-in<\/p>\n<p data-start=\"929\" data-end=\"972\">Compatibilit\u00e9 native avec le retour de force : Oui<\/p>\n<p data-start=\"974\" data-end=\"991\">Plateforme : PC<\/p>\n<p data-start=\"993\" data-end=\"1134\">Accessoires inclus : Alimentation \u00e9lectrique | C\u00e2ble d'alimentation | C\u00e2ble de donn\u00e9es | Kit d'outils | Manuel d'utilisation | Autocollants<\/p>\n<h3 data-start=\"73\" data-end=\"142\">MOZA MHG Flightstick Donn\u00e9es techniques<\/h3>\n<p data-start=\"73\" data-end=\"142\">Dimensions : 142,5 x 202 x 313 mm<\/p>\n<p data-start=\"144\" data-end=\"206\">Mat\u00e9riau du bo\u00eetier : Composite renforc\u00e9 de fibres de carbone<\/p>\n<p data-start=\"208\" data-end=\"240\">Mat\u00e9riau du connecteur : M\u00e9tal<\/p>\n<p data-start=\"242\" data-end=\"293\">Mat\u00e9riau du capuchon de bouton : Plastique ABS<\/p>\n<p data-start=\"295\" data-end=\"310\">Poids : 395 g<\/p>\n<p data-start=\"312\" data-end=\"339\">Interrupteurs \u00e0 5 voies : 4<\/p>\n<p data-start=\"341\" data-end=\"370\">Mini b\u00e2ton \u00e0 effet Hall : 1<\/p>\n<p data-start=\"372\" data-end=\"395\">D\u00e9clencheurs : 2 niveaux<\/p>\n<p data-start=\"397\" data-end=\"423\">Sorties assignables : 25<\/p>\n<p data-start=\"425\" data-end=\"487\">Accessoires inclus : Manuel d'utilisation | Kit d'outils<\/p>","protected":false},"excerpt":{"rendered":"<p>The MOZA AB6 Flight Bundle brings together two masterpieces of flight simulation that work in perfect synergy to deliver remarkable precision and realistic immersion. This package combines the MOZA AB6 flight base and the MOZA MHG flightstick to deliver impressively precise control and piloting. The MOZA AB6 flight base features robust aluminum construction, ultra-fluid independent [&hellip;]<\/p>\n","protected":false},"featured_media":5836,"template":"","meta":{"_acf_changed":false},"product_brand":[517],"product_cat":[510],"product_tag":[420,429,417,419,418,416],"class_list":{"0":"post-5835","1":"product","2":"type-product","3":"status-publish","4":"has-post-thumbnail","6":"product_brand-moza-flight","7":"product_cat-flight-bundle","8":"product_tag-flight-base","9":"product_tag-flight-bundle","10":"product_tag-flight-simulation","11":"product_tag-flightstick","12":"product_tag-flightsticks-yokes","13":"product_tag-moza-flight","15":"first","16":"instock","17":"taxable","18":"shipping-taxable","19":"purchasable","20":"product-type-simple"},"acf":[],"_links":{"self":[{"href":"https:\/\/www.noxgaming.ca\/fr\/wp-json\/wp\/v2\/product\/5835","targetHints":{"allow":["GET"]}}],"collection":[{"href":"https:\/\/www.noxgaming.ca\/fr\/wp-json\/wp\/v2\/product"}],"about":[{"href":"https:\/\/www.noxgaming.ca\/fr\/wp-json\/wp\/v2\/types\/product"}],"wp:featuredmedia":[{"embeddable":true,"href":"https:\/\/www.noxgaming.ca\/fr\/wp-json\/wp\/v2\/media\/5836"}],"wp:attachment":[{"href":"https:\/\/www.noxgaming.ca\/fr\/wp-json\/wp\/v2\/media?parent=5835"}],"wp:term":[{"taxonomy":"product_brand","embeddable":true,"href":"https:\/\/www.noxgaming.ca\/fr\/wp-json\/wp\/v2\/product_brand?post=5835"},{"taxonomy":"product_cat","embeddable":true,"href":"https:\/\/www.noxgaming.ca\/fr\/wp-json\/wp\/v2\/product_cat?post=5835"},{"taxonomy":"product_tag","embeddable":true,"href":"https:\/\/www.noxgaming.ca\/fr\/wp-json\/wp\/v2\/product_tag?post=5835"}],"curies":[{"name":"wp","href":"https:\/\/api.w.org\/{rel}","templated":true}]}}