{"id":5830,"date":"2026-01-21T19:02:42","date_gmt":"2026-01-22T00:02:42","guid":{"rendered":"https:\/\/www.noxgaming.ca\/product\/conspit-quick-release\/"},"modified":"2026-04-17T13:41:01","modified_gmt":"2026-04-17T17:41:01","slug":"conspit-quick-release","status":"publish","type":"product","link":"https:\/\/www.noxgaming.ca\/fr\/product\/conspit-quick-release\/","title":{"rendered":"Conspit CDR Quick Release"},"content":{"rendered":"<p data-start=\"137\" data-end=\"201\">Attache rapide de haute qualit\u00e9 pour les bases de simracing et les volants.<\/p>\n<p data-start=\"203\" data-end=\"546\">Le Conspit CDR Quick Release est con\u00e7u pour assurer une solide connexion m\u00e9canique et \u00e9lectrique entre ta base et ton volant, tout en permettant un changement rapide et facile lorsque tu veux passer d'un volant \u00e0 l'autre. Sa construction robuste et son ajustement pr\u00e9cis assurent une connexion sans jeu, m\u00eame pendant les sessions les plus intenses.<\/p>\n<hr data-start=\"548\" data-end=\"551\" \/>\n<h3 data-start=\"553\" data-end=\"585\">Caract\u00e9ristiques principales<\/h3>\n<ul data-start=\"587\" data-end=\"1169\">\n<li data-start=\"587\" data-end=\"686\">\n<p data-start=\"589\" data-end=\"686\">Le syst\u00e8me de verrouillage rapide permet d'installer ou de retirer les volants en quelques secondes.<\/p>\n<\/li>\n<li data-start=\"687\" data-end=\"753\">\n<p data-start=\"689\" data-end=\"753\">La connexion rigide \u00e9limine le jeu entre la base et le volant d'inertie.<\/p>\n<\/li>\n<li data-start=\"754\" data-end=\"853\">\n<p data-start=\"756\" data-end=\"853\">Transmission stable du signal gr\u00e2ce aux contacts int\u00e9gr\u00e9s r\u00e9sistants aux vibrations.<\/p>\n<\/li>\n<li data-start=\"854\" data-end=\"951\">\n<p data-start=\"856\" data-end=\"951\">Conception en aluminium usin\u00e9 pour une grande durabilit\u00e9 et un assemblage de pr\u00e9cision.<\/p>\n<\/li>\n<li data-start=\"952\" data-end=\"1066\">\n<p data-start=\"954\" data-end=\"1066\">Compatible avec les bases Conspit Ares et de nombreux volants utilisant des centres de 50 millim\u00e8tres.<\/p>\n<\/li>\n<li data-start=\"1067\" data-end=\"1169\">\n<p data-start=\"1069\" data-end=\"1169\">Des adaptateurs peuvent \u00eatre utilis\u00e9s pour le montage sur des volants d'inertie ayant d'autres entraxes.<\/p>\n<\/li>\n<\/ul>\n<hr data-start=\"1171\" data-end=\"1174\" \/>\n<h3 data-start=\"1176\" data-end=\"1205\">Caract\u00e9ristiques techniques<\/h3>\n<ul data-start=\"1207\" data-end=\"1560\">\n<li data-start=\"1207\" data-end=\"1247\">\n<p data-start=\"1209\" data-end=\"1247\">Mat\u00e9riau principal : aluminium usin\u00e9<\/p>\n<\/li>\n<li data-start=\"1248\" data-end=\"1284\">\n<p data-start=\"1250\" data-end=\"1284\">Poids approximatif : 315 grammes<\/p>\n<\/li>\n<li data-start=\"1285\" data-end=\"1334\">\n<p data-start=\"1287\" data-end=\"1334\">Dimensions : environ 81 x 83 x 83 millim\u00e8tres<\/p>\n<\/li>\n<li data-start=\"1335\" data-end=\"1401\">\n<p data-start=\"1337\" data-end=\"1401\">Fixation : trois vis et interface m\u00e9canique PCD de 50 millim\u00e8tres.<\/p>\n<\/li>\n<li data-start=\"1402\" data-end=\"1496\">\n<p data-start=\"1404\" data-end=\"1496\">Compatibilit\u00e9 \u00e9lectrique avec les bases Conspit utilisant des contacts \u00e0 broches pogopines.<\/p>\n<\/li>\n<li data-start=\"1497\" data-end=\"1560\">\n<p data-start=\"1499\" data-end=\"1560\">Adaptateurs disponibles pour la conversion de 50 \u00e0 70 millim\u00e8tres.<\/p>\n<\/li>\n<\/ul>\n<hr data-start=\"1562\" data-end=\"1565\" \/>\n<h3 data-start=\"1567\" data-end=\"1583\">Points forts<\/h3>\n<ul data-start=\"1585\" data-end=\"1885\">\n<li data-start=\"1585\" data-end=\"1634\">\n<p data-start=\"1587\" data-end=\"1634\">Aucun outil n'est n\u00e9cessaire pour changer le volant<\/p>\n<\/li>\n<li data-start=\"1635\" data-end=\"1699\">\n<p data-start=\"1637\" data-end=\"1699\">Aucune perte de rigidit\u00e9, m\u00eame avec un retour de force \u00e9lev\u00e9.<\/p>\n<\/li>\n<li data-start=\"1700\" data-end=\"1761\">\n<p data-start=\"1702\" data-end=\"1761\">Pas de risque d'usure rapide gr\u00e2ce \u00e0 sa conception robuste.<\/p>\n<\/li>\n<li data-start=\"1762\" data-end=\"1806\">\n<p data-start=\"1764\" data-end=\"1806\">Installation simple et entretien minimal<\/p>\n<\/li>\n<li data-start=\"1807\" data-end=\"1885\">\n<p data-start=\"1809\" data-end=\"1885\">Convient aux pilotes qui utilisent plusieurs roues en fonction de la discipline.<\/p>\n<\/li>\n<\/ul>","protected":false},"excerpt":{"rendered":"<p>High-quality quick-release fastener for simracing bases and steering wheels The Conspit CDR Quick Release is designed to provide a solid mechanical and electrical connection between your base and wheel, while allowing quick and easy changeover when you want to switch from one steering wheel to another. Its robust construction and precise fit ensure a play-free [&hellip;]<\/p>\n","protected":false},"featured_media":5831,"template":"","meta":{"_acf_changed":false},"product_brand":[425],"product_cat":[481],"product_tag":[427,428,335,341,343,344],"class_list":{"0":"post-5830","1":"product","2":"type-product","3":"status-publish","4":"has-post-thumbnail","6":"product_brand-conspit","7":"product_cat-sim-racing-accessories","8":"product_tag-conspit","9":"product_tag-quick-release","10":"product_tag-sim-racing","11":"product_tag-sim-racing-accessories","12":"product_tag-steering-wheel-accessories","13":"product_tag-wheelbase-accessories","15":"first","16":"instock","17":"taxable","18":"shipping-taxable","19":"purchasable","20":"product-type-simple"},"acf":[],"_links":{"self":[{"href":"https:\/\/www.noxgaming.ca\/fr\/wp-json\/wp\/v2\/product\/5830","targetHints":{"allow":["GET"]}}],"collection":[{"href":"https:\/\/www.noxgaming.ca\/fr\/wp-json\/wp\/v2\/product"}],"about":[{"href":"https:\/\/www.noxgaming.ca\/fr\/wp-json\/wp\/v2\/types\/product"}],"wp:featuredmedia":[{"embeddable":true,"href":"https:\/\/www.noxgaming.ca\/fr\/wp-json\/wp\/v2\/media\/5831"}],"wp:attachment":[{"href":"https:\/\/www.noxgaming.ca\/fr\/wp-json\/wp\/v2\/media?parent=5830"}],"wp:term":[{"taxonomy":"product_brand","embeddable":true,"href":"https:\/\/www.noxgaming.ca\/fr\/wp-json\/wp\/v2\/product_brand?post=5830"},{"taxonomy":"product_cat","embeddable":true,"href":"https:\/\/www.noxgaming.ca\/fr\/wp-json\/wp\/v2\/product_cat?post=5830"},{"taxonomy":"product_tag","embeddable":true,"href":"https:\/\/www.noxgaming.ca\/fr\/wp-json\/wp\/v2\/product_tag?post=5830"}],"curies":[{"name":"wp","href":"https:\/\/api.w.org\/{rel}","templated":true}]}}