{"id":5818,"date":"2026-01-21T19:03:43","date_gmt":"2026-01-22T00:03:43","guid":{"rendered":"https:\/\/www.noxgaming.ca\/product\/conspit-apex-bundle\/"},"modified":"2026-04-17T13:40:57","modified_gmt":"2026-04-17T17:40:57","slug":"conspit-apex-bundle","status":"publish","type":"product","link":"https:\/\/www.noxgaming.ca\/fr\/product\/conspit-apex-bundle\/","title":{"rendered":"Ensemble Conspit Apex | Base Ares Apex 8Nm, volant Apex 310, p\u00e9dales CPP Apex, Quick Release Conspit CDR"},"content":{"rendered":"<p data-start=\"242\" data-end=\"676\">L'ensemble Conspit APEX combine trois composants cl\u00e9s de la gamme CONSPIT dans un ensemble parfaitement int\u00e9gr\u00e9 : la base \u00e0 entra\u00eenement direct. <span class=\"entity-underline hover:entity-accent inline cursor-pointer align-baseline\"><span class=\"whitespace-normal\">Conspit Ares Apex 8Nm<\/span><\/span>base, le <span class=\"entity-underline hover:entity-accent inline cursor-pointer align-baseline\"><span class=\"whitespace-normal\">Volant Conspit 310 APEX<\/span><\/span> et l'hydraulique <span class=\"entity-underline hover:entity-accent inline cursor-pointer align-baseline\"><span class=\"whitespace-normal\">P\u00e9dales Conspit CPP APEX<\/span><\/span>. Ce bundle offre tout ce dont tu as besoin pour \u00e9quiper un cockpit PC complet, avec du mat\u00e9riel coh\u00e9rent, optimis\u00e9 et compatible d\u00e8s la sortie de la bo\u00eete.<\/p>\n<hr data-start=\"678\" data-end=\"681\" \/>\n<h2 data-start=\"683\" data-end=\"725\">Les composants et leurs caract\u00e9ristiques<\/h2>\n<h2 data-start=\"707\" data-end=\"739\">Base Conspit Ares Apex 8 Nm<\/h2>\n<p data-start=\"740\" data-end=\"875\">La base du volant Conspit Ares Apex 8 Nm est une base compacte et robuste con\u00e7ue pour fournir un retour de force doux et pr\u00e9cis.<br data-start=\"846\" data-end=\"849\" \/>Informations cl\u00e9s<\/p>\n<ul data-start=\"876\" data-end=\"1604\">\n<li data-start=\"876\" data-end=\"956\">\n<p data-start=\"878\" data-end=\"956\">Couple maximal de 8 Nm, parfait pour un retour de force immersif sans exc\u00e8s.<\/p>\n<\/li>\n<li data-start=\"957\" data-end=\"1086\">\n<p data-start=\"959\" data-end=\"1086\">Moteur \u00e0 entra\u00eenement direct \u00e0 p\u00f4les obliques con\u00e7u pour r\u00e9duire les vibrations, am\u00e9liorer la fluidit\u00e9 et offrir une r\u00e9ponse stable.<\/p>\n<\/li>\n<li data-start=\"1087\" data-end=\"1212\">\n<p data-start=\"1089\" data-end=\"1212\">L'encodeur magn\u00e9tique 21 bits haute r\u00e9solution capture les mouvements du volant avec une grande pr\u00e9cision.<\/p>\n<\/li>\n<li data-start=\"1213\" data-end=\"1324\">\n<p data-start=\"1215\" data-end=\"1324\">Bo\u00eetier robuste en aluminium pesant environ 5,9 kg, facile \u00e0 installer sur un poste de pilotage ou un bureau.<\/p>\n<\/li>\n<li data-start=\"1325\" data-end=\"1421\">\n<p data-start=\"1327\" data-end=\"1421\">Syst\u00e8me CDR \u00e0 d\u00e9gagement rapide inclus pour une installation et un retrait rapides et sans jeu du volant.<\/p>\n<\/li>\n<li data-start=\"1422\" data-end=\"1474\">\n<p data-start=\"1424\" data-end=\"1474\">Connexion USB 3.0 et compatibilit\u00e9 avec les PC (Windows).<\/p>\n<\/li>\n<li data-start=\"1475\" data-end=\"1604\">\n<p data-start=\"1477\" data-end=\"1604\">Param\u00e8tres complets via le logiciel Conspit Link 2.0 pour ajuster le comportement du retour de force \u00e0 ton style de conduite.<\/p>\n<\/li>\n<\/ul>\n<p data-start=\"1606\" data-end=\"1820\">Cette base est un excellent point d'entr\u00e9e dans le monde de la transmission directe. Elle offre un sens clair du transfert de poids, une bonne lecture de la piste et une r\u00e9activit\u00e9 tr\u00e8s d\u00e9cente pour sa cat\u00e9gorie.<\/p>\n<hr data-start=\"1822\" data-end=\"1825\" \/>\n<h2 data-start=\"1827\" data-end=\"1855\">Volant Conspit 310 Apex<\/h2>\n<p data-start=\"1856\" data-end=\"2006\">Le 310 Apex est un volant complet, solide et polyvalent, con\u00e7u pour s'adapter \u00e0 un large \u00e9ventail de disciplines virtuelles.<br data-start=\"1977\" data-end=\"1980\" \/>Informations cl\u00e9s<\/p>\n<ul data-start=\"2007\" data-end=\"2652\">\n<li data-start=\"2007\" data-end=\"2093\">\n<p data-start=\"2009\" data-end=\"2093\">Diam\u00e8tre de 310 mm, format polyvalent adapt\u00e9 aux courses GT, de tourisme, de rallye et d'endurance.<\/p>\n<\/li>\n<li data-start=\"2094\" data-end=\"2173\">\n<p data-start=\"2096\" data-end=\"2173\">Structure centrale en aluminium avec poign\u00e9es ergonomiques et confortables.<\/p>\n<\/li>\n<li data-start=\"2174\" data-end=\"2297\">\n<p data-start=\"2176\" data-end=\"2297\">\u00c9cran LCD int\u00e9gr\u00e9 de 2,99\u2033 affichant la t\u00e9l\u00e9m\u00e9trie, le r\u00e9gime moteur, les donn\u00e9es de la session et les informations du simulateur.<\/p>\n<\/li>\n<li data-start=\"2298\" data-end=\"2392\">\n<p data-start=\"2300\" data-end=\"2392\">Jusqu'\u00e0 104 entr\u00e9es programmables comprenant des boutons, des encodeurs, des interrupteurs et des palettes.<\/p>\n<\/li>\n<li data-start=\"2393\" data-end=\"2508\">\n<p data-start=\"2395\" data-end=\"2508\">Palettes de changement de vitesse silencieuses \u00e0 d\u00e9tection magn\u00e9tique et palettes d'embrayage configurables.<\/p>\n<\/li>\n<li data-start=\"2509\" data-end=\"2576\">\n<p data-start=\"2511\" data-end=\"2576\">Boutons r\u00e9tro\u00e9clair\u00e9s pour faciliter le rep\u00e9rage en cours de route.<\/p>\n<\/li>\n<li data-start=\"2577\" data-end=\"2652\">\n<p data-start=\"2579\" data-end=\"2652\">Compatible avec la fixation rapide CDR pour un montage solide et sans flexion.<\/p>\n<\/li>\n<\/ul>\n<p data-start=\"2654\" data-end=\"2833\">Le 310 Apex offre une ergonomie moderne, un bon confort et une profondeur de configuration appr\u00e9ci\u00e9e par les conducteurs qui aiment r\u00e9gler leur volant en fonction de chaque voiture ou discipline.<\/p>\n<hr data-start=\"2835\" data-end=\"2838\" \/>\n<h2 data-start=\"2840\" data-end=\"2870\">P\u00e9dales Conspit CPP Apex<\/h2>\n<p data-start=\"2871\" data-end=\"3027\">Le CPP Apex est un jeu de p\u00e9dales con\u00e7u pour donner une sensation plus proche de celle d'une vraie voiture, notamment lors du freinage.<br data-start=\"2998\" data-end=\"3001\" \/>Informations cl\u00e9s<\/p>\n<ul data-start=\"3028\" data-end=\"3629\">\n<li data-start=\"3028\" data-end=\"3092\">\n<p data-start=\"3030\" data-end=\"3092\">Construction en aluminium usin\u00e9 CNC, tr\u00e8s solide et durable.<\/p>\n<\/li>\n<li data-start=\"3093\" data-end=\"3254\">\n<p data-start=\"3095\" data-end=\"3254\">Frein \u00e9quip\u00e9 d'une cellule de charge capable de supporter jusqu'\u00e0 100 kg de pression, pour reproduire un v\u00e9ritable freinage par pression plut\u00f4t qu'un freinage par course.<\/p>\n<\/li>\n<li data-start=\"3255\" data-end=\"3404\">\n<p data-start=\"3257\" data-end=\"3404\">R\u00e9glage complet de la tension du ressort, de l'angle de la p\u00e9dale et de la course, pour que tu puisses adapter la course \u00e0 ton style de conduite.<\/p>\n<\/li>\n<li data-start=\"3405\" data-end=\"3522\">\n<p data-start=\"3407\" data-end=\"3522\">Sensation progressive et stable, id\u00e9ale pour le contr\u00f4le des virages ou les situations o\u00f9 la pr\u00e9cision est cruciale.<\/p>\n<\/li>\n<li data-start=\"3523\" data-end=\"3629\">\n<p data-start=\"3525\" data-end=\"3629\">Compatible avec l'\u00e9cosyst\u00e8me APEX, cr\u00e9ant une coh\u00e9rence dans la r\u00e9troaction combin\u00e9e du volant et des p\u00e9dales.<\/p>\n<\/li>\n<\/ul>\n<p data-start=\"3631\" data-end=\"3794\">Ce jeu de p\u00e9dales am\u00e9liore la coh\u00e9rence, la pr\u00e9cision et la qualit\u00e9 du freinage, ce qui se refl\u00e8te imm\u00e9diatement dans les temps au tour et la confiance en soi.<\/p>","protected":false},"excerpt":{"rendered":"<p>The Conspit APEX Bundle combines three key components from the CONSPIT range in a perfectly integrated package: the Direct Drive base Conspit Ares Apex 8Nmbase, the Conspit 310 APEX Steering Wheel and the hydraulic Conspit CPP APEX Pedals. This bundle offers everything you need to equip a complete PC cockpit, with consistent, optimized and compatible [&hellip;]<\/p>\n","protected":false},"featured_media":5819,"template":"","meta":{"_acf_changed":false},"product_brand":[425],"product_cat":[479],"product_tag":[426,374,427,408,335,407,376],"class_list":{"0":"post-5818","1":"product","2":"type-product","3":"status-publish","4":"has-post-thumbnail","6":"product_brand-conspit","7":"product_cat-sim-racing-bundles","8":"product_tag-ares","9":"product_tag-bundles","10":"product_tag-conspit","11":"product_tag-pedal-bundles","12":"product_tag-sim-racing","13":"product_tag-steering-wheel-bundle","14":"product_tag-wheelbases-bundle","16":"first","17":"instock","18":"taxable","19":"shipping-taxable","20":"purchasable","21":"product-type-simple"},"acf":[],"_links":{"self":[{"href":"https:\/\/www.noxgaming.ca\/fr\/wp-json\/wp\/v2\/product\/5818","targetHints":{"allow":["GET"]}}],"collection":[{"href":"https:\/\/www.noxgaming.ca\/fr\/wp-json\/wp\/v2\/product"}],"about":[{"href":"https:\/\/www.noxgaming.ca\/fr\/wp-json\/wp\/v2\/types\/product"}],"wp:featuredmedia":[{"embeddable":true,"href":"https:\/\/www.noxgaming.ca\/fr\/wp-json\/wp\/v2\/media\/5819"}],"wp:attachment":[{"href":"https:\/\/www.noxgaming.ca\/fr\/wp-json\/wp\/v2\/media?parent=5818"}],"wp:term":[{"taxonomy":"product_brand","embeddable":true,"href":"https:\/\/www.noxgaming.ca\/fr\/wp-json\/wp\/v2\/product_brand?post=5818"},{"taxonomy":"product_cat","embeddable":true,"href":"https:\/\/www.noxgaming.ca\/fr\/wp-json\/wp\/v2\/product_cat?post=5818"},{"taxonomy":"product_tag","embeddable":true,"href":"https:\/\/www.noxgaming.ca\/fr\/wp-json\/wp\/v2\/product_tag?post=5818"}],"curies":[{"name":"wp","href":"https:\/\/api.w.org\/{rel}","templated":true}]}}