{"id":5766,"date":"2025-11-17T21:05:02","date_gmt":"2025-11-18T02:05:02","guid":{"rendered":"https:\/\/www.noxgaming.ca\/product\/simagic-c-p1000-clutch\/"},"modified":"2026-04-17T13:41:41","modified_gmt":"2026-04-17T17:41:41","slug":"simagic-c-p1000-clutch","status":"publish","type":"product","link":"https:\/\/www.noxgaming.ca\/fr\/product\/simagic-c-p1000-clutch\/","title":{"rendered":"SIMAGIC P1000 p\u00e9dale d'embrayage"},"content":{"rendered":"<p data-start=\"301\" data-end=\"798\">Ajoute un embrayage de qualit\u00e9 professionnelle \u00e0 ton ensemble de p\u00e9dales modulaires P1000. Cette option est con\u00e7ue pour s'int\u00e9grer parfaitement \u00e0 un kit de 2 p\u00e9dales P1000-F, \u00e0 une version invers\u00e9e P1000i, ou pour remplacer la p\u00e9dale d'embrayage d'origine de ton ensemble P1000. Fabriqu\u00e9e selon les m\u00eames normes \u00e9lev\u00e9es que la s\u00e9rie P1000, elle offre une int\u00e9gration sans compromis, une grande fiabilit\u00e9 et une sensation de r\u00e9alisme digne des cockpits haut de gamme. <br data-start=\"759\" data-end=\"762\" \/><strong data-start=\"762\" data-end=\"796\">Caract\u00e9ristiques principales :<\/strong><\/p>\n<ul data-start=\"799\" data-end=\"1358\">\n<li data-start=\"799\" data-end=\"915\">\n<p data-start=\"801\" data-end=\"915\">Construction robuste et haut de gamme avec de l'aluminium usin\u00e9 et une finition soign\u00e9e.<\/p>\n<\/li>\n<li data-start=\"916\" data-end=\"1070\">\n<p data-start=\"918\" data-end=\"1070\">Compatibilit\u00e9 directe avec les ensembles P1000, P1000-F et P1000i pour une configuration compl\u00e8te \u00e0 trois p\u00e9dales.<\/p>\n<\/li>\n<li data-start=\"1071\" data-end=\"1223\">\n<p data-start=\"1073\" data-end=\"1223\">Sensation d'embrayage r\u00e9aliste et modulable, parfaitement ajustable \u00e0 ton style de conduite : rallye, GT ou open-wheel.<\/p>\n<\/li>\n<li data-start=\"1224\" data-end=\"1358\">\n<p data-start=\"1226\" data-end=\"1358\">Installation rapide et facile gr\u00e2ce aux vis et aux instructions incluses.<\/p>\n<\/li>\n<\/ul>\n<p data-start=\"1360\" data-end=\"1395\"><strong data-start=\"1360\" data-end=\"1393\">Compatibilit\u00e9 et utilisation :<\/strong><\/p>\n<ul data-start=\"1396\" data-end=\"1724\">\n<li data-start=\"1396\" data-end=\"1498\">\n<p data-start=\"1398\" data-end=\"1498\">Compatible avec tous les ensembles modulaires P1000 (y compris P1000-F \u00e0 2 p\u00e9dales, P1000i invers\u00e9).<\/p>\n<\/li>\n<li data-start=\"1499\" data-end=\"1636\">\n<p data-start=\"1501\" data-end=\"1636\">Permet de passer \u00e0 une configuration \u00e0 trois p\u00e9dales (p\u00e9dale d'acc\u00e9l\u00e9rateur, frein, embrayage) ou simplement d'ajouter ou de remplacer l'embrayage.<\/p>\n<\/li>\n<li data-start=\"1637\" data-end=\"1724\">\n<p data-start=\"1639\" data-end=\"1724\">Id\u00e9al pour ceux qui cherchent \u00e0 am\u00e9liorer le r\u00e9alisme de leurs simulateurs de course.<\/p>\n<\/li>\n<\/ul>","protected":false},"excerpt":{"rendered":"<p>Add a professional-quality clutch to your P1000 modular pedal set. This option is designed to integrate perfectly with a P1000-F 2-pedal kit, a P1000i inverted version, or to replace the original clutch pedal in your P1000 set. Manufactured to the same high standards as the P1000 series, it offers uncompromising integration, great reliability and a [&hellip;]<\/p>\n","protected":false},"featured_media":5767,"template":"","meta":{"_acf_changed":false},"product_brand":[334],"product_cat":[477,481],"product_tag":[340,335,341,336],"class_list":{"0":"post-5766","1":"product","2":"type-product","3":"status-publish","4":"has-post-thumbnail","6":"product_brand-simagic","7":"product_cat-pedals-en","8":"product_cat-sim-racing-accessories","9":"product_tag-pedal-accessories","10":"product_tag-sim-racing","11":"product_tag-sim-racing-accessories","12":"product_tag-simagic","14":"first","15":"onbackorder","16":"taxable","17":"shipping-taxable","18":"purchasable","19":"product-type-simple"},"acf":[],"_links":{"self":[{"href":"https:\/\/www.noxgaming.ca\/fr\/wp-json\/wp\/v2\/product\/5766","targetHints":{"allow":["GET"]}}],"collection":[{"href":"https:\/\/www.noxgaming.ca\/fr\/wp-json\/wp\/v2\/product"}],"about":[{"href":"https:\/\/www.noxgaming.ca\/fr\/wp-json\/wp\/v2\/types\/product"}],"wp:featuredmedia":[{"embeddable":true,"href":"https:\/\/www.noxgaming.ca\/fr\/wp-json\/wp\/v2\/media\/5767"}],"wp:attachment":[{"href":"https:\/\/www.noxgaming.ca\/fr\/wp-json\/wp\/v2\/media?parent=5766"}],"wp:term":[{"taxonomy":"product_brand","embeddable":true,"href":"https:\/\/www.noxgaming.ca\/fr\/wp-json\/wp\/v2\/product_brand?post=5766"},{"taxonomy":"product_cat","embeddable":true,"href":"https:\/\/www.noxgaming.ca\/fr\/wp-json\/wp\/v2\/product_cat?post=5766"},{"taxonomy":"product_tag","embeddable":true,"href":"https:\/\/www.noxgaming.ca\/fr\/wp-json\/wp\/v2\/product_tag?post=5766"}],"curies":[{"name":"wp","href":"https:\/\/api.w.org\/{rel}","templated":true}]}}