{"id":5759,"date":"2025-11-17T17:33:31","date_gmt":"2025-11-17T22:33:31","guid":{"rendered":"https:\/\/www.noxgaming.ca\/product\/simnet-clutch-throttle-springs\/"},"modified":"2026-04-17T13:41:51","modified_gmt":"2026-04-17T17:41:51","slug":"simnet-clutch-throttle-springs","status":"publish","type":"product","link":"https:\/\/www.noxgaming.ca\/fr\/product\/simnet-clutch-throttle-springs\/","title":{"rendered":"SIMNET Ressorts d'acc\u00e9l\u00e9rateur et d'embrayage"},"content":{"rendered":"<p>Am\u00e9liore la pr\u00e9cision et la sensation de tes p\u00e9dales SIMNET avec ce jeu de ressorts de p\u00e9dale d'acc\u00e9l\u00e9rateur et d'embrayage. Con\u00e7us sp\u00e9cifiquement pour les p\u00e9dales SIMNET SP Pro Loadcell, ces ressorts te permettent d'ajuster la r\u00e9sistance et la r\u00e9activit\u00e9 de tes p\u00e9dales pour un contr\u00f4le plus naturel et immersif. Installation rapide, mat\u00e9riaux durables et compatibilit\u00e9 parfaite : une mise \u00e0 niveau simple qui fait une vraie diff\u00e9rence.  <\/p>\n<ul>\n<li data-start=\"615\" data-end=\"708\">\n<p data-start=\"617\" data-end=\"708\"><strong data-start=\"617\" data-end=\"639\">Sensation de r\u00e9glage<\/strong>: Modifie la r\u00e9sistance de la p\u00e9dale pour une sensation plus r\u00e9aliste.<\/p>\n<\/li>\n<li data-start=\"709\" data-end=\"787\">\n<p data-start=\"711\" data-end=\"787\"><strong data-start=\"711\" data-end=\"733\">Mat\u00e9riaux robustes<\/strong>: Robuste et durable m\u00eame en cas d'utilisation intensive.<\/p>\n<\/li>\n<li data-start=\"788\" data-end=\"881\">\n<p data-start=\"790\" data-end=\"881\"><strong data-start=\"790\" data-end=\"813\">Installation facile<\/strong>: changement rapide pour ajuster ta configuration en quelques minutes.<\/p>\n<\/li>\n<li data-start=\"882\" data-end=\"972\">\n<p data-start=\"884\" data-end=\"972\"><strong data-start=\"884\" data-end=\"908\">Compatibilit\u00e9 totale<\/strong>: con\u00e7u pour les p\u00e9dales SIMNET (p\u00e9dale d'acc\u00e9l\u00e9rateur et d'embrayage).<\/p>\n<\/li>\n<\/ul>\n<p>Pour les jeux de p\u00e9dales SimNet (acc\u00e9l\u00e9rateur et embrayage)<\/p>","protected":false},"excerpt":{"rendered":"<p>Improve the precision and feel of your SIMNET pedals with this set of gas pedal and clutch springs. Designed specifically for SIMNET SP Pro Loadcell pedals, these springs let you adjust the resistance and responsiveness of your pedals for more natural, immersive control. Quick installation, durable materials and perfect compatibility: a simple upgrade that makes [&hellip;]<\/p>\n","protected":false},"featured_media":5760,"template":"","meta":{"_acf_changed":false},"product_brand":[409],"product_cat":[481],"product_tag":[340,335,341,410],"class_list":{"0":"post-5759","1":"product","2":"type-product","3":"status-publish","4":"has-post-thumbnail","6":"product_brand-simnet","7":"product_cat-sim-racing-accessories","8":"product_tag-pedal-accessories","9":"product_tag-sim-racing","10":"product_tag-sim-racing-accessories","11":"product_tag-simnet","13":"first","14":"instock","15":"taxable","16":"shipping-taxable","17":"purchasable","18":"product-type-simple"},"acf":[],"_links":{"self":[{"href":"https:\/\/www.noxgaming.ca\/fr\/wp-json\/wp\/v2\/product\/5759","targetHints":{"allow":["GET"]}}],"collection":[{"href":"https:\/\/www.noxgaming.ca\/fr\/wp-json\/wp\/v2\/product"}],"about":[{"href":"https:\/\/www.noxgaming.ca\/fr\/wp-json\/wp\/v2\/types\/product"}],"wp:featuredmedia":[{"embeddable":true,"href":"https:\/\/www.noxgaming.ca\/fr\/wp-json\/wp\/v2\/media\/5760"}],"wp:attachment":[{"href":"https:\/\/www.noxgaming.ca\/fr\/wp-json\/wp\/v2\/media?parent=5759"}],"wp:term":[{"taxonomy":"product_brand","embeddable":true,"href":"https:\/\/www.noxgaming.ca\/fr\/wp-json\/wp\/v2\/product_brand?post=5759"},{"taxonomy":"product_cat","embeddable":true,"href":"https:\/\/www.noxgaming.ca\/fr\/wp-json\/wp\/v2\/product_cat?post=5759"},{"taxonomy":"product_tag","embeddable":true,"href":"https:\/\/www.noxgaming.ca\/fr\/wp-json\/wp\/v2\/product_tag?post=5759"}],"curies":[{"name":"wp","href":"https:\/\/api.w.org\/{rel}","templated":true}]}}