{"id":5756,"date":"2025-11-17T17:33:15","date_gmt":"2025-11-17T22:33:15","guid":{"rendered":"https:\/\/www.noxgaming.ca\/product\/simnet-faceplate-kit-for-sp-pro-pedals\/"},"modified":"2026-04-17T13:41:54","modified_gmt":"2026-04-17T17:41:54","slug":"simnet-faceplate-kit-for-sp-pro-pedals","status":"publish","type":"product","link":"https:\/\/www.noxgaming.ca\/fr\/product\/simnet-faceplate-kit-for-sp-pro-pedals\/","title":{"rendered":"Kit SIMNET FacePlate pour les p\u00e9dales SP PRO"},"content":{"rendered":"<p>Personnalise tes p\u00e9dales SIMNET avec cet ensemble de plastrons con\u00e7us pour offrir \u00e0 la fois style, durabilit\u00e9 et performance. Fabriqu\u00e9s \u00e0 partir de mat\u00e9riaux robustes et parfaitement coup\u00e9s, ils garantissent un contr\u00f4le pr\u00e9cis et une finition professionnelle, m\u00eame pendant les sessions les plus intenses.<\/p>\n<ul>\n<li data-start=\"496\" data-end=\"624\">\n<p data-start=\"498\" data-end=\"624\"><strong data-start=\"498\" data-end=\"519\">Ajustement pr\u00e9cis<\/strong>: sp\u00e9cialement con\u00e7u pour les p\u00e9daliers SIMNET avec une coupe et un per\u00e7age parfaitement align\u00e9s.<\/p>\n<\/li>\n<li data-start=\"625\" data-end=\"732\">\n<p data-start=\"627\" data-end=\"732\"><strong data-start=\"627\" data-end=\"649\">Mat\u00e9riaux durables<\/strong>: r\u00e9sistent facilement \u00e0 une utilisation prolong\u00e9e et \u00e0 une forte pression de freinage.<\/p>\n<\/li>\n<li data-start=\"733\" data-end=\"821\">\n<p data-start=\"735\" data-end=\"821\"><strong data-start=\"735\" data-end=\"758\">Installation simple<\/strong>Le montage est rapide et propre gr\u00e2ce aux vis fournies.<\/p>\n<\/li>\n<\/ul>\n<p>&nbsp;<\/p>\n<p>Dimensions :<\/p>\n<ul>\n<li data-start=\"843\" data-end=\"878\">\n<p data-start=\"845\" data-end=\"878\"><strong data-start=\"845\" data-end=\"862\">Petite assiette<\/strong>: 70 \u00d7 105 mm<\/p>\n<\/li>\n<li data-start=\"879\" data-end=\"915\">\n<p data-start=\"881\" data-end=\"915\"><strong data-start=\"881\" data-end=\"899\">Assiette moyenne<\/strong>: 95 \u00d7 105 mm<\/p>\n<\/li>\n<li data-start=\"916\" data-end=\"983\">\n<p data-start=\"918\" data-end=\"983\"><strong data-start=\"918\" data-end=\"935\">Grande assiette<\/strong>: 78 \u00d7 220 mm (65 mm en haut)<\/p>\n<\/li>\n<\/ul>\n<p>Compatible avec toutes les p\u00e9dales SIMNET (p\u00e9dale d'acc\u00e9l\u00e9rateur, de frein et d'embrayage)<\/p>","protected":false},"excerpt":{"rendered":"<p>Personalize your SIMNET pedas with this set of faceplates designed to offer style, durability and performance in equal measure. Made from robust materials and perfectly cut, they ensure precise control and a professional finish, even during the most intense sessions. Precise fit: specially designed for SIMNET pedal sets with perfectly aligned cutting and drilling. Durable [&hellip;]<\/p>\n","protected":false},"featured_media":5757,"template":"","meta":{"_acf_changed":false},"product_brand":[409],"product_cat":[481],"product_tag":[340,335,341,410],"class_list":{"0":"post-5756","1":"product","2":"type-product","3":"status-publish","4":"has-post-thumbnail","6":"product_brand-simnet","7":"product_cat-sim-racing-accessories","8":"product_tag-pedal-accessories","9":"product_tag-sim-racing","10":"product_tag-sim-racing-accessories","11":"product_tag-simnet","13":"first","14":"instock","15":"taxable","16":"shipping-taxable","17":"purchasable","18":"product-type-simple"},"acf":[],"_links":{"self":[{"href":"https:\/\/www.noxgaming.ca\/fr\/wp-json\/wp\/v2\/product\/5756","targetHints":{"allow":["GET"]}}],"collection":[{"href":"https:\/\/www.noxgaming.ca\/fr\/wp-json\/wp\/v2\/product"}],"about":[{"href":"https:\/\/www.noxgaming.ca\/fr\/wp-json\/wp\/v2\/types\/product"}],"wp:featuredmedia":[{"embeddable":true,"href":"https:\/\/www.noxgaming.ca\/fr\/wp-json\/wp\/v2\/media\/5757"}],"wp:attachment":[{"href":"https:\/\/www.noxgaming.ca\/fr\/wp-json\/wp\/v2\/media?parent=5756"}],"wp:term":[{"taxonomy":"product_brand","embeddable":true,"href":"https:\/\/www.noxgaming.ca\/fr\/wp-json\/wp\/v2\/product_brand?post=5756"},{"taxonomy":"product_cat","embeddable":true,"href":"https:\/\/www.noxgaming.ca\/fr\/wp-json\/wp\/v2\/product_cat?post=5756"},{"taxonomy":"product_tag","embeddable":true,"href":"https:\/\/www.noxgaming.ca\/fr\/wp-json\/wp\/v2\/product_tag?post=5756"}],"curies":[{"name":"wp","href":"https:\/\/api.w.org\/{rel}","templated":true}]}}