{"id":5650,"date":"2025-11-17T17:34:19","date_gmt":"2025-11-17T22:34:19","guid":{"rendered":"https:\/\/www.noxgaming.ca\/product\/simnet-shb-100\/"},"modified":"2026-04-17T13:41:41","modified_gmt":"2026-04-17T17:41:41","slug":"simnet-shb-100","status":"publish","type":"product","link":"https:\/\/www.noxgaming.ca\/fr\/product\/simnet-shb-100\/","title":{"rendered":"SIMNET SHB-100 frein \u00e0 main avec loadcell"},"content":{"rendered":"<p>Frein \u00e0 main SHB-100 de SIMNET, avec une cellule de charge de 100 kg et des possibilit\u00e9s de r\u00e9glage avanc\u00e9es pour tous les modes et styles de conduite de SimRacing. Compatible avec le prochain module hydraulique de SIMNET.<\/p>","protected":false},"excerpt":{"rendered":"<p>Frein \u00e0 main SHB-100 de SIMNET, avec une cellule de charge de 100 kg et des possibilit\u00e9s de r\u00e9glage avanc\u00e9es pour tous les modes et styles de conduite de SimRacing. Compatible avec le prochain module hydraulique de SIMNET.<\/p>","protected":false},"featured_media":5651,"template":"","meta":{"_acf_changed":false},"product_brand":[409],"product_cat":[489],"product_tag":[345,335,341,410],"class_list":{"0":"post-5650","1":"product","2":"type-product","3":"status-publish","4":"has-post-thumbnail","6":"product_brand-simnet","7":"product_cat-gear-and-brake-levers","8":"product_tag-gear-and-brake-levers","9":"product_tag-sim-racing","10":"product_tag-sim-racing-accessories","11":"product_tag-simnet","13":"first","14":"instock","15":"taxable","16":"shipping-taxable","17":"purchasable","18":"product-type-simple"},"acf":[],"_links":{"self":[{"href":"https:\/\/www.noxgaming.ca\/fr\/wp-json\/wp\/v2\/product\/5650","targetHints":{"allow":["GET"]}}],"collection":[{"href":"https:\/\/www.noxgaming.ca\/fr\/wp-json\/wp\/v2\/product"}],"about":[{"href":"https:\/\/www.noxgaming.ca\/fr\/wp-json\/wp\/v2\/types\/product"}],"wp:featuredmedia":[{"embeddable":true,"href":"https:\/\/www.noxgaming.ca\/fr\/wp-json\/wp\/v2\/media\/5651"}],"wp:attachment":[{"href":"https:\/\/www.noxgaming.ca\/fr\/wp-json\/wp\/v2\/media?parent=5650"}],"wp:term":[{"taxonomy":"product_brand","embeddable":true,"href":"https:\/\/www.noxgaming.ca\/fr\/wp-json\/wp\/v2\/product_brand?post=5650"},{"taxonomy":"product_cat","embeddable":true,"href":"https:\/\/www.noxgaming.ca\/fr\/wp-json\/wp\/v2\/product_cat?post=5650"},{"taxonomy":"product_tag","embeddable":true,"href":"https:\/\/www.noxgaming.ca\/fr\/wp-json\/wp\/v2\/product_tag?post=5650"}],"curies":[{"name":"wp","href":"https:\/\/api.w.org\/{rel}","templated":true}]}}