{"id":5620,"date":"2025-10-27T17:53:52","date_gmt":"2025-10-27T21:53:52","guid":{"rendered":"https:\/\/www.noxgaming.ca\/product\/flare-gaming-pc\/"},"modified":"2026-04-17T13:41:59","modified_gmt":"2026-04-17T17:41:59","slug":"flare-gaming-pc","status":"publish","type":"product","link":"https:\/\/www.noxgaming.ca\/fr\/product\/flare-gaming-pc\/","title":{"rendered":"NOX Gaming FLARE Gaming PC (Ryzen 5 7600X3D - 32GB RAM - RTX 5060 Ti 16GB DDR5)"},"content":{"rendered":"<p>Nos PC de jeu pr\u00e9configur\u00e9s sont enti\u00e8rement assembl\u00e9s, configur\u00e9s et pr\u00eats \u00e0 jouer :<\/p>\n<ul>\n<li>Windows install\u00e9 et \u00e0 jour<\/li>\n<li>Windows l\u00e9galement activ\u00e9<\/li>\n<li>Pilotes install\u00e9s et \u00e0 jour<\/li>\n<li>Protection Microsoft BitDefender install\u00e9e<\/li>\n<li>Test\u00e9 et mis \u00e0 l'\u00e9preuve<\/li>\n<li>Assistance \u00e0 distance<\/li>\n<\/ul>","protected":false},"excerpt":{"rendered":"<p>GARANTIE DE 3 ANS<\/p>\n<p>Profite de cette machine de guerre qui t'aidera \u00e0 \u00e9craser tes ennemis ! Avec cet atout \u00e0 tes c\u00f4t\u00e9s, tu pourras d\u00e9truire tout ce qui bouge et battre le jeu en un claquement de doigts !<\/p>\n<p>Excellente machine pour les jeux 1080P et 2K \u00e0 des centaines de FPS !<\/p>\n<p>Les machines sont enti\u00e8rement assembl\u00e9es, configur\u00e9es et pr\u00eates \u00e0 jouer :<\/p>\n<ul>\n<li>Windows install\u00e9 et \u00e0 jour<\/li>\n<li>Windows l\u00e9galement activ\u00e9<\/li>\n<li>Pilotes install\u00e9s et \u00e0 jour<\/li>\n<li>Protection Microsoft BitDefender install\u00e9e<\/li>\n<li>Test\u00e9 et mis \u00e0 l'\u00e9preuve<\/li>\n<li>Assistance \u00e0 distance<\/li>\n<\/ul>","protected":false},"featured_media":5621,"template":"","meta":{"_acf_changed":false},"product_brand":[313],"product_cat":[455],"product_tag":[316,317,318,541,319],"class_list":{"0":"post-5620","1":"product","2":"type-product","3":"status-publish","4":"has-post-thumbnail","6":"product_brand-nox-gaming","7":"product_cat-gaming-pc","8":"product_tag-nbf25","9":"product_tag-nox-gaming","10":"product_tag-pcs","11":"product_tag-preconfigured","12":"product_tag-tagbf25","14":"first","15":"instock","16":"sale","17":"taxable","18":"shipping-taxable","19":"purchasable","20":"product-type-composite"},"acf":[],"_links":{"self":[{"href":"https:\/\/www.noxgaming.ca\/fr\/wp-json\/wp\/v2\/product\/5620","targetHints":{"allow":["GET"]}}],"collection":[{"href":"https:\/\/www.noxgaming.ca\/fr\/wp-json\/wp\/v2\/product"}],"about":[{"href":"https:\/\/www.noxgaming.ca\/fr\/wp-json\/wp\/v2\/types\/product"}],"wp:featuredmedia":[{"embeddable":true,"href":"https:\/\/www.noxgaming.ca\/fr\/wp-json\/wp\/v2\/media\/5621"}],"wp:attachment":[{"href":"https:\/\/www.noxgaming.ca\/fr\/wp-json\/wp\/v2\/media?parent=5620"}],"wp:term":[{"taxonomy":"product_brand","embeddable":true,"href":"https:\/\/www.noxgaming.ca\/fr\/wp-json\/wp\/v2\/product_brand?post=5620"},{"taxonomy":"product_cat","embeddable":true,"href":"https:\/\/www.noxgaming.ca\/fr\/wp-json\/wp\/v2\/product_cat?post=5620"},{"taxonomy":"product_tag","embeddable":true,"href":"https:\/\/www.noxgaming.ca\/fr\/wp-json\/wp\/v2\/product_tag?post=5620"}],"curies":[{"name":"wp","href":"https:\/\/api.w.org\/{rel}","templated":true}]}}