{"id":5582,"date":"2025-10-17T17:48:47","date_gmt":"2025-10-17T21:48:47","guid":{"rendered":"https:\/\/www.noxgaming.ca\/product\/en-stock-pc-gaming-hybride-ryzen-5-5600g-32gb-ram-rtx-4060-8gb\/"},"modified":"2026-04-17T13:42:01","modified_gmt":"2026-04-17T17:42:01","slug":"en-stock-pc-gaming-hybride-ryzen-5-5600g-32gb-ram-rtx-4060-8gb","status":"publish","type":"product","link":"https:\/\/www.noxgaming.ca\/fr\/product\/en-stock-pc-gaming-hybride-ryzen-5-5600g-32gb-ram-rtx-4060-8gb\/","title":{"rendered":"EN STOCK - HYBRID GAMING PC (Ryzen 5 5600G - 32GB RAM - RTX 4060 8GB)"},"content":{"rendered":"","protected":false},"excerpt":{"rendered":"<p>1 AN DE GARANTIE<\/p>\n<p>Offre-toi une performance sans compromis en mati\u00e8re de qualit\u00e9 de jeu ! Cet ordinateur remis \u00e0 neuf est \u00e9quip\u00e9 d'un <strong data-start=\"249\" data-end=\"292\">Carte graphique NVIDIA GeForce RTX 4060<\/strong>, <strong data-start=\"297\" data-end=\"318\">32 GO DE RAM DDR4<\/strong>, et un <strong data-start=\"328\" data-end=\"360\">Processeur AMD Ryzen 5 5600G<\/strong>, id\u00e9al pour faire tourner la majorit\u00e9 des jeux r\u00e9cents en Full HD et m\u00eame en 1440p. <\/p>\n<p data-start=\"446\" data-end=\"644\">Son <strong data-start=\"458\" data-end=\"494\">blanc Lian Li<\/strong> cas <strong data-start=\"458\" data-end=\"494\">avec \u00e9clairage RVB<\/strong> assure un look moderne et une excellente ventilation. Parfait pour les joueurs exigeants qui recherchent la fiabilit\u00e9 et la performance \u00e0 petit prix. <\/p>\n<p>Processeur (CPU) :<br \/>\nRyzen 5 5600G (6 c\u0153urs - 12 threads - 4.4GHz horloge boost max)<\/p>\n<p>Carte graphique (GPU) :<br \/>\nNVIDIA RTX 4060 8 Go Remis \u00e0 neuf<\/p>\n<p>M\u00e9moire vive (RAM) :<br \/>\n32 Go DDR4 3600Mhz T-FORCE RGB<\/p>\n<p>Bloc d'alimentation (PSU) :<br \/>\n750W reconditionn\u00e9<\/p>\n<p>Stockage :<br \/>\nSSD SATA 2.5\u201d 1TB<\/p>\n<p>Accessoires :<br \/>\nSupport horizontal noir RVB<\/p>","protected":false},"featured_media":5583,"template":"","meta":{"_acf_changed":false},"product_brand":[],"product_cat":[472],"product_tag":[],"class_list":{"0":"post-5582","1":"product","2":"type-product","3":"status-publish","4":"has-post-thumbnail","6":"product_cat-hybrid-pcs","8":"first","9":"outofstock","10":"taxable","11":"shipping-taxable","12":"purchasable","13":"product-type-simple"},"acf":[],"_links":{"self":[{"href":"https:\/\/www.noxgaming.ca\/fr\/wp-json\/wp\/v2\/product\/5582","targetHints":{"allow":["GET"]}}],"collection":[{"href":"https:\/\/www.noxgaming.ca\/fr\/wp-json\/wp\/v2\/product"}],"about":[{"href":"https:\/\/www.noxgaming.ca\/fr\/wp-json\/wp\/v2\/types\/product"}],"wp:featuredmedia":[{"embeddable":true,"href":"https:\/\/www.noxgaming.ca\/fr\/wp-json\/wp\/v2\/media\/5583"}],"wp:attachment":[{"href":"https:\/\/www.noxgaming.ca\/fr\/wp-json\/wp\/v2\/media?parent=5582"}],"wp:term":[{"taxonomy":"product_brand","embeddable":true,"href":"https:\/\/www.noxgaming.ca\/fr\/wp-json\/wp\/v2\/product_brand?post=5582"},{"taxonomy":"product_cat","embeddable":true,"href":"https:\/\/www.noxgaming.ca\/fr\/wp-json\/wp\/v2\/product_cat?post=5582"},{"taxonomy":"product_tag","embeddable":true,"href":"https:\/\/www.noxgaming.ca\/fr\/wp-json\/wp\/v2\/product_tag?post=5582"}],"curies":[{"name":"wp","href":"https:\/\/api.w.org\/{rel}","templated":true}]}}