{"id":5577,"date":"2025-10-07T14:23:20","date_gmt":"2025-10-07T18:23:20","guid":{"rendered":"https:\/\/www.noxgaming.ca\/?post_type=product&#038;p=5577"},"modified":"2026-04-17T13:42:05","modified_gmt":"2026-04-17T17:42:05","slug":"6-sigma-top-monitor-mount-stacked","status":"publish","type":"product","link":"https:\/\/www.noxgaming.ca\/fr\/product\/6-sigma-top-monitor-mount-stacked\/","title":{"rendered":"6 Sigma Top Screen support mount (Stacked monitor mount)"},"content":{"rendered":"<h3 data-start=\"255\" data-end=\"338\"><strong data-start=\"259\" data-end=\"336\">Module d'extension de montage d'\u00e9cran superpos\u00e9 6S - Ajoute un \u00e9cran superpos\u00e9 \u00e0 ton installation.<\/strong><\/h3>\n<p data-start=\"339\" data-end=\"535\">Transforme ton stand 6 Sigma en v\u00e9ritable poste de contr\u00f4le gr\u00e2ce \u00e0 cette extension sp\u00e9cialement con\u00e7ue pour accueillir un moniteur suppl\u00e9mentaire au-dessus de ta configuration existante.<\/p>\n<p data-start=\"537\" data-end=\"796\">Con\u00e7ue pour les passionn\u00e9s de SimRacing, les cr\u00e9ateurs de contenu et les professionnels multit\u00e2ches, cette solution robuste et bien ajust\u00e9e te permet d'ajouter un... <strong data-start=\"710\" data-end=\"732\">\u00e9cran sup\u00e9rieur<\/strong> sans compromettre la stabilit\u00e9 ou l'ergonomie de ton poste de travail.<\/p>\n<h3 data-start=\"803\" data-end=\"843\"><strong data-start=\"807\" data-end=\"841\">Caract\u00e9ristiques principales :<\/strong><\/h3>\n<ul data-start=\"844\" data-end=\"1376\">\n<li data-start=\"844\" data-end=\"931\">\n<p data-start=\"846\" data-end=\"931\"><strong data-start=\"846\" data-end=\"870\">Compatibilit\u00e9 d\u00e9di\u00e9e<\/strong>: con\u00e7u exclusivement pour servir d'extension aux supports de 6 Sigma.<\/p>\n<\/li>\n<li data-start=\"932\" data-end=\"1037\">\n<p data-start=\"934\" data-end=\"1037\"><strong data-start=\"934\" data-end=\"957\">Installation simple<\/strong>: se fixe directement sur ton support 6 Sigma existant, sans modifications complexes.<\/p>\n<\/li>\n<li data-start=\"1038\" data-end=\"1153\">\n<p data-start=\"1040\" data-end=\"1153\"><strong data-start=\"1040\" data-end=\"1067\">Robustesse et stabilit\u00e9<\/strong>: la construction solide en aluminium extrud\u00e9 garantit un ajustement parfait, m\u00eame avec des \u00e9crans de grande taille.<\/p>\n<\/li>\n<li data-start=\"1154\" data-end=\"1295\">\n<p data-start=\"1156\" data-end=\"1295\"><strong data-start=\"1156\" data-end=\"1185\">Flexibilit\u00e9 d'utilisation<\/strong>Le syst\u00e8me d'affichage des donn\u00e9es de t\u00e9l\u00e9m\u00e9trie est id\u00e9al pour afficher des donn\u00e9es de t\u00e9l\u00e9m\u00e9trie, des chats en continu ou d'autres applications.<\/p>\n<\/li>\n<li data-start=\"1296\" data-end=\"1376\">\n<p data-start=\"1298\" data-end=\"1376\"><strong data-start=\"1298\" data-end=\"1319\">Conception harmonieuse<\/strong>Le syst\u00e8me : s'int\u00e8gre parfaitement \u00e0 l'esth\u00e9tique des supports de moniteurs pr\u00e9existants de 6Sigma.<\/p>\n<\/li>\n<\/ul>\n<p>Que tu veuilles <strong data-start=\"1445\" data-end=\"1481\">surveille tes donn\u00e9es de course<\/strong>, <strong data-start=\"1483\" data-end=\"1519\">Suis tes spectateurs en direct<\/strong> ou simplement <strong data-start=\"1534\" data-end=\"1570\">multiplie tes outils de travail<\/strong>, L'extension de l'\u00e9cran sup\u00e9rieur du 6S offre la solution la plus pratique et la plus \u00e9l\u00e9gante pour passer \u00e0 quatre \u00e9crans sans prendre trop de place.<\/p>","protected":false},"excerpt":{"rendered":"<h3 data-start=\"255\" data-end=\"338\"><strong data-start=\"259\" data-end=\"336\">Module d'extension de montage d'\u00e9cran superpos\u00e9 6S - Ajoute un \u00e9cran superpos\u00e9 \u00e0 ton installation.<\/strong><\/h3>\n<p data-start=\"339\" data-end=\"535\">Transforme ton stand 6 Sigma en v\u00e9ritable poste de contr\u00f4le gr\u00e2ce \u00e0 cette extension sp\u00e9cialement con\u00e7ue pour accueillir un moniteur suppl\u00e9mentaire au-dessus de ta configuration existante.<\/p>\n<p data-start=\"537\" data-end=\"796\">Con\u00e7ue pour les passionn\u00e9s de SimRacing, les cr\u00e9ateurs de contenu et les professionnels multit\u00e2ches, cette solution robuste et bien ajust\u00e9e te permet d'ajouter un... <strong data-start=\"710\" data-end=\"732\">\u00e9cran sup\u00e9rieur<\/strong> sans compromettre la stabilit\u00e9 ou l'ergonomie de ton poste de travail.<\/p>\n<h3 data-start=\"803\" data-end=\"843\"><strong data-start=\"807\" data-end=\"841\">Caract\u00e9ristiques principales :<\/strong><\/h3>\n<ul data-start=\"844\" data-end=\"1376\">\n<li data-start=\"844\" data-end=\"931\">\n<p data-start=\"846\" data-end=\"931\"><strong data-start=\"846\" data-end=\"870\">Compatibilit\u00e9 d\u00e9di\u00e9e<\/strong>: con\u00e7u exclusivement pour servir d'extension aux supports de 6 Sigma.<\/p>\n<\/li>\n<li data-start=\"932\" data-end=\"1037\">\n<p data-start=\"934\" data-end=\"1037\"><strong data-start=\"934\" data-end=\"957\">Installation simple<\/strong>: se fixe directement sur ton support 6 Sigma existant, sans modifications complexes.<\/p>\n<\/li>\n<li data-start=\"1038\" data-end=\"1153\">\n<p data-start=\"1040\" data-end=\"1153\"><strong data-start=\"1040\" data-end=\"1067\">Robustesse et stabilit\u00e9<\/strong>: la construction solide en aluminium extrud\u00e9 garantit un ajustement parfait, m\u00eame avec des \u00e9crans de grande taille.<\/p>\n<\/li>\n<li data-start=\"1154\" data-end=\"1295\">\n<p data-start=\"1156\" data-end=\"1295\"><strong data-start=\"1156\" data-end=\"1185\">Flexibilit\u00e9 d'utilisation<\/strong>Le syst\u00e8me d'affichage des donn\u00e9es de t\u00e9l\u00e9m\u00e9trie est id\u00e9al pour afficher des donn\u00e9es de t\u00e9l\u00e9m\u00e9trie, des chats en continu ou d'autres applications.<\/p>\n<\/li>\n<li data-start=\"1296\" data-end=\"1376\">\n<p data-start=\"1298\" data-end=\"1376\"><strong data-start=\"1298\" data-end=\"1319\">Conception harmonieuse<\/strong>Le syst\u00e8me : s'int\u00e8gre parfaitement \u00e0 l'esth\u00e9tique des supports de moniteurs pr\u00e9existants de 6Sigma.<\/p>\n<\/li>\n<\/ul>\n<p>Que tu veuilles <strong data-start=\"1445\" data-end=\"1481\">surveille tes donn\u00e9es de course<\/strong>, <strong data-start=\"1483\" data-end=\"1519\">Suis tes spectateurs en direct<\/strong> ou simplement <strong data-start=\"1534\" data-end=\"1570\">multiplie tes outils de travail<\/strong>, L'extension de l'\u00e9cran sup\u00e9rieur du 6S offre la solution la plus pratique et la plus \u00e9l\u00e9gante pour passer \u00e0 quatre \u00e9crans sans prendre trop de place.<\/p>","protected":false},"featured_media":5578,"template":"","meta":{"_acf_changed":false},"product_brand":[386],"product_cat":[502],"product_tag":[387,389,352,391,341,319],"class_list":{"0":"post-5577","1":"product","2":"type-product","3":"status-publish","4":"has-post-thumbnail","6":"product_brand-6-sigma","7":"product_cat-monitor-mounts","8":"product_tag-6-sigma","9":"product_tag-6bf25","10":"product_tag-frame-accessories","11":"product_tag-monitor-stand","12":"product_tag-sim-racing-accessories","13":"product_tag-tagbf25","15":"first","16":"instock","17":"sale","18":"taxable","19":"shipping-taxable","20":"purchasable","21":"product-type-simple"},"acf":[],"_links":{"self":[{"href":"https:\/\/www.noxgaming.ca\/fr\/wp-json\/wp\/v2\/product\/5577","targetHints":{"allow":["GET"]}}],"collection":[{"href":"https:\/\/www.noxgaming.ca\/fr\/wp-json\/wp\/v2\/product"}],"about":[{"href":"https:\/\/www.noxgaming.ca\/fr\/wp-json\/wp\/v2\/types\/product"}],"wp:featuredmedia":[{"embeddable":true,"href":"https:\/\/www.noxgaming.ca\/fr\/wp-json\/wp\/v2\/media\/5578"}],"wp:attachment":[{"href":"https:\/\/www.noxgaming.ca\/fr\/wp-json\/wp\/v2\/media?parent=5577"}],"wp:term":[{"taxonomy":"product_brand","embeddable":true,"href":"https:\/\/www.noxgaming.ca\/fr\/wp-json\/wp\/v2\/product_brand?post=5577"},{"taxonomy":"product_cat","embeddable":true,"href":"https:\/\/www.noxgaming.ca\/fr\/wp-json\/wp\/v2\/product_cat?post=5577"},{"taxonomy":"product_tag","embeddable":true,"href":"https:\/\/www.noxgaming.ca\/fr\/wp-json\/wp\/v2\/product_tag?post=5577"}],"curies":[{"name":"wp","href":"https:\/\/api.w.org\/{rel}","templated":true}]}}