{"id":5566,"date":"2025-08-27T19:31:05","date_gmt":"2025-08-27T23:31:05","guid":{"rendered":"https:\/\/www.noxgaming.ca\/product\/simagic-phpr-gt-linear-pedal-haptic-reactor\/"},"modified":"2026-04-17T13:42:08","modified_gmt":"2026-04-17T17:42:08","slug":"simagic-phpr-gt-linear-pedal-haptic-reactor","status":"publish","type":"product","link":"https:\/\/www.noxgaming.ca\/fr\/product\/simagic-phpr-gt-linear-pedal-haptic-reactor\/","title":{"rendered":"Simagic P-HPR GT R\u00e9acteur de p\u00e9dale haptique lin\u00e9aire"},"content":{"rendered":"<p>Le <strong>R\u00e9acteur haptique lin\u00e9aire Simagic P-HPR GT<\/strong> transforme ton exp\u00e9rience de simulation de course gr\u00e2ce \u00e0 un retour d'information pr\u00e9cis et r\u00e9aliste sur les p\u00e9dales. Ce moteur haptique compact et l\u00e9ger reproduit chaque vibration : perte d'adh\u00e9rence, ABS, blocage des roues, pour une immersion totale et une sensation authentique sur la piste.<\/p>\n<h3>Caract\u00e9ristiques principales<\/h3>\n<ul>\n<li><strong>L\u00e9ger et pr\u00e9cis :<\/strong> Un moteur haptique tr\u00e8s performant offre un retour d'information puissant et fid\u00e8le sans ajouter beaucoup de poids.<\/li>\n<li><strong>Conception compacte :<\/strong> Facile \u00e0 installer sur la plupart des p\u00e9daliers de simracing, il s'adapte parfaitement \u00e0 ton cockpit.<\/li>\n<li><strong>Polyvalent et \u00e9volutif :<\/strong> Compatible avec les supports P-HPR et HPR, il s'adapte \u00e0 diff\u00e9rents syst\u00e8mes et configurations.<\/li>\n<li><strong>Retour d'information personnalisable :<\/strong> contr\u00f4le la puissance et le profil de vibration avec le logiciel SimPro Manager pour un r\u00e9glage parfait \u00e0 chaque match.<\/li>\n<li><strong>R\u00e9ponse instantan\u00e9e :<\/strong> ressens imm\u00e9diatement chaque \u00e9v\u00e9nement, qu'il s'agisse d'une vibration, d'une perte d'adh\u00e9rence ou d'un freinage brusque, pour une conduite plus immersive.<\/li>\n<\/ul>\n<h3>Contr\u00f4le intelligent<\/h3>\n<p>Int\u00e9gr\u00e9 \u00e0 <strong>SimPro Manager<\/strong> et <strong>SimHub<\/strong>, Le P-HPR GT te permet de param\u00e9trer facilement chaque aspect du retour haptique en fonction de tes pr\u00e9f\u00e9rences et du type de simulation.<\/p>\n<h3>Compatibilit\u00e9<\/h3>\n<ul>\n<li>Compatible avec SimPro Manager et SimHub (PC Windows requis)<\/li>\n<li><strong>Les p\u00e9dales Simagic (P2000, P1000 et P500) et le frein \u00e0 main TB-RS (supports inclus) peuvent \u00eatre install\u00e9s.<\/strong><\/li>\n<\/ul>\n<h3>Contenu de la bo\u00eete<\/h3>\n<ul>\n<li>R\u00e9acteur haptique P-HPR GT<\/li>\n<li>6 x vis \u00e0 t\u00eate frais\u00e9e M4\u00d76<\/li>\n<li>4 x vis \u00e0 t\u00eate frais\u00e9e M4\u00d710<\/li>\n<li>6 x vis \u00e0 t\u00eate cylindrique M4\u00d76<\/li>\n<li>6 x vis \u00e0 t\u00eate cylindrique M4\u00d710<\/li>\n<li>2 x pinces \u00e0 c\u00e2ble<\/li>\n<li>1 x support en L<\/li>\n<li>1 x support circulaire<\/li>\n<li>1 x cl\u00e9 Allen (2,5 mm)<\/li>\n<\/ul>\n<h3>Caract\u00e9ristiques<\/h3>\n<ul>\n<li><strong>Mat\u00e9riau :<\/strong> Alliage d'aluminium<\/li>\n<li><strong>Dimensions :<\/strong> 40mm x 39mm<\/li>\n<li><strong>Poids :<\/strong> 0,15 kg<\/li>\n<li><strong>Logiciel :<\/strong> Gestionnaire SimPro, SimHub<\/li>\n<\/ul>\n<h3>Accessoires<\/h3>\n<ul>\n<li>Toutes les vis et les supports sont inclus pour une installation facile.<\/li>\n<\/ul>\n<h3>Exigences<\/h3>\n<ul>\n<li><strong>Alimentation \u00e9lectrique<\/strong>: Les r\u00e9acteurs haptiques n\u00e9cessitent le bloc d'alimentation Simagic (P-APS). Si tu as d\u00e9j\u00e0 un bloc d'alimentation Simagic (P-APS), tu n'as pas besoin d'un autre.<\/li>\n<\/ul>","protected":false},"excerpt":{"rendered":"<p><strong>Compact, l\u00e9ger et puissant<\/strong><\/p>","protected":false},"featured_media":5567,"template":"","meta":{"_acf_changed":false},"product_brand":[334],"product_cat":[503],"product_tag":[346,340,341,336],"class_list":{"0":"post-5566","1":"product","2":"type-product","3":"status-publish","4":"has-post-thumbnail","6":"product_brand-simagic","7":"product_cat-haptic-motors","8":"product_tag-haptics","9":"product_tag-pedal-accessories","10":"product_tag-sim-racing-accessories","11":"product_tag-simagic","13":"first","14":"instock","15":"taxable","16":"shipping-taxable","17":"purchasable","18":"product-type-simple"},"acf":[],"_links":{"self":[{"href":"https:\/\/www.noxgaming.ca\/fr\/wp-json\/wp\/v2\/product\/5566","targetHints":{"allow":["GET"]}}],"collection":[{"href":"https:\/\/www.noxgaming.ca\/fr\/wp-json\/wp\/v2\/product"}],"about":[{"href":"https:\/\/www.noxgaming.ca\/fr\/wp-json\/wp\/v2\/types\/product"}],"wp:featuredmedia":[{"embeddable":true,"href":"https:\/\/www.noxgaming.ca\/fr\/wp-json\/wp\/v2\/media\/5567"}],"wp:attachment":[{"href":"https:\/\/www.noxgaming.ca\/fr\/wp-json\/wp\/v2\/media?parent=5566"}],"wp:term":[{"taxonomy":"product_brand","embeddable":true,"href":"https:\/\/www.noxgaming.ca\/fr\/wp-json\/wp\/v2\/product_brand?post=5566"},{"taxonomy":"product_cat","embeddable":true,"href":"https:\/\/www.noxgaming.ca\/fr\/wp-json\/wp\/v2\/product_cat?post=5566"},{"taxonomy":"product_tag","embeddable":true,"href":"https:\/\/www.noxgaming.ca\/fr\/wp-json\/wp\/v2\/product_tag?post=5566"}],"curies":[{"name":"wp","href":"https:\/\/api.w.org\/{rel}","templated":true}]}}