{"id":5512,"date":"2025-08-07T20:07:12","date_gmt":"2025-08-08T00:07:12","guid":{"rendered":"https:\/\/www.noxgaming.ca\/product\/moza-z-axis-module\/"},"modified":"2026-04-17T13:43:37","modified_gmt":"2026-04-17T17:43:37","slug":"moza-z-axis-module","status":"publish","type":"product","link":"https:\/\/www.noxgaming.ca\/fr\/product\/moza-z-axis-module\/","title":{"rendered":"Module d'axe Z MOZA pour JoyStick"},"content":{"rendered":"<p>Le module d'axe Z MOZA sert d'axe de contr\u00f4le de lacet avec une plage de \u00b120\u00b0 et un kit d'extension ajoutant 97 mm de longueur. Il est dot\u00e9 d'un capteur Hall 16 bits pour un contr\u00f4le pr\u00e9cis, d'une construction en alliage d'aluminium CNC de qualit\u00e9 a\u00e9rospatiale pour la durabilit\u00e9, et d'un m\u00e9canisme de verrouillage pour une utilisation flexible. Facile \u00e0 installer et compatible avec l'\u00e9cosyst\u00e8me MOZA, il am\u00e9liore le r\u00e9alisme et la polyvalence de ta configuration de simulation de vol.<\/p>","protected":false},"excerpt":{"rendered":"<p>The MOZA Z-Axis Module serves as a yaw control axis with a \u00b120\u00b0 range and an extension kit adding 97mm in length. It features a 16-bit Hall sensor for precise control, aerospace-grade CNC aluminum alloy construction for durability, and a locking mechanism for flexible use. Easy to install and compatible with the MOZA ecosystem, it [&hellip;]<\/p>\n","protected":false},"featured_media":5513,"template":"","meta":{"_acf_changed":false},"product_brand":[517],"product_cat":[506],"product_tag":[417,412,416],"class_list":{"0":"post-5512","1":"product","2":"type-product","3":"status-publish","4":"has-post-thumbnail","6":"product_brand-moza-flight","7":"product_cat-flight-simulation-accessories","8":"product_tag-flight-simulation","9":"product_tag-moza","10":"product_tag-moza-flight","12":"first","13":"instock","14":"taxable","15":"shipping-taxable","16":"purchasable","17":"product-type-simple"},"acf":[],"_links":{"self":[{"href":"https:\/\/www.noxgaming.ca\/fr\/wp-json\/wp\/v2\/product\/5512","targetHints":{"allow":["GET"]}}],"collection":[{"href":"https:\/\/www.noxgaming.ca\/fr\/wp-json\/wp\/v2\/product"}],"about":[{"href":"https:\/\/www.noxgaming.ca\/fr\/wp-json\/wp\/v2\/types\/product"}],"wp:featuredmedia":[{"embeddable":true,"href":"https:\/\/www.noxgaming.ca\/fr\/wp-json\/wp\/v2\/media\/5513"}],"wp:attachment":[{"href":"https:\/\/www.noxgaming.ca\/fr\/wp-json\/wp\/v2\/media?parent=5512"}],"wp:term":[{"taxonomy":"product_brand","embeddable":true,"href":"https:\/\/www.noxgaming.ca\/fr\/wp-json\/wp\/v2\/product_brand?post=5512"},{"taxonomy":"product_cat","embeddable":true,"href":"https:\/\/www.noxgaming.ca\/fr\/wp-json\/wp\/v2\/product_cat?post=5512"},{"taxonomy":"product_tag","embeddable":true,"href":"https:\/\/www.noxgaming.ca\/fr\/wp-json\/wp\/v2\/product_tag?post=5512"}],"curies":[{"name":"wp","href":"https:\/\/api.w.org\/{rel}","templated":true}]}}