{"id":5501,"date":"2025-08-07T20:07:13","date_gmt":"2025-08-08T00:07:13","guid":{"rendered":"https:\/\/www.noxgaming.ca\/product\/moza-ys-joystick-adapter\/"},"modified":"2026-04-17T13:43:30","modified_gmt":"2026-04-17T17:43:30","slug":"moza-ys-joystick-adapter","status":"publish","type":"product","link":"https:\/\/www.noxgaming.ca\/fr\/product\/moza-ys-joystick-adapter\/","title":{"rendered":"MOZA Adaptateur pour joystick YS"},"content":{"rendered":"<p>L'adaptateur YS de MOZA est une pi\u00e8ce con\u00e7ue pour fixer les joysticks d'aviation aux bases AB9 de MOZA. Fabriqu\u00e9 en aluminium de qualit\u00e9 a\u00e9ronautique, il offre une excellente durabilit\u00e9 et un assemblage de pr\u00e9cision. Cet adaptateur permet aux utilisateurs de personnaliser leurs postes de simulation en int\u00e9grant divers contr\u00f4leurs de vol dans l'\u00e9cosyst\u00e8me MOZA, tout en assurant une compatibilit\u00e9 fiable et un montage solide.<\/p>","protected":false},"excerpt":{"rendered":"<p>Abandonn\u00e9<\/p>","protected":false},"featured_media":5502,"template":"","meta":{"_acf_changed":false},"product_brand":[517],"product_cat":[506],"product_tag":[417,412,416],"class_list":{"0":"post-5501","1":"product","2":"type-product","3":"status-publish","4":"has-post-thumbnail","6":"product_brand-moza-flight","7":"product_cat-flight-simulation-accessories","8":"product_tag-flight-simulation","9":"product_tag-moza","10":"product_tag-moza-flight","12":"first","13":"outofstock","14":"taxable","15":"shipping-taxable","16":"purchasable","17":"product-type-simple"},"acf":[],"_links":{"self":[{"href":"https:\/\/www.noxgaming.ca\/fr\/wp-json\/wp\/v2\/product\/5501","targetHints":{"allow":["GET"]}}],"collection":[{"href":"https:\/\/www.noxgaming.ca\/fr\/wp-json\/wp\/v2\/product"}],"about":[{"href":"https:\/\/www.noxgaming.ca\/fr\/wp-json\/wp\/v2\/types\/product"}],"wp:featuredmedia":[{"embeddable":true,"href":"https:\/\/www.noxgaming.ca\/fr\/wp-json\/wp\/v2\/media\/5502"}],"wp:attachment":[{"href":"https:\/\/www.noxgaming.ca\/fr\/wp-json\/wp\/v2\/media?parent=5501"}],"wp:term":[{"taxonomy":"product_brand","embeddable":true,"href":"https:\/\/www.noxgaming.ca\/fr\/wp-json\/wp\/v2\/product_brand?post=5501"},{"taxonomy":"product_cat","embeddable":true,"href":"https:\/\/www.noxgaming.ca\/fr\/wp-json\/wp\/v2\/product_cat?post=5501"},{"taxonomy":"product_tag","embeddable":true,"href":"https:\/\/www.noxgaming.ca\/fr\/wp-json\/wp\/v2\/product_tag?post=5501"}],"curies":[{"name":"wp","href":"https:\/\/api.w.org\/{rel}","templated":true}]}}