{"id":5487,"date":"2025-08-07T20:07:13","date_gmt":"2025-08-08T00:07:13","guid":{"rendered":"https:\/\/www.noxgaming.ca\/product\/moza-table-clamp-for-yoke\/"},"modified":"2026-04-17T13:43:33","modified_gmt":"2026-04-17T17:43:33","slug":"moza-table-clamp-for-yoke","status":"publish","type":"product","link":"https:\/\/www.noxgaming.ca\/fr\/product\/moza-table-clamp-for-yoke\/","title":{"rendered":"MOZA Pince de table pour AY210"},"content":{"rendered":"<p>S\u00e9curise ton installation de simulation de vol avec la pince de table pour joug. Con\u00e7ue pour \u00eatre stable et facile \u00e0 installer, cette pince durable garantit que ton yoke reste fermement en place, offrant ainsi une exp\u00e9rience de vol immersive et r\u00e9aliste.<\/p>","protected":false},"excerpt":{"rendered":"<p>S\u00e9curise ton installation de simulation de vol avec la pince de table pour joug. Con\u00e7ue pour \u00eatre stable et facile \u00e0 installer, cette pince durable garantit que ton yoke reste fermement en place, offrant ainsi une exp\u00e9rience de vol immersive et r\u00e9aliste.<\/p>","protected":false},"featured_media":5488,"template":"","meta":{"_acf_changed":false},"product_brand":[517],"product_cat":[506],"product_tag":[417,412,416],"class_list":{"0":"post-5487","1":"product","2":"type-product","3":"status-publish","4":"has-post-thumbnail","6":"product_brand-moza-flight","7":"product_cat-flight-simulation-accessories","8":"product_tag-flight-simulation","9":"product_tag-moza","10":"product_tag-moza-flight","12":"first","13":"instock","14":"taxable","15":"shipping-taxable","16":"purchasable","17":"product-type-simple"},"acf":[],"_links":{"self":[{"href":"https:\/\/www.noxgaming.ca\/fr\/wp-json\/wp\/v2\/product\/5487","targetHints":{"allow":["GET"]}}],"collection":[{"href":"https:\/\/www.noxgaming.ca\/fr\/wp-json\/wp\/v2\/product"}],"about":[{"href":"https:\/\/www.noxgaming.ca\/fr\/wp-json\/wp\/v2\/types\/product"}],"wp:featuredmedia":[{"embeddable":true,"href":"https:\/\/www.noxgaming.ca\/fr\/wp-json\/wp\/v2\/media\/5488"}],"wp:attachment":[{"href":"https:\/\/www.noxgaming.ca\/fr\/wp-json\/wp\/v2\/media?parent=5487"}],"wp:term":[{"taxonomy":"product_brand","embeddable":true,"href":"https:\/\/www.noxgaming.ca\/fr\/wp-json\/wp\/v2\/product_brand?post=5487"},{"taxonomy":"product_cat","embeddable":true,"href":"https:\/\/www.noxgaming.ca\/fr\/wp-json\/wp\/v2\/product_cat?post=5487"},{"taxonomy":"product_tag","embeddable":true,"href":"https:\/\/www.noxgaming.ca\/fr\/wp-json\/wp\/v2\/product_tag?post=5487"}],"curies":[{"name":"wp","href":"https:\/\/api.w.org\/{rel}","templated":true}]}}