{"id":5472,"date":"2025-08-07T20:07:14","date_gmt":"2025-08-08T00:07:14","guid":{"rendered":"https:\/\/www.noxgaming.ca\/product\/moza-r5-simracing-bundle\/"},"modified":"2026-04-17T13:43:28","modified_gmt":"2026-04-17T17:43:28","slug":"moza-r5-simracing-bundle","status":"publish","type":"product","link":"https:\/\/www.noxgaming.ca\/fr\/product\/moza-r5-simracing-bundle\/","title":{"rendered":"Ensemble MOZA R5 Racing Simulator (volant ES + base R5 + p\u00e9dale SR-P lite + pince de table)"},"content":{"rendered":"<p>Fais l'exp\u00e9rience du niveau sup\u00e9rieur de la course automobile avec l'ensemble MOZA R5. Avec son impressionnant direct drive au couple de 5,5 Nm, ses modes de conduite personnalisables et sa construction robuste en aluminium, en cuir et en acier, il est con\u00e7u pour offrir une immersion et une durabilit\u00e9 in\u00e9gal\u00e9es. Le centre de contr\u00f4le MOZA Pit House offre une surveillance pratique de l'appareil, un r\u00e9glage des param\u00e8tres et un chargement des pr\u00e9r\u00e9glages. \u00c9l\u00e8ve ta configuration de course d\u00e8s aujourd'hui et entre dans une nouvelle \u00e8re de performance et de pr\u00e9cision.<\/p>\n<p>Contenu de l'offre group\u00e9e :<\/p>\n<ul>\n<li>MOZA R5 Direct Drive Empattement<\/li>\n<li>MOZA ES volant<\/li>\n<li>Jeu de deux p\u00e9dales MOZA SR-P Lite (p\u00e9dale d'embrayage vendue s\u00e9par\u00e9ment)<\/li>\n<li>Colliers de serrage pour le montage de la base du volant MOZA R5<\/li>\n<li>Adaptateur \u00e9lectrique<\/li>\n<li>C\u00e2ble d'alimentation<\/li>\n<li>C\u00e2ble USB<\/li>\n<li>Kit d'outils<\/li>\n<li>Manuel de l'utilisateur<\/li>\n<li>Carte de garantie<\/li>\n<\/ul>","protected":false},"excerpt":{"rendered":"<p>Experience the next level of racing with the MOZA R5 Bundle. With its impressive 5.5 Nm torque direct drive, customizable driving modes, and robust aluminum, leather, and steel construction, it\u2019s designed to provide unparalleled immersion and durability. The MOZA Pit House control center offers convenient device monitoring, settings adjustment, and preset loading. Elevate your racing [&hellip;]<\/p>\n","protected":false},"featured_media":5473,"template":"","meta":{"_acf_changed":false},"product_brand":[516],"product_cat":[479],"product_tag":[374,414,412,413,408,407,319,376],"class_list":{"0":"post-5472","1":"product","2":"type-product","3":"status-publish","4":"has-post-thumbnail","6":"product_brand-moza-racing","7":"product_cat-sim-racing-bundles","8":"product_tag-bundles","9":"product_tag-mbf25","10":"product_tag-moza","11":"product_tag-moza-racing","12":"product_tag-pedal-bundles","13":"product_tag-steering-wheel-bundle","14":"product_tag-tagbf25","15":"product_tag-wheelbases-bundle","17":"first","18":"instock","19":"taxable","20":"shipping-taxable","21":"purchasable","22":"product-type-simple"},"acf":[],"_links":{"self":[{"href":"https:\/\/www.noxgaming.ca\/fr\/wp-json\/wp\/v2\/product\/5472","targetHints":{"allow":["GET"]}}],"collection":[{"href":"https:\/\/www.noxgaming.ca\/fr\/wp-json\/wp\/v2\/product"}],"about":[{"href":"https:\/\/www.noxgaming.ca\/fr\/wp-json\/wp\/v2\/types\/product"}],"wp:featuredmedia":[{"embeddable":true,"href":"https:\/\/www.noxgaming.ca\/fr\/wp-json\/wp\/v2\/media\/5473"}],"wp:attachment":[{"href":"https:\/\/www.noxgaming.ca\/fr\/wp-json\/wp\/v2\/media?parent=5472"}],"wp:term":[{"taxonomy":"product_brand","embeddable":true,"href":"https:\/\/www.noxgaming.ca\/fr\/wp-json\/wp\/v2\/product_brand?post=5472"},{"taxonomy":"product_cat","embeddable":true,"href":"https:\/\/www.noxgaming.ca\/fr\/wp-json\/wp\/v2\/product_cat?post=5472"},{"taxonomy":"product_tag","embeddable":true,"href":"https:\/\/www.noxgaming.ca\/fr\/wp-json\/wp\/v2\/product_tag?post=5472"}],"curies":[{"name":"wp","href":"https:\/\/api.w.org\/{rel}","templated":true}]}}