{"id":5458,"date":"2025-08-07T20:07:14","date_gmt":"2025-08-08T00:07:14","guid":{"rendered":"https:\/\/www.noxgaming.ca\/product\/moza-r3-bundle-steering-wheel-pedals-wheelbase-xbox-pc\/"},"modified":"2026-04-17T13:43:26","modified_gmt":"2026-04-17T17:43:26","slug":"moza-r3-bundle-steering-wheel-pedals-wheelbase-xbox-pc","status":"publish","type":"product","link":"https:\/\/www.noxgaming.ca\/fr\/product\/moza-r3-bundle-steering-wheel-pedals-wheelbase-xbox-pc\/","title":{"rendered":"Ensemble MOZA R3 Volant, base et p\u00e9dalier (XBOX &amp; PC)"},"content":{"rendered":"<p>Vis les courses comme jamais auparavant avec l'ensemble R3 Racing sous licence Xbox de MOZA. Ce bundle \u00e9tablit la r\u00e9f\u00e9rence en mati\u00e8re de course d'entr\u00e9e de gamme, avec un puissant servomoteur DD de 3,9 Nm, une construction en aluminium de qualit\u00e9 a\u00e9ronautique et des poign\u00e9es ISF PU durables. Profite d'une ondulation de couple ultra-faible, d'un contr\u00f4le par application mobile et d'une compatibilit\u00e9 avec les meilleurs jeux de course comme Forza Horizon et F1. Avec un design innovant en forme de X, un contr\u00f4le intelligent de la temp\u00e9rature et des fonctionnalit\u00e9s personnalisables, le R3 offre un retour d'information immersif et une grande pr\u00e9cision. Officiellement sous licence Xbox, ce bundle fusionne les performances de la console avec la technologie Direct Drive de MOZA. Am\u00e9liore ta configuration de course avec le MOZA R3 Racing Bundle.<\/p>\n<p>INCLUS DANS LE SET :<\/p>\n<ul>\n<li>MOZA R3 Entra\u00eenement direct <strong> empattement<\/strong> (3,9Nm)<\/li>\n<li>MOZA ESX <strong>volant<\/strong><\/li>\n<li>MOZA SR-P Lite <strong>Jeu de deux p\u00e9dales<\/strong> (p\u00e9dale d'embrayage vendue s\u00e9par\u00e9ment)<\/li>\n<li>Tableau <strong>pince<\/strong> pour MOZA R3 Empattement<\/li>\n<li>Adaptateur \u00e9lectrique<\/li>\n<li>C\u00e2ble d'alimentation<\/li>\n<li>C\u00e2ble USB<\/li>\n<li>Kit d'outils<\/li>\n<li>Manuel de l'utilisateur <a href=\"https:\/\/image.gudsen.com\/mozaracing\/Manuals-EN\/Base\/R3-Bundle-Manual-Eng.pdf\">(\u00e9galement disponible ici)<\/a><\/li>\n<li>Carte d'information sur la garantie<\/li>\n<\/ul>","protected":false},"excerpt":{"rendered":"<p>Experience racing like never before with MOZA\u2019s Xbox Licensed R3 Racing Bundle. This bundle sets the benchmark for entry-level racing, featuring a powerful 3.9Nm DD Servo Motor, aviation-grade aluminum construction, and durable ISF PU grips. Enjoy ultra-low torque ripple, mobile app control, and compatibility with top racing games like Forza Horizon and F1. With an [&hellip;]<\/p>\n","protected":false},"featured_media":5459,"template":"","meta":{"_acf_changed":false},"product_brand":[516],"product_cat":[479],"product_tag":[374,414,412,413,408,407,319,376],"class_list":{"0":"post-5458","1":"product","2":"type-product","3":"status-publish","4":"has-post-thumbnail","6":"product_brand-moza-racing","7":"product_cat-sim-racing-bundles","8":"product_tag-bundles","9":"product_tag-mbf25","10":"product_tag-moza","11":"product_tag-moza-racing","12":"product_tag-pedal-bundles","13":"product_tag-steering-wheel-bundle","14":"product_tag-tagbf25","15":"product_tag-wheelbases-bundle","17":"first","18":"instock","19":"taxable","20":"shipping-taxable","21":"purchasable","22":"product-type-simple"},"acf":[],"_links":{"self":[{"href":"https:\/\/www.noxgaming.ca\/fr\/wp-json\/wp\/v2\/product\/5458","targetHints":{"allow":["GET"]}}],"collection":[{"href":"https:\/\/www.noxgaming.ca\/fr\/wp-json\/wp\/v2\/product"}],"about":[{"href":"https:\/\/www.noxgaming.ca\/fr\/wp-json\/wp\/v2\/types\/product"}],"wp:featuredmedia":[{"embeddable":true,"href":"https:\/\/www.noxgaming.ca\/fr\/wp-json\/wp\/v2\/media\/5459"}],"wp:attachment":[{"href":"https:\/\/www.noxgaming.ca\/fr\/wp-json\/wp\/v2\/media?parent=5458"}],"wp:term":[{"taxonomy":"product_brand","embeddable":true,"href":"https:\/\/www.noxgaming.ca\/fr\/wp-json\/wp\/v2\/product_brand?post=5458"},{"taxonomy":"product_cat","embeddable":true,"href":"https:\/\/www.noxgaming.ca\/fr\/wp-json\/wp\/v2\/product_cat?post=5458"},{"taxonomy":"product_tag","embeddable":true,"href":"https:\/\/www.noxgaming.ca\/fr\/wp-json\/wp\/v2\/product_tag?post=5458"}],"curies":[{"name":"wp","href":"https:\/\/api.w.org\/{rel}","templated":true}]}}