{"id":5450,"date":"2025-08-07T20:07:15","date_gmt":"2025-08-08T00:07:15","guid":{"rendered":"https:\/\/www.noxgaming.ca\/product\/moza-r21-v2-direct-drive-wheelbase\/"},"modified":"2026-04-17T13:43:12","modified_gmt":"2026-04-17T17:43:12","slug":"moza-r21-v2-direct-drive-wheelbase","status":"publish","type":"product","link":"https:\/\/www.noxgaming.ca\/fr\/product\/moza-r21-v2-direct-drive-wheelbase\/","title":{"rendered":"MOZA R21 V2 Base Direct Drive"},"content":{"rendered":"<p>Avec un couple de pointe de 21 Nm - 30% de plus que les mod\u00e8les similaires - le R21 V2 offre une course immersive ultra-pr\u00e9cise, aliment\u00e9e par un servo-moteur \u00e0 p\u00f4les inclin\u00e9s en carbone. La conception du rotor en triple quinconce garantit un fonctionnement fluide et sans vibrations, tandis qu'un encodeur 21 bits et un processeur 280 MHz capturent chaque mouvement avec pr\u00e9cision. Envelopp\u00e9 dans un corps en aluminium \u00e9l\u00e9gant et r\u00e9gl\u00e9 via l'application MOZA Pit House, il est con\u00e7u pour les coureurs s\u00e9rieux.<\/p>\n<p><strong data-start=\"77\" data-end=\"91\">Plateforme<\/strong>: PC<br data-start=\"96\" data-end=\"99\" \/><strong data-start=\"99\" data-end=\"135\">Syst\u00e8me de retour de force (FFB<\/strong> ) : Entra\u00eenement direct<br data-start=\"150\" data-end=\"153\" \/><strong data-start=\"153\" data-end=\"185\" data-is-only-node=\"\">Compatibilit\u00e9 avec le MOZA Pit House<\/strong>: Oui<br data-start=\"191\" data-end=\"194\" \/><strong data-start=\"194\" data-end=\"225\">Rotation maximale du volant<\/strong>: 90\u00b0~2700\u00b0.<br data-start=\"239\" data-end=\"242\" \/><strong data-start=\"242\" data-end=\"265\">Mat\u00e9riau de l'\u00e9tui<\/strong>: Alliage d'aluminium de qualit\u00e9 a\u00e9ronautique<br data-start=\"311\" data-end=\"314\" \/><strong data-start=\"314\" data-end=\"325\">Couleur<\/strong>: Noir<br data-start=\"332\" data-end=\"335\" \/><strong data-start=\"335\" data-end=\"355\">Couple de pointe<\/strong>: 21 Nm<br data-start=\"364\" data-end=\"367\" \/><strong data-start=\"367\" data-end=\"389\">Puissance maximale<\/strong>: 360 W<br data-start=\"397\" data-end=\"400\" \/><strong data-start=\"400\" data-end=\"420\">Tension d'entr\u00e9e<\/strong>: 110V~220V AC \u2192 36V DC<br data-start=\"444\" data-end=\"447\" \/><strong data-start=\"447\" data-end=\"479\">Taux de rafra\u00eechissement USB<\/strong>: 1000 Hz<br data-start=\"489\" data-end=\"492\" \/><strong data-start=\"492\" data-end=\"509\">Renforts en forme de V<\/strong>: Oui<br data-start=\"515\" data-end=\"518\" \/><strong data-start=\"518\" data-end=\"551\">T\u00e9moin d'empattement <\/strong>: Pris en charge<br data-start=\"557\" data-end=\"560\" \/><strong data-start=\"560\" data-end=\"594\">Fonctionnalit\u00e9 de l'application<\/strong>: Oui<br data-start=\"600\" data-end=\"603\" \/><strong data-start=\"603\" data-end=\"631\">Syst\u00e8me de fixation rapide<\/strong>: MOZA Quick Release<br data-start=\"652\" data-end=\"655\" \/><strong data-start=\"655\" data-end=\"677\">Ports de connexion<\/strong>: alimentation, USB, p\u00e9dales, tableau de bord, levier de vitesse, frein \u00e0 main, arr\u00eat d'urgence<br data-start=\"761\" data-end=\"764\" \/><strong data-start=\"764\" data-end=\"786\">M\u00e9thode de montage<\/strong>: Montage par le bas<br data-start=\"811\" data-end=\"814\" \/><strong data-start=\"814\" data-end=\"843\">Option de montage lat\u00e9ral<\/strong>: Avec support lat\u00e9ral\/frontal en option<br data-start=\"884\" data-end=\"887\" \/><strong data-start=\"887\" data-end=\"909\">Montage sur table<\/strong>: Vendu s\u00e9par\u00e9ment<br data-start=\"923\" data-end=\"926\" \/><strong data-start=\"926\" data-end=\"945\">Montage lat\u00e9ral<\/strong>: Vendu s\u00e9par\u00e9ment<br data-start=\"957\" data-end=\"960\" \/><strong data-start=\"960\" data-end=\"988\">Bouton d'arr\u00eat d'urgence<\/strong>: Vendu s\u00e9par\u00e9ment<br data-start=\"1000\" data-end=\"1003\" \/><strong data-start=\"1003\" data-end=\"1030\">Mise \u00e0 jour du micrologiciel<\/strong>: Applicable<br data-start=\"1036\" data-end=\"1039\" \/><strong data-start=\"1039\" data-end=\"1065\">Dimensions (L x L x H)<\/strong>: 327 \u00d7 170 \u00d7 130 mm<br data-start=\"1086\" data-end=\"1089\" \/><strong data-start=\"1089\" data-end=\"1098\">Poids<\/strong>: 8,9 kg<\/p>","protected":false},"excerpt":{"rendered":"<p>With 21Nm of peak torque\u201430% more than similar models\u2014the R21 V2 delivers ultra-precise, immersive racing powered by a carbon-slanted pole servo motor. A triple-staggered rotor design ensures smooth, vibration-free operation, while a 21-bit encoder and 280MHz processor capture every movement with accuracy. Wrapped in a sleek aluminum body and tuned via the MOZA Pit House [&hellip;]<\/p>\n","protected":false},"featured_media":5451,"template":"","meta":{"_acf_changed":false},"product_brand":[516],"product_cat":[484],"product_tag":[414,412,413,375],"class_list":{"0":"post-5450","1":"product","2":"type-product","3":"status-publish","4":"has-post-thumbnail","6":"product_brand-moza-racing","7":"product_cat-wheelbase","8":"product_tag-mbf25","9":"product_tag-moza","10":"product_tag-moza-racing","11":"product_tag-wheelbase","13":"first","14":"instock","15":"taxable","16":"shipping-taxable","17":"purchasable","18":"product-type-simple"},"acf":[],"_links":{"self":[{"href":"https:\/\/www.noxgaming.ca\/fr\/wp-json\/wp\/v2\/product\/5450","targetHints":{"allow":["GET"]}}],"collection":[{"href":"https:\/\/www.noxgaming.ca\/fr\/wp-json\/wp\/v2\/product"}],"about":[{"href":"https:\/\/www.noxgaming.ca\/fr\/wp-json\/wp\/v2\/types\/product"}],"wp:featuredmedia":[{"embeddable":true,"href":"https:\/\/www.noxgaming.ca\/fr\/wp-json\/wp\/v2\/media\/5451"}],"wp:attachment":[{"href":"https:\/\/www.noxgaming.ca\/fr\/wp-json\/wp\/v2\/media?parent=5450"}],"wp:term":[{"taxonomy":"product_brand","embeddable":true,"href":"https:\/\/www.noxgaming.ca\/fr\/wp-json\/wp\/v2\/product_brand?post=5450"},{"taxonomy":"product_cat","embeddable":true,"href":"https:\/\/www.noxgaming.ca\/fr\/wp-json\/wp\/v2\/product_cat?post=5450"},{"taxonomy":"product_tag","embeddable":true,"href":"https:\/\/www.noxgaming.ca\/fr\/wp-json\/wp\/v2\/product_tag?post=5450"}],"curies":[{"name":"wp","href":"https:\/\/api.w.org\/{rel}","templated":true}]}}