{"id":5438,"date":"2025-08-07T20:07:15","date_gmt":"2025-08-08T00:07:15","guid":{"rendered":"https:\/\/www.noxgaming.ca\/product\/moza-r16-v2-direct-drive-wheelbase\/"},"modified":"2026-04-17T13:43:15","modified_gmt":"2026-04-17T17:43:15","slug":"moza-r16-v2-direct-drive-wheelbase","status":"publish","type":"product","link":"https:\/\/www.noxgaming.ca\/fr\/product\/moza-r16-v2-direct-drive-wheelbase\/","title":{"rendered":"MOZA R16 V2 Base Direct Drive"},"content":{"rendered":"<p>Le MOZA R16 V2 offre une exp\u00e9rience de course sim sans compromis gr\u00e2ce \u00e0 un couple de 16 Nm \u00e0 entra\u00eenement direct, un encodeur magn\u00e9tique de 21 bits et un servomoteur \u00e0 p\u00f4les inclin\u00e9s haute performance. Construit avec un corps en aluminium de qualit\u00e9 a\u00e9ronautique et aliment\u00e9 par l'algorithme avanc\u00e9 de retour de force NexGen 4.0, le R16 V2 offre une pr\u00e9cision, une fluidit\u00e9 et un r\u00e9alisme in\u00e9gal\u00e9s pour les simulateurs de course comp\u00e9titifs.<\/p>\n<ul>\n<li><strong data-start=\"69\" data-end=\"83\">Plateforme<\/strong>: PC<\/li>\n<li><strong data-start=\"91\" data-end=\"127\">Syst\u00e8me de retour de force (FFB<\/strong> ) : Entra\u00eenement direct<\/li>\n<li><strong data-start=\"145\" data-end=\"176\" data-is-only-node=\"\">Rotation maximale du volant<\/strong>: 90\u00b0~2700\u00b0<\/li>\n<li><strong data-start=\"193\" data-end=\"216\">Mat\u00e9riau de l'\u00e9tui<\/strong>: Alliage d'aluminium de qualit\u00e9 a\u00e9ronautique<\/li>\n<li><strong data-start=\"265\" data-end=\"276\">Couleur<\/strong>: Noir<\/li>\n<li><strong data-start=\"286\" data-end=\"306\">Couple de pointe<\/strong>: 16 N-m<\/li>\n<li><strong data-start=\"318\" data-end=\"340\">Puissance maximale<\/strong>: 360 W<\/li>\n<li><strong data-start=\"351\" data-end=\"371\">Tension d'entr\u00e9e<\/strong>: 110V~220V AC \u2192 36V DC<\/li>\n<li><strong data-start=\"398\" data-end=\"430\">Taux de rafra\u00eechissement USB<\/strong>: 1000 Hz<\/li>\n<li><strong data-start=\"443\" data-end=\"476\">T\u00e9moin d'empattement <\/strong>: Pris en charge<\/li>\n<li><strong data-start=\"485\" data-end=\"519\">Fonctionnalit\u00e9 de l'application<\/strong>: Oui<\/li>\n<li><strong data-start=\"528\" data-end=\"556\">Syst\u00e8me de fixation rapide<\/strong>: MOZA Quick Release<\/li>\n<li><strong data-start=\"580\" data-end=\"602\">Ports de connexion<\/strong>: alimentation, USB, p\u00e9dales, tableau de bord, levier de vitesse, frein \u00e0 main, arr\u00eat d'urgence<\/li>\n<li><strong data-start=\"689\" data-end=\"711\">M\u00e9thode de montage<\/strong>: Montage par le bas<\/li>\n<li><strong data-start=\"739\" data-end=\"768\">Option de montage lat\u00e9ral<\/strong>: Avec support lat\u00e9ral\/frontal en option<\/li>\n<li><strong data-start=\"812\" data-end=\"834\">Montage sur table<\/strong>: Vendu s\u00e9par\u00e9ment<\/li>\n<li><strong data-start=\"851\" data-end=\"870\">Montage lat\u00e9ral<\/strong>: Vendu s\u00e9par\u00e9ment<\/li>\n<li><strong data-start=\"885\" data-end=\"913\">Bouton d'arr\u00eat d'urgence<\/strong>: Vendu s\u00e9par\u00e9ment<\/li>\n<li><strong data-start=\"928\" data-end=\"955\">Mise \u00e0 jour du micrologiciel<\/strong>: Applicable<\/li>\n<li><strong data-start=\"964\" data-end=\"990\">Dimensions (L x L x H)<\/strong>: 327 \u00d7 170 \u00d7 130 mm<\/li>\n<li><strong data-start=\"1014\" data-end=\"1023\">Poids<\/strong>: 8,9 kg<\/li>\n<\/ul>","protected":false},"excerpt":{"rendered":"<p>The MOZA R16 V2 delivers an uncompromising sim racing experience with 16Nm of direct drive torque, a 21-bit magnetic encoder, and a high-performance slanted pole servo motor. Built with an aviation-grade aluminum body and powered by the advanced NexGen 4.0 force feedback algorithm, the R16 V2 offers unmatched precision, smoothness, and realism for competitive sim [&hellip;]<\/p>\n","protected":false},"featured_media":5439,"template":"","meta":{"_acf_changed":false},"product_brand":[516],"product_cat":[484],"product_tag":[414,412,413,375],"class_list":{"0":"post-5438","1":"product","2":"type-product","3":"status-publish","4":"has-post-thumbnail","6":"product_brand-moza-racing","7":"product_cat-wheelbase","8":"product_tag-mbf25","9":"product_tag-moza","10":"product_tag-moza-racing","11":"product_tag-wheelbase","13":"first","14":"instock","15":"taxable","16":"shipping-taxable","17":"purchasable","18":"product-type-simple"},"acf":[],"_links":{"self":[{"href":"https:\/\/www.noxgaming.ca\/fr\/wp-json\/wp\/v2\/product\/5438","targetHints":{"allow":["GET"]}}],"collection":[{"href":"https:\/\/www.noxgaming.ca\/fr\/wp-json\/wp\/v2\/product"}],"about":[{"href":"https:\/\/www.noxgaming.ca\/fr\/wp-json\/wp\/v2\/types\/product"}],"wp:featuredmedia":[{"embeddable":true,"href":"https:\/\/www.noxgaming.ca\/fr\/wp-json\/wp\/v2\/media\/5439"}],"wp:attachment":[{"href":"https:\/\/www.noxgaming.ca\/fr\/wp-json\/wp\/v2\/media?parent=5438"}],"wp:term":[{"taxonomy":"product_brand","embeddable":true,"href":"https:\/\/www.noxgaming.ca\/fr\/wp-json\/wp\/v2\/product_brand?post=5438"},{"taxonomy":"product_cat","embeddable":true,"href":"https:\/\/www.noxgaming.ca\/fr\/wp-json\/wp\/v2\/product_cat?post=5438"},{"taxonomy":"product_tag","embeddable":true,"href":"https:\/\/www.noxgaming.ca\/fr\/wp-json\/wp\/v2\/product_tag?post=5438"}],"curies":[{"name":"wp","href":"https:\/\/api.w.org\/{rel}","templated":true}]}}