{"id":5429,"date":"2025-08-07T20:07:15","date_gmt":"2025-08-08T00:07:15","guid":{"rendered":"https:\/\/www.noxgaming.ca\/product\/moza-r9-v3-direct-drive-wheelbase\/"},"modified":"2026-04-17T13:43:20","modified_gmt":"2026-04-17T17:43:20","slug":"moza-r9-v3-direct-drive-wheelbase","status":"publish","type":"product","link":"https:\/\/www.noxgaming.ca\/fr\/product\/moza-r9-v3-direct-drive-wheelbase\/","title":{"rendered":"MOZA R9 V3 Base Direct Drive"},"content":{"rendered":"<p>Le MOZA R9 est l'empattement pour les coureurs qui veulent prendre les choses au s\u00e9rieux. Ce produit de pointe offre un couple de 9 Nm \u00e0 partir d'un servomoteur \u00e0 entra\u00eenement direct, ce qui garantit des performances in\u00e9gal\u00e9es. Fabriqu\u00e9 avec un alliage d'aluminium de qualit\u00e9 a\u00e9ronautique, il combine un poids minimum avec un couple maximum. Avec une alimentation et une communication sans fil, un contr\u00f4le intelligent de la temp\u00e9rature et un assemblage facile, c'est un jeu d'enfant \u00e0 utiliser. Fais l'exp\u00e9rience d'un contr\u00f4le comme jamais auparavant avec le centre de contr\u00f4le MOZA Pit House et profite d'un fonctionnement transparent gr\u00e2ce \u00e0 l'APP Cloud Control.<\/p>\n<p><strong data-start=\"69\" data-end=\"83\">Plateforme <\/strong>: PC<br data-start=\"88\" data-end=\"91\" \/><strong data-start=\"91\" data-end=\"127\">Syst\u00e8me de retour de force (FFB<\/strong> ) : Entra\u00eenement direct<br data-start=\"142\" data-end=\"145\" \/><strong data-start=\"145\" data-end=\"176\" data-is-only-node=\"\">Rotation maximale du volant<\/strong>: Illimit\u00e9<br data-start=\"188\" data-end=\"191\" \/><strong data-start=\"191\" data-end=\"211\">Couple de pointe<\/strong>: 9 N-m<br data-start=\"219\" data-end=\"222\" \/><strong data-start=\"222\" data-end=\"244\">Puissance de cr\u00eate<\/strong>: 180 W<br data-start=\"252\" data-end=\"255\" \/><strong data-start=\"255\" data-end=\"275\">Tension d'entr\u00e9e<\/strong>: 110V~220V AC \u2192 36V DC<br data-start=\"299\" data-end=\"302\" \/><strong data-start=\"302\" data-end=\"334\">Taux de rafra\u00eechissement USB<\/strong>: 1000 Hz<br data-start=\"344\" data-end=\"347\" \/><strong data-start=\"347\" data-end=\"380\">T\u00e9moin d'empattement <\/strong>: Pris en charge<br data-start=\"386\" data-end=\"389\" \/><strong data-start=\"389\" data-end=\"423\">Fonctionnalit\u00e9 de l'application<\/strong>: Oui (MOZA Pit House &amp; MOZA Mobile App)<br data-start=\"464\" data-end=\"467\" \/><strong data-start=\"467\" data-end=\"495\">Syst\u00e8me de fixation rapide<\/strong>: MOZA Quick Release<br data-start=\"516\" data-end=\"519\" \/><strong data-start=\"519\" data-end=\"541\">Ports de connexion<\/strong>: alimentation, entr\u00e9e DC, p\u00e9dales, E-stop, USB, tableau de bord, levier de vitesse, frein \u00e0 main<br data-start=\"636\" data-end=\"639\" \/><strong data-start=\"639\" data-end=\"666\">Mise \u00e0 jour du micrologiciel<\/strong>: Applicable<br data-start=\"672\" data-end=\"675\" \/><strong data-start=\"675\" data-end=\"712\">Syst\u00e8me de gestion de la temp\u00e9rature<\/strong>: Surveillance intelligente de la temp\u00e9rature et refroidissement actif<br data-start=\"765\" data-end=\"768\" \/><strong data-start=\"768\" data-end=\"780\">Encodeur<\/strong>Encodeur magn\u00e9tique 21 bits (2 097 152 pas par tour)<br data-start=\"838\" data-end=\"841\" \/><strong data-start=\"841\" data-end=\"859\">Type de moteur<\/strong>: Servomoteur haute performance (configuration 18 fentes \/ 16 p\u00f4les).<br data-start=\"928\" data-end=\"931\" \/><strong data-start=\"931\" data-end=\"954\">Mat\u00e9riau de l'\u00e9tui<\/strong>: Alliage d'aluminium de qualit\u00e9 a\u00e9ronautique<br data-start=\"1000\" data-end=\"1003\" \/><strong data-start=\"1003\" data-end=\"1014\">Couleur<\/strong>: Noir<br data-start=\"1021\" data-end=\"1024\" \/><strong data-start=\"1024\" data-end=\"1047\">M\u00e9thodes de montage<\/strong>: Support \u00e0 4 trous (montage par le bas), compatible avec le montage sur table et le montage lat\u00e9ral (en option).<br data-start=\"1158\" data-end=\"1161\" \/><strong data-start=\"1161\" data-end=\"1183\">Montage sur table<\/strong>: Vendu s\u00e9par\u00e9ment<br data-start=\"1197\" data-end=\"1200\" \/><strong data-start=\"1200\" data-end=\"1219\">Montage lat\u00e9ral<\/strong>: Vendu s\u00e9par\u00e9ment<br data-start=\"1231\" data-end=\"1234\" \/><strong data-start=\"1234\" data-end=\"1262\">Bouton d'arr\u00eat d'urgence<\/strong>: Vendu s\u00e9par\u00e9ment<br data-start=\"1274\" data-end=\"1277\" \/><strong data-start=\"1277\" data-end=\"1303\">Dimensions (L x L x H)<\/strong>: 240 \u00d7 157 \u00d7 124 mm<br data-start=\"1324\" data-end=\"1327\" \/><strong data-start=\"1327\" data-end=\"1349\">Inclus<\/strong>: Manuel d'utilisation, carte de garantie, bloc d'alimentation, c\u00e2ble USB, kit d'outils.<\/p>","protected":false},"excerpt":{"rendered":"<p>The MOZA R9 is the wheelbase for the racers that want to take it seriously. This cutting-edge product offers 9 Nm of torque from a direct-drive servo motor, ensuring unparalleled performance. Crafted with aviation-grade aluminum alloy, it combines minimum weight with maximum torque. With wireless power and communication, smart temperature control, and easy assembly, it\u2019s [&hellip;]<\/p>\n","protected":false},"featured_media":5430,"template":"","meta":{"_acf_changed":false},"product_brand":[516],"product_cat":[484],"product_tag":[414,412,413,319,375],"class_list":{"0":"post-5429","1":"product","2":"type-product","3":"status-publish","4":"has-post-thumbnail","6":"product_brand-moza-racing","7":"product_cat-wheelbase","8":"product_tag-mbf25","9":"product_tag-moza","10":"product_tag-moza-racing","11":"product_tag-tagbf25","12":"product_tag-wheelbase","14":"first","15":"instock","16":"taxable","17":"shipping-taxable","18":"purchasable","19":"product-type-simple"},"acf":[],"_links":{"self":[{"href":"https:\/\/www.noxgaming.ca\/fr\/wp-json\/wp\/v2\/product\/5429","targetHints":{"allow":["GET"]}}],"collection":[{"href":"https:\/\/www.noxgaming.ca\/fr\/wp-json\/wp\/v2\/product"}],"about":[{"href":"https:\/\/www.noxgaming.ca\/fr\/wp-json\/wp\/v2\/types\/product"}],"wp:featuredmedia":[{"embeddable":true,"href":"https:\/\/www.noxgaming.ca\/fr\/wp-json\/wp\/v2\/media\/5430"}],"wp:attachment":[{"href":"https:\/\/www.noxgaming.ca\/fr\/wp-json\/wp\/v2\/media?parent=5429"}],"wp:term":[{"taxonomy":"product_brand","embeddable":true,"href":"https:\/\/www.noxgaming.ca\/fr\/wp-json\/wp\/v2\/product_brand?post=5429"},{"taxonomy":"product_cat","embeddable":true,"href":"https:\/\/www.noxgaming.ca\/fr\/wp-json\/wp\/v2\/product_cat?post=5429"},{"taxonomy":"product_tag","embeddable":true,"href":"https:\/\/www.noxgaming.ca\/fr\/wp-json\/wp\/v2\/product_tag?post=5429"}],"curies":[{"name":"wp","href":"https:\/\/api.w.org\/{rel}","templated":true}]}}