{"id":5421,"date":"2025-08-07T20:07:15","date_gmt":"2025-08-08T00:07:15","guid":{"rendered":"https:\/\/www.noxgaming.ca\/product\/moza-r12-v2-wheelbase\/"},"modified":"2026-04-17T13:43:24","modified_gmt":"2026-04-17T17:43:24","slug":"moza-r12-v2-wheelbase","status":"publish","type":"product","link":"https:\/\/www.noxgaming.ca\/fr\/product\/moza-r12-v2-wheelbase\/","title":{"rendered":"MOZA R12 V2 Base Direct Drive"},"content":{"rendered":"<p>Le MOZA R12 V2 est une base roulante \u00e0 entra\u00eenement direct de 12Nm pour les courses sim professionnelles. Dot\u00e9e d'un servomoteur \u00e0 couple \u00e9lev\u00e9, d'une conception \u00e0 p\u00f4les obliques \u00e0 faible engrenage et de l'algorithme de retour de force NexGen 4.0, elle offre une conduite fluide, pr\u00e9cise et immersive. Construit en alliage d'aluminium de qualit\u00e9 a\u00e9rospatiale avec un refroidissement actif et une int\u00e9gration logicielle compl\u00e8te, le R12 V2 offre des performances et une fiabilit\u00e9 de premier ordre pour les pilotes de comp\u00e9tition.<\/p>\n<p><strong data-start=\"83\" data-end=\"97\">Plateforme<\/strong>: PC<br data-start=\"102\" data-end=\"105\" \/><strong data-start=\"105\" data-end=\"141\">Syst\u00e8me de retour de force (FFB<\/strong> ) : Entra\u00eenement direct<br data-start=\"156\" data-end=\"159\" \/><strong data-start=\"159\" data-end=\"190\" data-is-only-node=\"\">Rotation maximale du volant<\/strong>: Illimit\u00e9<br data-start=\"202\" data-end=\"205\" \/><strong data-start=\"205\" data-end=\"228\">Mat\u00e9riau de l'\u00e9tui<\/strong>: Alliage d'aluminium de qualit\u00e9 a\u00e9ronautique<br data-start=\"274\" data-end=\"277\" \/><strong data-start=\"277\" data-end=\"288\">Couleur<\/strong>: Noir<br data-start=\"295\" data-end=\"298\" \/><strong data-start=\"298\" data-end=\"318\">Couple de pointe<\/strong>: 12 Nm<br data-start=\"327\" data-end=\"330\" \/><strong data-start=\"330\" data-end=\"352\">Puissance de cr\u00eate<\/strong>: 216 W<br data-start=\"360\" data-end=\"363\" \/><strong data-start=\"363\" data-end=\"383\">Tension d'entr\u00e9e<\/strong>: 110V~220V AC \u2192 36V DC<br data-start=\"407\" data-end=\"410\" \/><strong data-start=\"410\" data-end=\"442\">Taux de rafra\u00eechissement USB<\/strong>: 1000 Hz<br data-start=\"452\" data-end=\"455\" \/><strong data-start=\"455\" data-end=\"484\">T\u00e9moin d'empattement<\/strong>: Oui<br data-start=\"490\" data-end=\"493\" \/><strong data-start=\"493\" data-end=\"527\">Fonctionnalit\u00e9 de l'application<\/strong>: Oui<br data-start=\"533\" data-end=\"536\" \/><strong data-start=\"536\" data-end=\"564\">Syst\u00e8me de fixation rapide<\/strong>: MOZA Quick Release<br data-start=\"585\" data-end=\"588\" \/><strong data-start=\"588\" data-end=\"610\">Ports de connexion<\/strong>: alimentation, USB, p\u00e9dales, tableau de bord, levier de vitesse, frein \u00e0 main, arr\u00eat d'urgence<br data-start=\"694\" data-end=\"697\" \/><strong data-start=\"697\" data-end=\"720\">M\u00e9thode de montage<\/strong>: Montage par le bas<br data-start=\"745\" data-end=\"748\" \/><strong data-start=\"748\" data-end=\"777\">Option de montage lat\u00e9ral<\/strong>: Support \u00e0 4 trous (montage par le bas)<br data-start=\"820\" data-end=\"823\" \/><strong data-start=\"823\" data-end=\"845\">Montage sur table<\/strong>: Vendu s\u00e9par\u00e9ment<br data-start=\"859\" data-end=\"862\" \/><strong data-start=\"862\" data-end=\"890\">Bouton d'arr\u00eat d'urgence<\/strong>: Vendu s\u00e9par\u00e9ment<br data-start=\"902\" data-end=\"905\" \/><strong data-start=\"905\" data-end=\"933\">Mises \u00e0 jour du micrologiciel<\/strong>: Applicable<br data-start=\"939\" data-end=\"942\" \/><strong data-start=\"942\" data-end=\"968\">Dimensions (L x L x H)<\/strong>: 225,87 \u00d7 156,68 \u00d7 123,99 mm<br data-start=\"998\" data-end=\"1001\" \/><strong data-start=\"1001\" data-end=\"1010\">Poids<\/strong>: 7,5 kg<\/p>","protected":false},"excerpt":{"rendered":"<p>The MOZA R12 V2 is a 12Nm direct drive wheel base for professional sim racing. Featuring a high-torque servo motor, low-cogging skewed-pole design, and the NexGen 4.0 force feedback algorithm, it delivers smooth, precise, and immersive driving. Built from aerospace-grade aluminum alloy with active cooling and full software integration, the R12 V2 offers top-tier performance [&hellip;]<\/p>\n","protected":false},"featured_media":5422,"template":"","meta":{"_acf_changed":false},"product_brand":[516],"product_cat":[484],"product_tag":[414,412,413,319,375],"class_list":{"0":"post-5421","1":"product","2":"type-product","3":"status-publish","4":"has-post-thumbnail","6":"product_brand-moza-racing","7":"product_cat-wheelbase","8":"product_tag-mbf25","9":"product_tag-moza","10":"product_tag-moza-racing","11":"product_tag-tagbf25","12":"product_tag-wheelbase","14":"first","15":"instock","16":"taxable","17":"shipping-taxable","18":"purchasable","19":"product-type-simple"},"acf":[],"_links":{"self":[{"href":"https:\/\/www.noxgaming.ca\/fr\/wp-json\/wp\/v2\/product\/5421","targetHints":{"allow":["GET"]}}],"collection":[{"href":"https:\/\/www.noxgaming.ca\/fr\/wp-json\/wp\/v2\/product"}],"about":[{"href":"https:\/\/www.noxgaming.ca\/fr\/wp-json\/wp\/v2\/types\/product"}],"wp:featuredmedia":[{"embeddable":true,"href":"https:\/\/www.noxgaming.ca\/fr\/wp-json\/wp\/v2\/media\/5422"}],"wp:attachment":[{"href":"https:\/\/www.noxgaming.ca\/fr\/wp-json\/wp\/v2\/media?parent=5421"}],"wp:term":[{"taxonomy":"product_brand","embeddable":true,"href":"https:\/\/www.noxgaming.ca\/fr\/wp-json\/wp\/v2\/product_brand?post=5421"},{"taxonomy":"product_cat","embeddable":true,"href":"https:\/\/www.noxgaming.ca\/fr\/wp-json\/wp\/v2\/product_cat?post=5421"},{"taxonomy":"product_tag","embeddable":true,"href":"https:\/\/www.noxgaming.ca\/fr\/wp-json\/wp\/v2\/product_tag?post=5421"}],"curies":[{"name":"wp","href":"https:\/\/api.w.org\/{rel}","templated":true}]}}