{"id":5407,"date":"2025-08-07T20:07:16","date_gmt":"2025-08-08T00:07:16","guid":{"rendered":"https:\/\/www.noxgaming.ca\/product\/moza-lamborghini-essenza-scv12-steering-wheel\/"},"modified":"2026-04-17T13:43:06","modified_gmt":"2026-04-17T17:43:06","slug":"moza-lamborghini-essenza-scv12-steering-wheel","status":"publish","type":"product","link":"https:\/\/www.noxgaming.ca\/fr\/product\/moza-lamborghini-essenza-scv12-steering-wheel\/","title":{"rendered":"MOZA X LAMBORGHINI : volant ESSENZA SCV12"},"content":{"rendered":"<p>Ce volant de course sim premium reproduit le volant de l'hypercar Automobili Lamborghini Essenza SCV12, un chef-d'\u0153uvre en \u00e9dition limit\u00e9e avec seulement 40 voitures construites. Fabriqu\u00e9 avec l'ADN de course propre \u00e0 Automobili Lamborghini, il b\u00e9n\u00e9ficie d'un design exceptionnel, de mat\u00e9riaux de premier ordre et d'une fabrication impeccable. En tant que produit sous licence officielle, elle offre une exp\u00e9rience de simulation de course in\u00e9gal\u00e9e, parfaite pour les passionn\u00e9s d'Automobili Lamborghini, les propri\u00e9taires et les simulateurs de course d\u00e9vou\u00e9s qui recherchent le summum du r\u00e9alisme.<\/p>","protected":false},"excerpt":{"rendered":"<p>This premium sim racing wheel replicates the steering wheel of the Automobili Lamborghini Essenza SCV12 hypercar, a limited edition masterpiece with just 40 cars built. Crafted with Automobili Lamborghini&#8217;s signature racing DNA, it boasts exceptional design, top-tier materials, and impeccable craftsmanship. As an officially licensed product, it delivers an unparalleled sim racing experience, perfect for [&hellip;]<\/p>\n","protected":false},"featured_media":5408,"template":"","meta":{"_acf_changed":false},"product_brand":[516],"product_cat":[490],"product_tag":[412,413,337],"class_list":{"0":"post-5407","1":"product","2":"type-product","3":"status-publish","4":"has-post-thumbnail","6":"product_brand-moza-racing","7":"product_cat-wheels-en","8":"product_tag-moza","9":"product_tag-moza-racing","10":"product_tag-steering-wheels","12":"first","13":"instock","14":"taxable","15":"shipping-taxable","16":"purchasable","17":"product-type-simple"},"acf":[],"_links":{"self":[{"href":"https:\/\/www.noxgaming.ca\/fr\/wp-json\/wp\/v2\/product\/5407","targetHints":{"allow":["GET"]}}],"collection":[{"href":"https:\/\/www.noxgaming.ca\/fr\/wp-json\/wp\/v2\/product"}],"about":[{"href":"https:\/\/www.noxgaming.ca\/fr\/wp-json\/wp\/v2\/types\/product"}],"wp:featuredmedia":[{"embeddable":true,"href":"https:\/\/www.noxgaming.ca\/fr\/wp-json\/wp\/v2\/media\/5408"}],"wp:attachment":[{"href":"https:\/\/www.noxgaming.ca\/fr\/wp-json\/wp\/v2\/media?parent=5407"}],"wp:term":[{"taxonomy":"product_brand","embeddable":true,"href":"https:\/\/www.noxgaming.ca\/fr\/wp-json\/wp\/v2\/product_brand?post=5407"},{"taxonomy":"product_cat","embeddable":true,"href":"https:\/\/www.noxgaming.ca\/fr\/wp-json\/wp\/v2\/product_cat?post=5407"},{"taxonomy":"product_tag","embeddable":true,"href":"https:\/\/www.noxgaming.ca\/fr\/wp-json\/wp\/v2\/product_tag?post=5407"}],"curies":[{"name":"wp","href":"https:\/\/api.w.org\/{rel}","templated":true}]}}