{"id":5400,"date":"2025-08-07T20:07:16","date_gmt":"2025-08-08T00:07:16","guid":{"rendered":"https:\/\/www.noxgaming.ca\/product\/moza-vgs-vision-gs-steering-wheel\/"},"modified":"2026-04-17T13:43:05","modified_gmt":"2026-04-17T17:43:05","slug":"moza-vgs-vision-gs-steering-wheel","status":"publish","type":"product","link":"https:\/\/www.noxgaming.ca\/fr\/product\/moza-vgs-vision-gs-steering-wheel\/","title":{"rendered":"MOZA VGS (Vision GS) Volant"},"content":{"rendered":"<p>Fais l'exp\u00e9rience d'un contr\u00f4le in\u00e9gal\u00e9 et d'un design futuriste avec le volant MOZA Vision GS. Mesurant 310 mm, il est dot\u00e9 d'un \u00e9cran tactile circulaire HD de 2,85 pouces, d'une interface utilisateur personnalisable et d'un processeur quadric\u0153ur pour un rendu d'affichage en temps r\u00e9el. Fabriqu\u00e9 en aluminium de qualit\u00e9 a\u00e9rospatiale et en fibre de carbone, il b\u00e9n\u00e9ficie d'une construction robuste avec des poign\u00e9es en cuir microfibre cousues \u00e0 la main. La roue comprend des indicateurs de vitesse de rotation mont\u00e9s sur le dessus, des boutons RVB \u00e0 faible course et 72 entr\u00e9es programmables. Compatible avec toutes les bases MOZA et les syst\u00e8mes tiers, il offre une connectivit\u00e9 transparente gr\u00e2ce \u00e0 des bagues collectrices sans fil et conductrices. Fais passer tes courses au niveau sup\u00e9rieur avec le volant MOZA Vision GS.<\/p>","protected":false},"excerpt":{"rendered":"<p>Experience unparalleled control and futuristic design with the MOZA Vision GS Wheel. Measuring 310mm, it features a 2.85-inch HD circular touch screen, a customizable UI, and a quad-core processor for real-time display rendering. Crafted from aerospace-grade aluminum and carbon fiber, it boasts a robust construction with hand-stitched microfiber leather grips. The wheel includes top-mounted RPM [&hellip;]<\/p>\n","protected":false},"featured_media":5401,"template":"","meta":{"_acf_changed":false},"product_brand":[516],"product_cat":[490],"product_tag":[414,412,413,337],"class_list":{"0":"post-5400","1":"product","2":"type-product","3":"status-publish","4":"has-post-thumbnail","6":"product_brand-moza-racing","7":"product_cat-wheels-en","8":"product_tag-mbf25","9":"product_tag-moza","10":"product_tag-moza-racing","11":"product_tag-steering-wheels","13":"first","14":"instock","15":"taxable","16":"shipping-taxable","17":"purchasable","18":"product-type-simple"},"acf":[],"_links":{"self":[{"href":"https:\/\/www.noxgaming.ca\/fr\/wp-json\/wp\/v2\/product\/5400","targetHints":{"allow":["GET"]}}],"collection":[{"href":"https:\/\/www.noxgaming.ca\/fr\/wp-json\/wp\/v2\/product"}],"about":[{"href":"https:\/\/www.noxgaming.ca\/fr\/wp-json\/wp\/v2\/types\/product"}],"wp:featuredmedia":[{"embeddable":true,"href":"https:\/\/www.noxgaming.ca\/fr\/wp-json\/wp\/v2\/media\/5401"}],"wp:attachment":[{"href":"https:\/\/www.noxgaming.ca\/fr\/wp-json\/wp\/v2\/media?parent=5400"}],"wp:term":[{"taxonomy":"product_brand","embeddable":true,"href":"https:\/\/www.noxgaming.ca\/fr\/wp-json\/wp\/v2\/product_brand?post=5400"},{"taxonomy":"product_cat","embeddable":true,"href":"https:\/\/www.noxgaming.ca\/fr\/wp-json\/wp\/v2\/product_cat?post=5400"},{"taxonomy":"product_tag","embeddable":true,"href":"https:\/\/www.noxgaming.ca\/fr\/wp-json\/wp\/v2\/product_tag?post=5400"}],"curies":[{"name":"wp","href":"https:\/\/api.w.org\/{rel}","templated":true}]}}