{"id":5362,"date":"2025-08-07T20:07:18","date_gmt":"2025-08-08T00:07:18","guid":{"rendered":"https:\/\/www.noxgaming.ca\/product\/moza-cs-v2p-steering-wheel\/"},"modified":"2026-04-17T13:42:57","modified_gmt":"2026-04-17T17:42:57","slug":"moza-cs-v2p-steering-wheel","status":"publish","type":"product","link":"https:\/\/www.noxgaming.ca\/fr\/product\/moza-cs-v2p-steering-wheel\/","title":{"rendered":"Volant MOZA CS V2P"},"content":{"rendered":"<p>Lib\u00e8re tout ton potentiel sur la piste avec le CS V2P et fais passer ton exp\u00e9rience de la course au niveau sup\u00e9rieur. Durabilit\u00e9 garantie et esth\u00e9tique \u00e9pur\u00e9e gr\u00e2ce \u00e0 son cadre en alliage d'aluminium de qualit\u00e9 aviation. Blocage rapide personnalis\u00e9 pour une installation et un retrait faciles. Dot\u00e9 de palettes de changement de vitesse photo\u00e9lectriques en fibre de carbone pour des changements de vitesse pr\u00e9cis et r\u00e9actifs. L'indicateur lumineux s\u00e9quentiel RVB du shifter ajoute une touche dynamique \u00e0 ta configuration de course. Boutons de touches m\u00e9caniques programmables pour personnaliser tes commandes en fonction de tes pr\u00e9f\u00e9rences.<\/p>","protected":false},"excerpt":{"rendered":"<p>Unleash your full potential on the track with the CS V2P and bring your racing experience to the next level. Guaranteed durability and a sleek aesthetic thanks to its aviation-grade aluminum alloy frame. Customized Quick Release for easy installation and removal. Featuring Carbon Fiber photoelectric shifter paddles for precise and responsive gear changes. The RGB [&hellip;]<\/p>\n","protected":false},"featured_media":5363,"template":"","meta":{"_acf_changed":false},"product_brand":[516],"product_cat":[490],"product_tag":[414,412,413,337,319],"class_list":{"0":"post-5362","1":"product","2":"type-product","3":"status-publish","4":"has-post-thumbnail","6":"product_brand-moza-racing","7":"product_cat-wheels-en","8":"product_tag-mbf25","9":"product_tag-moza","10":"product_tag-moza-racing","11":"product_tag-steering-wheels","12":"product_tag-tagbf25","14":"first","15":"instock","16":"taxable","17":"shipping-taxable","18":"purchasable","19":"product-type-simple"},"acf":[],"_links":{"self":[{"href":"https:\/\/www.noxgaming.ca\/fr\/wp-json\/wp\/v2\/product\/5362","targetHints":{"allow":["GET"]}}],"collection":[{"href":"https:\/\/www.noxgaming.ca\/fr\/wp-json\/wp\/v2\/product"}],"about":[{"href":"https:\/\/www.noxgaming.ca\/fr\/wp-json\/wp\/v2\/types\/product"}],"wp:featuredmedia":[{"embeddable":true,"href":"https:\/\/www.noxgaming.ca\/fr\/wp-json\/wp\/v2\/media\/5363"}],"wp:attachment":[{"href":"https:\/\/www.noxgaming.ca\/fr\/wp-json\/wp\/v2\/media?parent=5362"}],"wp:term":[{"taxonomy":"product_brand","embeddable":true,"href":"https:\/\/www.noxgaming.ca\/fr\/wp-json\/wp\/v2\/product_brand?post=5362"},{"taxonomy":"product_cat","embeddable":true,"href":"https:\/\/www.noxgaming.ca\/fr\/wp-json\/wp\/v2\/product_cat?post=5362"},{"taxonomy":"product_tag","embeddable":true,"href":"https:\/\/www.noxgaming.ca\/fr\/wp-json\/wp\/v2\/product_tag?post=5362"}],"curies":[{"name":"wp","href":"https:\/\/api.w.org\/{rel}","templated":true}]}}