{"id":5348,"date":"2025-08-07T20:07:18","date_gmt":"2025-08-08T00:07:18","guid":{"rendered":"https:\/\/www.noxgaming.ca\/product\/moza-mbooster-pedal-set\/"},"modified":"2026-04-17T13:42:54","modified_gmt":"2026-04-17T17:42:54","slug":"moza-mbooster-pedal-set","status":"publish","type":"product","link":"https:\/\/www.noxgaming.ca\/fr\/product\/moza-mbooster-pedal-set\/","title":{"rendered":"MOZA mBooster Pedal set avec p\u00e9dale active"},"content":{"rendered":"<p>Le jeu de p\u00e9dales actives MOZA mBooster introduit un v\u00e9ritable retour de force dans tes p\u00e9dales. Sa p\u00e9dale active motoris\u00e9e contient deux cellules de charge de 200 kg, un encodeur magn\u00e9tique de 21 bits et des capteurs d'angle de 15 bits pour fournir des signaux silencieux (&lt; 44 dB) d&#039;ABS, de perte de traction et de vibration du moteur. Mont\u00e9 sur une plaque de base rigide en aluminium, l&#039;ensemble associe ce frein \u00e0 une p\u00e9dale d&#039;acc\u00e9l\u00e9rateur CRP2 pour une disposition \u00e0 deux p\u00e9dales pr\u00eate \u00e0 l&#039;emploi qui peut ajouter un embrayage plus tard. Le logiciel MOZA Pit House te permet d&#039;intervertir les r\u00f4les et de r\u00e9gler avec pr\u00e9cision le d\u00e9battement, le point de morsure et la rigidit\u00e9 en un seul clic, tandis que l&#039;int\u00e9gration plug-and-play transparente permet de garder le tout propre comme du papier MOZA.<\/p>","protected":false},"excerpt":{"rendered":"<p>The MOZA mBooster Active Pedal Set introduces true force-feedback to your pedals. Its motor-driven Active Pedal houses dual 200 kg load-cells, a 21-bit magnetic encoder, and 15-bit angle sensors to deliver quiet (&lt; 44 dB) ABS, traction-loss, and engine-vibration cues. Mounted on a rigid aluminum baseplate, the bundle pairs this brake with a CRP2 gas [&hellip;]<\/p>\n","protected":false},"featured_media":5349,"template":"","meta":{"_acf_changed":false},"product_brand":[516],"product_cat":[477],"product_tag":[412,413,408,342,335],"class_list":{"0":"post-5348","1":"product","2":"type-product","3":"status-publish","4":"has-post-thumbnail","6":"product_brand-moza-racing","7":"product_cat-pedals-en","8":"product_tag-moza","9":"product_tag-moza-racing","10":"product_tag-pedal-bundles","11":"product_tag-pedals","12":"product_tag-sim-racing","14":"first","15":"instock","16":"taxable","17":"shipping-taxable","18":"purchasable","19":"product-type-simple"},"acf":[],"_links":{"self":[{"href":"https:\/\/www.noxgaming.ca\/fr\/wp-json\/wp\/v2\/product\/5348","targetHints":{"allow":["GET"]}}],"collection":[{"href":"https:\/\/www.noxgaming.ca\/fr\/wp-json\/wp\/v2\/product"}],"about":[{"href":"https:\/\/www.noxgaming.ca\/fr\/wp-json\/wp\/v2\/types\/product"}],"wp:featuredmedia":[{"embeddable":true,"href":"https:\/\/www.noxgaming.ca\/fr\/wp-json\/wp\/v2\/media\/5349"}],"wp:attachment":[{"href":"https:\/\/www.noxgaming.ca\/fr\/wp-json\/wp\/v2\/media?parent=5348"}],"wp:term":[{"taxonomy":"product_brand","embeddable":true,"href":"https:\/\/www.noxgaming.ca\/fr\/wp-json\/wp\/v2\/product_brand?post=5348"},{"taxonomy":"product_cat","embeddable":true,"href":"https:\/\/www.noxgaming.ca\/fr\/wp-json\/wp\/v2\/product_cat?post=5348"},{"taxonomy":"product_tag","embeddable":true,"href":"https:\/\/www.noxgaming.ca\/fr\/wp-json\/wp\/v2\/product_tag?post=5348"}],"curies":[{"name":"wp","href":"https:\/\/api.w.org\/{rel}","templated":true}]}}