{"id":5342,"date":"2025-08-07T20:07:23","date_gmt":"2025-08-08T00:07:23","guid":{"rendered":"https:\/\/www.noxgaming.ca\/product\/moza-mbooster-active-pedal\/"},"modified":"2026-04-17T13:42:50","modified_gmt":"2026-04-17T17:42:50","slug":"moza-mbooster-active-pedal","status":"publish","type":"product","link":"https:\/\/www.noxgaming.ca\/fr\/product\/moza-mbooster-active-pedal\/","title":{"rendered":"P\u00e9dale active MOZA mBooster"},"content":{"rendered":"<p>La p\u00e9dale active MOZA mBooster red\u00e9finit la simulation de course avec un retour de force dynamique r\u00e9aliste et un contr\u00f4le de pr\u00e9cision. Elle offre une pr\u00e9cision et une r\u00e9activit\u00e9 in\u00e9gal\u00e9es et dispose de deux capteurs \u00e0 cellule de charge de 200KG et d'un encodeur magn\u00e9tique haute r\u00e9solution de 21 bits. Le moteur \u00e0 haute densit\u00e9 de couple et le logiciel MOZA Pit House permettent de personnaliser en un clic les fonctions d'acc\u00e9l\u00e9ration, de freinage ou d'embrayage. Avec la sensation de p\u00e9dale r\u00e9glable, l'ABS en temps r\u00e9el, l'antipatinage, les vibrations du moteur et le retour d'information sur la force G, le mBooster garantit une exp\u00e9rience de conduite immersive et fid\u00e8le \u00e0 la r\u00e9alit\u00e9. Compatible avec les p\u00e9dales CRP2 pour des performances accrues et une int\u00e9gration transparente avec les \u00e9cosyst\u00e8mes MOZA Racing.<\/p>","protected":false},"excerpt":{"rendered":"<p>The MOZA mBooster Active Pedal redefines sim racing with realistic dynamic force feedback and precision control. It delivers unparalleled accuracy and responsiveness and features dual 200KG load cell sensors and a 21-bit high-resolution magnetic encoder. The high-torque density motor and MOZA Pit House software enable one-click customization for throttle, brake, or clutch functions. With adjustable [&hellip;]<\/p>\n","protected":false},"featured_media":5343,"template":"","meta":{"_acf_changed":false},"product_brand":[516],"product_cat":[477],"product_tag":[412,413,342,335],"class_list":{"0":"post-5342","1":"product","2":"type-product","3":"status-publish","4":"has-post-thumbnail","6":"product_brand-moza-racing","7":"product_cat-pedals-en","8":"product_tag-moza","9":"product_tag-moza-racing","10":"product_tag-pedals","11":"product_tag-sim-racing","13":"first","14":"instock","15":"taxable","16":"shipping-taxable","17":"purchasable","18":"product-type-simple"},"acf":[],"_links":{"self":[{"href":"https:\/\/www.noxgaming.ca\/fr\/wp-json\/wp\/v2\/product\/5342","targetHints":{"allow":["GET"]}}],"collection":[{"href":"https:\/\/www.noxgaming.ca\/fr\/wp-json\/wp\/v2\/product"}],"about":[{"href":"https:\/\/www.noxgaming.ca\/fr\/wp-json\/wp\/v2\/types\/product"}],"wp:featuredmedia":[{"embeddable":true,"href":"https:\/\/www.noxgaming.ca\/fr\/wp-json\/wp\/v2\/media\/5343"}],"wp:attachment":[{"href":"https:\/\/www.noxgaming.ca\/fr\/wp-json\/wp\/v2\/media?parent=5342"}],"wp:term":[{"taxonomy":"product_brand","embeddable":true,"href":"https:\/\/www.noxgaming.ca\/fr\/wp-json\/wp\/v2\/product_brand?post=5342"},{"taxonomy":"product_cat","embeddable":true,"href":"https:\/\/www.noxgaming.ca\/fr\/wp-json\/wp\/v2\/product_cat?post=5342"},{"taxonomy":"product_tag","embeddable":true,"href":"https:\/\/www.noxgaming.ca\/fr\/wp-json\/wp\/v2\/product_tag?post=5342"}],"curies":[{"name":"wp","href":"https:\/\/api.w.org\/{rel}","templated":true}]}}