{"id":5304,"date":"2025-08-07T20:07:25","date_gmt":"2025-08-08T00:07:25","guid":{"rendered":"https:\/\/www.noxgaming.ca\/product\/moza-hgp-shifter\/"},"modified":"2026-04-17T13:42:44","modified_gmt":"2026-04-17T17:42:44","slug":"moza-hgp-shifter","status":"publish","type":"product","link":"https:\/\/www.noxgaming.ca\/fr\/product\/moza-hgp-shifter\/","title":{"rendered":"MOZA HGP H-Pattern Shifter (changement de vitesse en forme de H)"},"content":{"rendered":"<p>Le s\u00e9lecteur de vitesse MOZA HGP est usin\u00e9 CNC \u00e0 partir d'aluminium anodis\u00e9 de qualit\u00e9 aviation. Il est solide, robuste et fiable. Il comporte sept vitesses avant et une marche arri\u00e8re, ce qui r\u00e9pond aux besoins de multiples sc\u00e9narios de simulation. Le syst\u00e8me de r\u00e9trogradation intelligent brevet\u00e9 de MOZA RACING \u00e9limine le besoin d'expertise en mati\u00e8re de changement de vitesse au niveau du talon et de la pointe. Il est enti\u00e8rement s\u00e9lectionnable et personnalisable dans le MOZA Pit House et am\u00e9liore consid\u00e9rablement l'\u00e9quilibre et la fluidit\u00e9 du v\u00e9hicule pendant les r\u00e9trogradations. Passe \u00e0 la vitesse sup\u00e9rieure avec le MOZA Racing HGP Shifter.<\/p>","protected":false},"excerpt":{"rendered":"<p>The MOZA HGP Shifter is CNC machined from anodized aviation-grade aluminum. It is solid, sturdy, and reliable. It features seven forward and one reverse gear, meeting the needs of multiple simulation scenarios. MOZA RACING\u2019s patented intelligent downshift system eliminates the need for heel and toe shift expertise. It is fully selectable and customizable in the [&hellip;]<\/p>\n","protected":false},"featured_media":5305,"template":"","meta":{"_acf_changed":false},"product_brand":[516],"product_cat":[489],"product_tag":[345,412,413,341],"class_list":{"0":"post-5304","1":"product","2":"type-product","3":"status-publish","4":"has-post-thumbnail","6":"product_brand-moza-racing","7":"product_cat-gear-and-brake-levers","8":"product_tag-gear-and-brake-levers","9":"product_tag-moza","10":"product_tag-moza-racing","11":"product_tag-sim-racing-accessories","13":"first","14":"instock","15":"taxable","16":"shipping-taxable","17":"purchasable","18":"product-type-simple"},"acf":[],"_links":{"self":[{"href":"https:\/\/www.noxgaming.ca\/fr\/wp-json\/wp\/v2\/product\/5304","targetHints":{"allow":["GET"]}}],"collection":[{"href":"https:\/\/www.noxgaming.ca\/fr\/wp-json\/wp\/v2\/product"}],"about":[{"href":"https:\/\/www.noxgaming.ca\/fr\/wp-json\/wp\/v2\/types\/product"}],"wp:featuredmedia":[{"embeddable":true,"href":"https:\/\/www.noxgaming.ca\/fr\/wp-json\/wp\/v2\/media\/5305"}],"wp:attachment":[{"href":"https:\/\/www.noxgaming.ca\/fr\/wp-json\/wp\/v2\/media?parent=5304"}],"wp:term":[{"taxonomy":"product_brand","embeddable":true,"href":"https:\/\/www.noxgaming.ca\/fr\/wp-json\/wp\/v2\/product_brand?post=5304"},{"taxonomy":"product_cat","embeddable":true,"href":"https:\/\/www.noxgaming.ca\/fr\/wp-json\/wp\/v2\/product_cat?post=5304"},{"taxonomy":"product_tag","embeddable":true,"href":"https:\/\/www.noxgaming.ca\/fr\/wp-json\/wp\/v2\/product_tag?post=5304"}],"curies":[{"name":"wp","href":"https:\/\/api.w.org\/{rel}","templated":true}]}}