{"id":5301,"date":"2025-08-07T20:07:25","date_gmt":"2025-08-08T00:07:25","guid":{"rendered":"https:\/\/www.noxgaming.ca\/product\/moza-srp-lite-clutch-pedal\/"},"modified":"2026-04-17T13:42:45","modified_gmt":"2026-04-17T17:42:45","slug":"moza-srp-lite-clutch-pedal","status":"publish","type":"product","link":"https:\/\/www.noxgaming.ca\/fr\/product\/moza-srp-lite-clutch-pedal\/","title":{"rendered":"MOZA SR-P lite P\u00e9dale (Embrayage)"},"content":{"rendered":"<p>P\u00e9dale d'embrayage en tant qu'ADD-ON pour les packs MOZA Racing R3, R5, et Truck Simulation uniquement.<\/p>\n<p>NON COMPATIBLE avec les p\u00e9dales SR-P ordinaires (SR-P Lite seulement).<\/p>","protected":false},"excerpt":{"rendered":"<p>P\u00e9dale d'embrayage en tant qu'ADD-ON pour les offres group\u00e9es MOZA Racing R3, R5, et Truck Simulation uniquement. NON COMPATIBLE avec les p\u00e9dales SR-P ordinaires (SR-P Lite uniquement).<\/p>","protected":false},"featured_media":5302,"template":"","meta":{"_acf_changed":false},"product_brand":[516],"product_cat":[477,481],"product_tag":[414,412,413,340,342,335,341,319],"class_list":{"0":"post-5301","1":"product","2":"type-product","3":"status-publish","4":"has-post-thumbnail","6":"product_brand-moza-racing","7":"product_cat-pedals-en","8":"product_cat-sim-racing-accessories","9":"product_tag-mbf25","10":"product_tag-moza","11":"product_tag-moza-racing","12":"product_tag-pedal-accessories","13":"product_tag-pedals","14":"product_tag-sim-racing","15":"product_tag-sim-racing-accessories","16":"product_tag-tagbf25","18":"first","19":"instock","20":"taxable","21":"shipping-taxable","22":"purchasable","23":"product-type-simple"},"acf":[],"_links":{"self":[{"href":"https:\/\/www.noxgaming.ca\/fr\/wp-json\/wp\/v2\/product\/5301","targetHints":{"allow":["GET"]}}],"collection":[{"href":"https:\/\/www.noxgaming.ca\/fr\/wp-json\/wp\/v2\/product"}],"about":[{"href":"https:\/\/www.noxgaming.ca\/fr\/wp-json\/wp\/v2\/types\/product"}],"wp:featuredmedia":[{"embeddable":true,"href":"https:\/\/www.noxgaming.ca\/fr\/wp-json\/wp\/v2\/media\/5302"}],"wp:attachment":[{"href":"https:\/\/www.noxgaming.ca\/fr\/wp-json\/wp\/v2\/media?parent=5301"}],"wp:term":[{"taxonomy":"product_brand","embeddable":true,"href":"https:\/\/www.noxgaming.ca\/fr\/wp-json\/wp\/v2\/product_brand?post=5301"},{"taxonomy":"product_cat","embeddable":true,"href":"https:\/\/www.noxgaming.ca\/fr\/wp-json\/wp\/v2\/product_cat?post=5301"},{"taxonomy":"product_tag","embeddable":true,"href":"https:\/\/www.noxgaming.ca\/fr\/wp-json\/wp\/v2\/product_tag?post=5301"}],"curies":[{"name":"wp","href":"https:\/\/api.w.org\/{rel}","templated":true}]}}