{"id":5293,"date":"2025-08-07T20:07:26","date_gmt":"2025-08-08T00:07:26","guid":{"rendered":"https:\/\/www.noxgaming.ca\/product\/moza-cm2-dashboard\/"},"modified":"2026-04-17T13:42:39","modified_gmt":"2026-04-17T17:42:39","slug":"moza-cm2-dashboard","status":"publish","type":"product","link":"https:\/\/www.noxgaming.ca\/fr\/product\/moza-cm2-dashboard\/","title":{"rendered":"MOZA CM2 Tableau de bord Simracing"},"content":{"rendered":"<p>Prends le contr\u00f4le avec le tableau de bord de course MOZA CM2 HD. \u00c9quip\u00e9 d'un \u00e9cran tactile 720P de 5 pouces, d'une interface utilisateur personnalisable, de 10 indicateurs de changement de vitesse RVB et de 6 lumi\u00e8res de drapeau, ce tableau de bord fournit des donn\u00e9es de course en temps r\u00e9el avec pr\u00e9cision. C'est le compl\u00e9ment parfait \u00e0 ta plateforme de simulation de course, aliment\u00e9e par un processeur quadric\u0153ur et con\u00e7ue pour les configurations MOZA et tierces.<\/p>","protected":false},"excerpt":{"rendered":"<p>Prends le contr\u00f4le avec le tableau de bord de course MOZA CM2 HD. \u00c9quip\u00e9 d'un \u00e9cran tactile 720P de 5 pouces, d'une interface utilisateur personnalisable, de 10 indicateurs de changement de vitesse RVB et de 6 lumi\u00e8res de drapeau, ce tableau de bord fournit des donn\u00e9es de course en temps r\u00e9el avec pr\u00e9cision. C'est le compl\u00e9ment parfait \u00e0 ta plateforme de simulation de course, aliment\u00e9e par un processeur quadric\u0153ur et con\u00e7ue pour les configurations MOZA et tierces.<\/p>","protected":false},"featured_media":5294,"template":"","meta":{"_acf_changed":false},"product_brand":[516],"product_cat":[481],"product_tag":[412,413,335,341,344],"class_list":{"0":"post-5293","1":"product","2":"type-product","3":"status-publish","4":"has-post-thumbnail","6":"product_brand-moza-racing","7":"product_cat-sim-racing-accessories","8":"product_tag-moza","9":"product_tag-moza-racing","10":"product_tag-sim-racing","11":"product_tag-sim-racing-accessories","12":"product_tag-wheelbase-accessories","14":"first","15":"instock","16":"taxable","17":"shipping-taxable","18":"purchasable","19":"product-type-simple"},"acf":[],"_links":{"self":[{"href":"https:\/\/www.noxgaming.ca\/fr\/wp-json\/wp\/v2\/product\/5293","targetHints":{"allow":["GET"]}}],"collection":[{"href":"https:\/\/www.noxgaming.ca\/fr\/wp-json\/wp\/v2\/product"}],"about":[{"href":"https:\/\/www.noxgaming.ca\/fr\/wp-json\/wp\/v2\/types\/product"}],"wp:featuredmedia":[{"embeddable":true,"href":"https:\/\/www.noxgaming.ca\/fr\/wp-json\/wp\/v2\/media\/5294"}],"wp:attachment":[{"href":"https:\/\/www.noxgaming.ca\/fr\/wp-json\/wp\/v2\/media?parent=5293"}],"wp:term":[{"taxonomy":"product_brand","embeddable":true,"href":"https:\/\/www.noxgaming.ca\/fr\/wp-json\/wp\/v2\/product_brand?post=5293"},{"taxonomy":"product_cat","embeddable":true,"href":"https:\/\/www.noxgaming.ca\/fr\/wp-json\/wp\/v2\/product_cat?post=5293"},{"taxonomy":"product_tag","embeddable":true,"href":"https:\/\/www.noxgaming.ca\/fr\/wp-json\/wp\/v2\/product_tag?post=5293"}],"curies":[{"name":"wp","href":"https:\/\/api.w.org\/{rel}","templated":true}]}}