{"id":5290,"date":"2025-08-07T20:07:26","date_gmt":"2025-08-08T00:07:26","guid":{"rendered":"https:\/\/www.noxgaming.ca\/product\/moza-emergency-stop-button\/"},"modified":"2026-04-17T13:42:40","modified_gmt":"2026-04-17T17:42:40","slug":"moza-emergency-stop-button","status":"publish","type":"product","link":"https:\/\/www.noxgaming.ca\/fr\/product\/moza-emergency-stop-button\/","title":{"rendered":"MOZA Interrupteur d'arr\u00eat d'urgence"},"content":{"rendered":"<p>L'arr\u00eat d'urgence MOZA met la s\u00e9curit\u00e9 instantan\u00e9e au bout de tes doigts. Compatible avec tous les simulateurs MOZA, cet interrupteur robuste offre trois modes de protection s\u00e9lectionnables et une connectivit\u00e9 polyvalente, offrant le niveau exact de contr\u00f4le que ton appareil exige. Construit \u00e0 partir de composants durables pour des milliers de cycles, il s'installe en quelques secondes - il suffit de le brancher, de le faire fonctionner et de courir en toute tranquillit\u00e9 d'esprit.<\/p>","protected":false},"excerpt":{"rendered":"<p>L'arr\u00eat d'urgence MOZA met la s\u00e9curit\u00e9 instantan\u00e9e au bout de tes doigts. Compatible avec tous les simulateurs MOZA, cet interrupteur robuste offre trois modes de protection s\u00e9lectionnables et une connectivit\u00e9 polyvalente, offrant le niveau exact de contr\u00f4le que ton appareil exige. Construit \u00e0 partir de composants durables pour des milliers de cycles, il s'installe en quelques secondes - il suffit de le brancher, de le faire fonctionner et de courir en toute tranquillit\u00e9 d'esprit.<\/p>","protected":false},"featured_media":5291,"template":"","meta":{"_acf_changed":false},"product_brand":[516],"product_cat":[481],"product_tag":[414,412,413,335,341,319,344],"class_list":{"0":"post-5290","1":"product","2":"type-product","3":"status-publish","4":"has-post-thumbnail","6":"product_brand-moza-racing","7":"product_cat-sim-racing-accessories","8":"product_tag-mbf25","9":"product_tag-moza","10":"product_tag-moza-racing","11":"product_tag-sim-racing","12":"product_tag-sim-racing-accessories","13":"product_tag-tagbf25","14":"product_tag-wheelbase-accessories","16":"first","17":"instock","18":"taxable","19":"shipping-taxable","20":"purchasable","21":"product-type-simple"},"acf":[],"_links":{"self":[{"href":"https:\/\/www.noxgaming.ca\/fr\/wp-json\/wp\/v2\/product\/5290","targetHints":{"allow":["GET"]}}],"collection":[{"href":"https:\/\/www.noxgaming.ca\/fr\/wp-json\/wp\/v2\/product"}],"about":[{"href":"https:\/\/www.noxgaming.ca\/fr\/wp-json\/wp\/v2\/types\/product"}],"wp:featuredmedia":[{"embeddable":true,"href":"https:\/\/www.noxgaming.ca\/fr\/wp-json\/wp\/v2\/media\/5291"}],"wp:attachment":[{"href":"https:\/\/www.noxgaming.ca\/fr\/wp-json\/wp\/v2\/media?parent=5290"}],"wp:term":[{"taxonomy":"product_brand","embeddable":true,"href":"https:\/\/www.noxgaming.ca\/fr\/wp-json\/wp\/v2\/product_brand?post=5290"},{"taxonomy":"product_cat","embeddable":true,"href":"https:\/\/www.noxgaming.ca\/fr\/wp-json\/wp\/v2\/product_cat?post=5290"},{"taxonomy":"product_tag","embeddable":true,"href":"https:\/\/www.noxgaming.ca\/fr\/wp-json\/wp\/v2\/product_tag?post=5290"}],"curies":[{"name":"wp","href":"https:\/\/api.w.org\/{rel}","templated":true}]}}