{"id":5285,"date":"2025-08-07T20:07:27","date_gmt":"2025-08-08T00:07:27","guid":{"rendered":"https:\/\/www.noxgaming.ca\/product\/moza-srp-accessory-kit-for-srp-pedal\/"},"modified":"2026-04-17T13:42:35","modified_gmt":"2026-04-17T17:42:35","slug":"moza-srp-accessory-kit-for-srp-pedal","status":"publish","type":"product","link":"https:\/\/www.noxgaming.ca\/fr\/product\/moza-srp-accessory-kit-for-srp-pedal\/","title":{"rendered":"MOZA SR-P Kit d'accessoires pour la p\u00e9dale SRP"},"content":{"rendered":"<p>Le kit d'accessoires MOZA SR-P te permet d'affiner tes p\u00e9dales SR-P en toute simplicit\u00e9. Dot\u00e9 de ressorts et d'amortisseurs am\u00e9lior\u00e9s, il offre six combinaisons uniques de sensations de p\u00e9dales. Con\u00e7u pour augmenter l'amortissement et raccourcir la course des freins, il offre la pr\u00e9cision et la r\u00e9activit\u00e9 que les coureurs professionnels exigent.<\/p>","protected":false},"excerpt":{"rendered":"<p>Le kit d'accessoires MOZA SR-P te permet d'affiner tes p\u00e9dales SR-P en toute simplicit\u00e9. Dot\u00e9 de ressorts et d'amortisseurs am\u00e9lior\u00e9s, il offre six combinaisons uniques de sensations de p\u00e9dales. Con\u00e7u pour augmenter l'amortissement et raccourcir la course des freins, il offre la pr\u00e9cision et la r\u00e9activit\u00e9 que les coureurs professionnels exigent.<\/p>","protected":false},"featured_media":5286,"template":"","meta":{"_acf_changed":false},"product_brand":[516],"product_cat":[481],"product_tag":[412,413,340,335,341],"class_list":{"0":"post-5285","1":"product","2":"type-product","3":"status-publish","4":"has-post-thumbnail","6":"product_brand-moza-racing","7":"product_cat-sim-racing-accessories","8":"product_tag-moza","9":"product_tag-moza-racing","10":"product_tag-pedal-accessories","11":"product_tag-sim-racing","12":"product_tag-sim-racing-accessories","14":"first","15":"instock","16":"taxable","17":"shipping-taxable","18":"purchasable","19":"product-type-simple"},"acf":[],"_links":{"self":[{"href":"https:\/\/www.noxgaming.ca\/fr\/wp-json\/wp\/v2\/product\/5285","targetHints":{"allow":["GET"]}}],"collection":[{"href":"https:\/\/www.noxgaming.ca\/fr\/wp-json\/wp\/v2\/product"}],"about":[{"href":"https:\/\/www.noxgaming.ca\/fr\/wp-json\/wp\/v2\/types\/product"}],"wp:featuredmedia":[{"embeddable":true,"href":"https:\/\/www.noxgaming.ca\/fr\/wp-json\/wp\/v2\/media\/5286"}],"wp:attachment":[{"href":"https:\/\/www.noxgaming.ca\/fr\/wp-json\/wp\/v2\/media?parent=5285"}],"wp:term":[{"taxonomy":"product_brand","embeddable":true,"href":"https:\/\/www.noxgaming.ca\/fr\/wp-json\/wp\/v2\/product_brand?post=5285"},{"taxonomy":"product_cat","embeddable":true,"href":"https:\/\/www.noxgaming.ca\/fr\/wp-json\/wp\/v2\/product_cat?post=5285"},{"taxonomy":"product_tag","embeddable":true,"href":"https:\/\/www.noxgaming.ca\/fr\/wp-json\/wp\/v2\/product_tag?post=5285"}],"curies":[{"name":"wp","href":"https:\/\/api.w.org\/{rel}","templated":true}]}}