{"id":5282,"date":"2025-08-07T20:07:27","date_gmt":"2025-08-08T00:07:27","guid":{"rendered":"https:\/\/www.noxgaming.ca\/product\/moza-srp-lite-brake-pedal-performance-kit\/"},"modified":"2026-04-17T13:42:37","modified_gmt":"2026-04-17T17:42:37","slug":"moza-srp-lite-brake-pedal-performance-kit","status":"publish","type":"product","link":"https:\/\/www.noxgaming.ca\/fr\/product\/moza-srp-lite-brake-pedal-performance-kit\/","title":{"rendered":"Kit de performance de la p\u00e9dale de frein MOZA SR-P Lite"},"content":{"rendered":"<p>Le kit de performance de la p\u00e9dale de frein SR-P Lite de MOZA \u00e9l\u00e8ve ton freinage gr\u00e2ce \u00e0 un ressort et un bloc d'amortissement con\u00e7us avec pr\u00e9cision qui offrent une plus grande r\u00e9sistance et une sensation plus progressive et authentique. Construit pour durer des milliers d'heures, il est con\u00e7u pour durer et s'installe en quelques secondes - il suffit de fixer les vis sup\u00e9rieures et d'enclencher les pivots inf\u00e9rieurs en place. Con\u00e7u pour les p\u00e9dales SR-P Lite, ce kit apporte r\u00e9alisme et r\u00e9sistance \u00e0 chaque arr\u00eat.<\/p>","protected":false},"excerpt":{"rendered":"<p>MOZA SR\u2011P Lite Brake Pedal Performance Kit elevates your braking with a precision-engineered spring and damping block that deliver higher resistance and a more progressive, authentic feel. Built to last thousands of hours, it&#8217;s crafted for durability and installs in seconds\u2014just secure the top screws and snap the lower pivots into place. Tailored for SR\u2011P [&hellip;]<\/p>\n","protected":false},"featured_media":5283,"template":"","meta":{"_acf_changed":false},"product_brand":[516],"product_cat":[481],"product_tag":[412,413,340,335,341],"class_list":{"0":"post-5282","1":"product","2":"type-product","3":"status-publish","4":"has-post-thumbnail","6":"product_brand-moza-racing","7":"product_cat-sim-racing-accessories","8":"product_tag-moza","9":"product_tag-moza-racing","10":"product_tag-pedal-accessories","11":"product_tag-sim-racing","12":"product_tag-sim-racing-accessories","14":"first","15":"instock","16":"taxable","17":"shipping-taxable","18":"purchasable","19":"product-type-simple"},"acf":[],"_links":{"self":[{"href":"https:\/\/www.noxgaming.ca\/fr\/wp-json\/wp\/v2\/product\/5282","targetHints":{"allow":["GET"]}}],"collection":[{"href":"https:\/\/www.noxgaming.ca\/fr\/wp-json\/wp\/v2\/product"}],"about":[{"href":"https:\/\/www.noxgaming.ca\/fr\/wp-json\/wp\/v2\/types\/product"}],"wp:featuredmedia":[{"embeddable":true,"href":"https:\/\/www.noxgaming.ca\/fr\/wp-json\/wp\/v2\/media\/5283"}],"wp:attachment":[{"href":"https:\/\/www.noxgaming.ca\/fr\/wp-json\/wp\/v2\/media?parent=5282"}],"wp:term":[{"taxonomy":"product_brand","embeddable":true,"href":"https:\/\/www.noxgaming.ca\/fr\/wp-json\/wp\/v2\/product_brand?post=5282"},{"taxonomy":"product_cat","embeddable":true,"href":"https:\/\/www.noxgaming.ca\/fr\/wp-json\/wp\/v2\/product_cat?post=5282"},{"taxonomy":"product_tag","embeddable":true,"href":"https:\/\/www.noxgaming.ca\/fr\/wp-json\/wp\/v2\/product_tag?post=5282"}],"curies":[{"name":"wp","href":"https:\/\/api.w.org\/{rel}","templated":true}]}}