{"id":5278,"date":"2025-08-07T20:07:27","date_gmt":"2025-08-08T00:07:27","guid":{"rendered":"https:\/\/www.noxgaming.ca\/product\/moza-quick-release\/"},"modified":"2026-04-17T13:42:38","modified_gmt":"2026-04-17T17:42:38","slug":"moza-quick-release","status":"publish","type":"product","link":"https:\/\/www.noxgaming.ca\/fr\/product\/moza-quick-release\/","title":{"rendered":"Adaptateur de fixation rapide MOZA"},"content":{"rendered":"<p>L'adaptateur de blocage rapide MOZA apporte une v\u00e9ritable technologie de course \u00e0 ton installation. Fabriqu\u00e9 en aluminium de qualit\u00e9 a\u00e9ronautique, il assure une connexion solide et sans jeu entre ta roue et n'importe quelle base MOZA. Con\u00e7u pour \u00eatre durable et facile \u00e0 utiliser, il prend en charge les fonctions de direction avec des roues tierces et garantit des performances fiables \u00e0 chaque \u00e9change.<\/p>","protected":false},"excerpt":{"rendered":"<p>L'adaptateur de blocage rapide MOZA apporte une v\u00e9ritable technologie de course \u00e0 ton installation. Fabriqu\u00e9 en aluminium de qualit\u00e9 a\u00e9ronautique, il assure une connexion solide et sans jeu entre ta roue et n'importe quelle base MOZA. Con\u00e7u pour \u00eatre durable et facile \u00e0 utiliser, il prend en charge les fonctions de direction avec des roues tierces et garantit des performances fiables \u00e0 chaque \u00e9change.<\/p>","protected":false},"featured_media":5279,"template":"","meta":{"_acf_changed":false},"product_brand":[516],"product_cat":[481],"product_tag":[412,413,341,343,344],"class_list":{"0":"post-5278","1":"product","2":"type-product","3":"status-publish","4":"has-post-thumbnail","6":"product_brand-moza-racing","7":"product_cat-sim-racing-accessories","8":"product_tag-moza","9":"product_tag-moza-racing","10":"product_tag-sim-racing-accessories","11":"product_tag-steering-wheel-accessories","12":"product_tag-wheelbase-accessories","14":"first","15":"instock","16":"taxable","17":"shipping-taxable","18":"purchasable","19":"product-type-simple"},"acf":[],"_links":{"self":[{"href":"https:\/\/www.noxgaming.ca\/fr\/wp-json\/wp\/v2\/product\/5278","targetHints":{"allow":["GET"]}}],"collection":[{"href":"https:\/\/www.noxgaming.ca\/fr\/wp-json\/wp\/v2\/product"}],"about":[{"href":"https:\/\/www.noxgaming.ca\/fr\/wp-json\/wp\/v2\/types\/product"}],"wp:featuredmedia":[{"embeddable":true,"href":"https:\/\/www.noxgaming.ca\/fr\/wp-json\/wp\/v2\/media\/5279"}],"wp:attachment":[{"href":"https:\/\/www.noxgaming.ca\/fr\/wp-json\/wp\/v2\/media?parent=5278"}],"wp:term":[{"taxonomy":"product_brand","embeddable":true,"href":"https:\/\/www.noxgaming.ca\/fr\/wp-json\/wp\/v2\/product_brand?post=5278"},{"taxonomy":"product_cat","embeddable":true,"href":"https:\/\/www.noxgaming.ca\/fr\/wp-json\/wp\/v2\/product_cat?post=5278"},{"taxonomy":"product_tag","embeddable":true,"href":"https:\/\/www.noxgaming.ca\/fr\/wp-json\/wp\/v2\/product_tag?post=5278"}],"curies":[{"name":"wp","href":"https:\/\/api.w.org\/{rel}","templated":true}]}}