{"id":5271,"date":"2025-08-07T20:07:28","date_gmt":"2025-08-08T00:07:28","guid":{"rendered":"https:\/\/www.noxgaming.ca\/product\/moza-wheel-base-table-clamp\/"},"modified":"2026-04-17T13:42:35","modified_gmt":"2026-04-17T17:42:35","slug":"moza-wheel-base-table-clamp","status":"publish","type":"product","link":"https:\/\/www.noxgaming.ca\/fr\/product\/moza-wheel-base-table-clamp\/","title":{"rendered":"MOZA Clamp de table pour base de volant"},"content":{"rendered":"<p>Support robuste en acier haute r\u00e9sistance plaqu\u00e9 5mm, con\u00e7u pour un montage fiable et professionnel. Enti\u00e8rement r\u00e9glable, il permet plusieurs angles d'installation et s'adapte aux bases MOZA R5, R9 et R12. Gr\u00e2ce \u00e0 ses protections int\u00e9gr\u00e9es, il se fixe solidement \u00e0 la plupart des bureaux sans les endommager. Id\u00e9al pour une installation stable, simple et efficace.<\/p>","protected":false},"excerpt":{"rendered":"<p>Support robuste en acier haute r\u00e9sistance plaqu\u00e9 5mm, con\u00e7u pour un montage fiable et professionnel. Enti\u00e8rement r\u00e9glable, il permet plusieurs angles d'installation et s'adapte aux bases MOZA R5, R9 et R12. Gr\u00e2ce \u00e0 ses protections int\u00e9gr\u00e9es, il se fixe solidement \u00e0 la plupart des bureaux sans les endommager. Id\u00e9al pour une installation stable, simple et efficace.<\/p>","protected":false},"featured_media":5272,"template":"","meta":{"_acf_changed":false},"product_brand":[516],"product_cat":[511],"product_tag":[414,412,413,341,319,344],"class_list":{"0":"post-5271","1":"product","2":"type-product","3":"status-publish","4":"has-post-thumbnail","6":"product_brand-moza-racing","7":"product_cat-simracing-mounts","8":"product_tag-mbf25","9":"product_tag-moza","10":"product_tag-moza-racing","11":"product_tag-sim-racing-accessories","12":"product_tag-tagbf25","13":"product_tag-wheelbase-accessories","15":"first","16":"instock","17":"taxable","18":"shipping-taxable","19":"purchasable","20":"product-type-simple"},"acf":[],"_links":{"self":[{"href":"https:\/\/www.noxgaming.ca\/fr\/wp-json\/wp\/v2\/product\/5271","targetHints":{"allow":["GET"]}}],"collection":[{"href":"https:\/\/www.noxgaming.ca\/fr\/wp-json\/wp\/v2\/product"}],"about":[{"href":"https:\/\/www.noxgaming.ca\/fr\/wp-json\/wp\/v2\/types\/product"}],"wp:featuredmedia":[{"embeddable":true,"href":"https:\/\/www.noxgaming.ca\/fr\/wp-json\/wp\/v2\/media\/5272"}],"wp:attachment":[{"href":"https:\/\/www.noxgaming.ca\/fr\/wp-json\/wp\/v2\/media?parent=5271"}],"wp:term":[{"taxonomy":"product_brand","embeddable":true,"href":"https:\/\/www.noxgaming.ca\/fr\/wp-json\/wp\/v2\/product_brand?post=5271"},{"taxonomy":"product_cat","embeddable":true,"href":"https:\/\/www.noxgaming.ca\/fr\/wp-json\/wp\/v2\/product_cat?post=5271"},{"taxonomy":"product_tag","embeddable":true,"href":"https:\/\/www.noxgaming.ca\/fr\/wp-json\/wp\/v2\/product_tag?post=5271"}],"curies":[{"name":"wp","href":"https:\/\/api.w.org\/{rel}","templated":true}]}}