{"id":5268,"date":"2025-08-07T20:07:28","date_gmt":"2025-08-08T00:07:28","guid":{"rendered":"https:\/\/www.noxgaming.ca\/product\/moza-es-formula-wheel-mod\/"},"modified":"2026-04-17T13:42:33","modified_gmt":"2026-04-17T17:42:33","slug":"moza-es-formula-wheel-mod","status":"publish","type":"product","link":"https:\/\/www.noxgaming.ca\/fr\/product\/moza-es-formula-wheel-mod\/","title":{"rendered":"MOZA ES Formula Wheel MOD"},"content":{"rendered":"<p>Transforme ta jante ES\/ESX en une roue compl\u00e8te de 280 mm de style formula. Forg\u00e9e en aluminium de qualit\u00e9 a\u00e9ronautique avec des poign\u00e9es en caoutchouc adh\u00e9rentes, elle offre une r\u00e9sistance, un r\u00e9alisme et une immersion in\u00e9gal\u00e9s sous une forme compacte. Con\u00e7ue sp\u00e9cifiquement pour les roues de la s\u00e9rie ES pour une mise \u00e0 niveau transparente.<\/p>","protected":false},"excerpt":{"rendered":"<p>Transforme ta jante ES\/ESX en une roue compl\u00e8te de 280 mm de style formula. Forg\u00e9e en aluminium de qualit\u00e9 a\u00e9ronautique avec des poign\u00e9es en caoutchouc adh\u00e9rentes, elle offre une r\u00e9sistance, un r\u00e9alisme et une immersion in\u00e9gal\u00e9s sous une forme compacte. Con\u00e7ue sp\u00e9cifiquement pour les roues de la s\u00e9rie ES pour une mise \u00e0 niveau transparente.<\/p>","protected":false},"featured_media":5269,"template":"","meta":{"_acf_changed":false},"product_brand":[516],"product_cat":[481,490],"product_tag":[412,413,341,343,337],"class_list":{"0":"post-5268","1":"product","2":"type-product","3":"status-publish","4":"has-post-thumbnail","6":"product_brand-moza-racing","7":"product_cat-sim-racing-accessories","8":"product_cat-wheels-en","9":"product_tag-moza","10":"product_tag-moza-racing","11":"product_tag-sim-racing-accessories","12":"product_tag-steering-wheel-accessories","13":"product_tag-steering-wheels","15":"first","16":"instock","17":"taxable","18":"shipping-taxable","19":"purchasable","20":"product-type-simple"},"acf":[],"_links":{"self":[{"href":"https:\/\/www.noxgaming.ca\/fr\/wp-json\/wp\/v2\/product\/5268","targetHints":{"allow":["GET"]}}],"collection":[{"href":"https:\/\/www.noxgaming.ca\/fr\/wp-json\/wp\/v2\/product"}],"about":[{"href":"https:\/\/www.noxgaming.ca\/fr\/wp-json\/wp\/v2\/types\/product"}],"wp:featuredmedia":[{"embeddable":true,"href":"https:\/\/www.noxgaming.ca\/fr\/wp-json\/wp\/v2\/media\/5269"}],"wp:attachment":[{"href":"https:\/\/www.noxgaming.ca\/fr\/wp-json\/wp\/v2\/media?parent=5268"}],"wp:term":[{"taxonomy":"product_brand","embeddable":true,"href":"https:\/\/www.noxgaming.ca\/fr\/wp-json\/wp\/v2\/product_brand?post=5268"},{"taxonomy":"product_cat","embeddable":true,"href":"https:\/\/www.noxgaming.ca\/fr\/wp-json\/wp\/v2\/product_cat?post=5268"},{"taxonomy":"product_tag","embeddable":true,"href":"https:\/\/www.noxgaming.ca\/fr\/wp-json\/wp\/v2\/product_tag?post=5268"}],"curies":[{"name":"wp","href":"https:\/\/api.w.org\/{rel}","templated":true}]}}