{"id":5262,"date":"2025-08-07T20:07:28","date_gmt":"2025-08-08T00:07:28","guid":{"rendered":"https:\/\/www.noxgaming.ca\/product\/moza-es-12-wheel-mod\/"},"modified":"2026-04-17T13:42:33","modified_gmt":"2026-04-17T17:42:33","slug":"moza-es-12-wheel-mod","status":"publish","type":"product","link":"https:\/\/www.noxgaming.ca\/fr\/product\/moza-es-12-wheel-mod\/","title":{"rendered":"MOZA ES 12\u2033 Wheel MOD"},"content":{"rendered":"<p>Transforme ton volant ES en une v\u00e9ritable jante de 12\u2033 (305 mm), parfaite pour le rallye ou le drift. Fabriqu\u00e9 en alliage d'aluminium a\u00e9ronautique, il allie l\u00e9g\u00e8ret\u00e9 (environ 850 g, 1,4 kg avec le module de boutons) et robustesse. Les poign\u00e9es en cuir microfibre assurent un confort optimal et une excellente prise en main. Le kit comprend \u00e9galement des blocs d'extension pour les palettes de changement de vitesse.<\/p>","protected":false},"excerpt":{"rendered":"<p>Transforme ton volant ES en une v\u00e9ritable jante de 12\u2033 (305 mm), parfaite pour le rallye ou le drift. Fabriqu\u00e9 en alliage d'aluminium a\u00e9ronautique, il allie l\u00e9g\u00e8ret\u00e9 (environ 850 g, 1,4 kg avec le module de boutons) et robustesse. Les poign\u00e9es en cuir microfibre assurent un confort optimal et une excellente prise en main. Le kit comprend \u00e9galement des blocs d'extension pour les palettes de changement de vitesse.<\/p>","protected":false},"featured_media":5263,"template":"","meta":{"_acf_changed":false},"product_brand":[516],"product_cat":[481,490],"product_tag":[412,413,341,343,337],"class_list":{"0":"post-5262","1":"product","2":"type-product","3":"status-publish","4":"has-post-thumbnail","6":"product_brand-moza-racing","7":"product_cat-sim-racing-accessories","8":"product_cat-wheels-en","9":"product_tag-moza","10":"product_tag-moza-racing","11":"product_tag-sim-racing-accessories","12":"product_tag-steering-wheel-accessories","13":"product_tag-steering-wheels","15":"first","16":"instock","17":"taxable","18":"shipping-taxable","19":"purchasable","20":"product-type-simple"},"acf":[],"_links":{"self":[{"href":"https:\/\/www.noxgaming.ca\/fr\/wp-json\/wp\/v2\/product\/5262","targetHints":{"allow":["GET"]}}],"collection":[{"href":"https:\/\/www.noxgaming.ca\/fr\/wp-json\/wp\/v2\/product"}],"about":[{"href":"https:\/\/www.noxgaming.ca\/fr\/wp-json\/wp\/v2\/types\/product"}],"wp:featuredmedia":[{"embeddable":true,"href":"https:\/\/www.noxgaming.ca\/fr\/wp-json\/wp\/v2\/media\/5263"}],"wp:attachment":[{"href":"https:\/\/www.noxgaming.ca\/fr\/wp-json\/wp\/v2\/media?parent=5262"}],"wp:term":[{"taxonomy":"product_brand","embeddable":true,"href":"https:\/\/www.noxgaming.ca\/fr\/wp-json\/wp\/v2\/product_brand?post=5262"},{"taxonomy":"product_cat","embeddable":true,"href":"https:\/\/www.noxgaming.ca\/fr\/wp-json\/wp\/v2\/product_cat?post=5262"},{"taxonomy":"product_tag","embeddable":true,"href":"https:\/\/www.noxgaming.ca\/fr\/wp-json\/wp\/v2\/product_tag?post=5262"}],"curies":[{"name":"wp","href":"https:\/\/api.w.org\/{rel}","templated":true}]}}