{"id":5260,"date":"2025-08-07T20:07:28","date_gmt":"2025-08-08T00:07:28","guid":{"rendered":"https:\/\/www.noxgaming.ca\/product\/moza-crp2-pro-accessory-kit\/"},"modified":"2026-04-17T13:42:31","modified_gmt":"2026-04-17T17:42:31","slug":"moza-crp2-pro-accessory-kit","status":"publish","type":"product","link":"https:\/\/www.noxgaming.ca\/fr\/product\/moza-crp2-pro-accessory-kit\/","title":{"rendered":"Kit d'accessoires MOZA CRP2"},"content":{"rendered":"<p>Le kit de performance MOZA pour CRP2 te permet de composer la sensation de freinage parfaite. Avec 10 ressorts, plusieurs blocs d'amortissement et un bloc d'aluminium, il permet 1 764 configurations personnalis\u00e9es, de la lin\u00e9arit\u00e9 douce d'une voiture de route au mordant tranchant d'une F1. Il suffit de l'installer et d'ajuster la sensation de la p\u00e9dale pour qu'elle corresponde \u00e0 ton style de course.<\/p>\n<p>Contient :<\/p>\n<ul>\n<li data-start=\"46\" data-end=\"70\">\n<p data-start=\"48\" data-end=\"70\">Ressort blanc 1,6 x2<\/p>\n<\/li>\n<li data-start=\"71\" data-end=\"95\">\n<p data-start=\"73\" data-end=\"95\">Ressort noir 2.0 x2<\/p>\n<\/li>\n<li data-start=\"96\" data-end=\"119\">\n<p data-start=\"98\" data-end=\"119\">Printemps bleu 2.6 x2<\/p>\n<\/li>\n<li data-start=\"120\" data-end=\"142\">\n<p data-start=\"122\" data-end=\"142\">Printemps rouge 3.3 x2<\/p>\n<\/li>\n<li data-start=\"143\" data-end=\"168\">\n<p data-start=\"145\" data-end=\"168\">Printemps pourpre 4.0 x2<\/p>\n<\/li>\n<li data-start=\"169\" data-end=\"190\">\n<p data-start=\"171\" data-end=\"190\">Anneaux d'amortissement x8<\/p>\n<\/li>\n<li data-start=\"191\" data-end=\"211\" data-is-last-node=\"\">\n<p data-start=\"193\" data-end=\"211\" data-is-last-node=\"\">Anneaux en aluminium x4<\/p>\n<\/li>\n<\/ul>","protected":false},"excerpt":{"rendered":"<p>MOZA Performance Kit for CRP2 lets you dial in the perfect brake feel. Featuring 10 springs, multiple damping blocks, and an aluminum block, it unlocks 1,764 custom configurations\u2014from smooth, road\u2011car linearity to razor\u2011sharp F1\u2011style bite. Simply install and fine\u2011tune the pedal feel to match your racing style. Contains : White spring 1.6 x2 Black spring [&hellip;]<\/p>\n","protected":false},"featured_media":5261,"template":"","meta":{"_acf_changed":false},"product_brand":[516],"product_cat":[481],"product_tag":[412,413,340,335,341],"class_list":{"0":"post-5260","1":"product","2":"type-product","3":"status-publish","4":"has-post-thumbnail","6":"product_brand-moza-racing","7":"product_cat-sim-racing-accessories","8":"product_tag-moza","9":"product_tag-moza-racing","10":"product_tag-pedal-accessories","11":"product_tag-sim-racing","12":"product_tag-sim-racing-accessories","14":"first","15":"instock","16":"taxable","17":"shipping-taxable","18":"purchasable","19":"product-type-simple"},"acf":[],"_links":{"self":[{"href":"https:\/\/www.noxgaming.ca\/fr\/wp-json\/wp\/v2\/product\/5260","targetHints":{"allow":["GET"]}}],"collection":[{"href":"https:\/\/www.noxgaming.ca\/fr\/wp-json\/wp\/v2\/product"}],"about":[{"href":"https:\/\/www.noxgaming.ca\/fr\/wp-json\/wp\/v2\/types\/product"}],"wp:featuredmedia":[{"embeddable":true,"href":"https:\/\/www.noxgaming.ca\/fr\/wp-json\/wp\/v2\/media\/5261"}],"wp:attachment":[{"href":"https:\/\/www.noxgaming.ca\/fr\/wp-json\/wp\/v2\/media?parent=5260"}],"wp:term":[{"taxonomy":"product_brand","embeddable":true,"href":"https:\/\/www.noxgaming.ca\/fr\/wp-json\/wp\/v2\/product_brand?post=5260"},{"taxonomy":"product_cat","embeddable":true,"href":"https:\/\/www.noxgaming.ca\/fr\/wp-json\/wp\/v2\/product_cat?post=5260"},{"taxonomy":"product_tag","embeddable":true,"href":"https:\/\/www.noxgaming.ca\/fr\/wp-json\/wp\/v2\/product_tag?post=5260"}],"curies":[{"name":"wp","href":"https:\/\/api.w.org\/{rel}","templated":true}]}}