{"id":5255,"date":"2025-08-07T20:07:29","date_gmt":"2025-08-08T00:07:29","guid":{"rendered":"https:\/\/www.noxgaming.ca\/product\/moza-universal-hub-kit\/"},"modified":"2026-04-17T13:42:29","modified_gmt":"2026-04-17T17:42:29","slug":"moza-universal-hub-kit","status":"publish","type":"product","link":"https:\/\/www.noxgaming.ca\/fr\/product\/moza-universal-hub-kit\/","title":{"rendered":"Kit de hub universel MOZA"},"content":{"rendered":"<p>Le <strong>Kit de hub universel MOZA<\/strong> est un adaptateur tr\u00e8s polyvalent con\u00e7u pour rendre tes produits MOZA compatibles avec une large gamme de bases tierces. Log\u00e9 dans un unibody en aluminium de qualit\u00e9 a\u00e9rospatiale usin\u00e9 CNC, il allie rigidit\u00e9, durabilit\u00e9 et esth\u00e9tique \u00e9pur\u00e9e. Il est dot\u00e9 de quatre ports d'entr\u00e9e - trois pour l'extension des p\u00e9riph\u00e9riques et un d\u00e9di\u00e9 aux p\u00e9dales - permettant \u00e0 plusieurs appareils de se connecter simultan\u00e9ment via un seul port USB. Son double syst\u00e8me d'alimentation garantit une stabilit\u00e9 optimale, notamment lors de l'utilisation de bases gourmandes en \u00e9nergie ou d'appareils en USB 2.0.<br \/>\nLe kit comprend un adaptateur de montage de base compatible avec les mod\u00e8les de boulons de 50 mm et 70 mm, permettant un montage rapide et s\u00e9curis\u00e9 sur divers cockpits de tiers. Tout ce dont tu as besoin est inclus dans la bo\u00eete : l'adaptateur de base, le concentrateur d'expansion, les c\u00e2bles USB de type B et de type C, le cordon r\u00e9tractable de la roue FSR et un tampon adh\u00e9sif 3M pour une installation rapide et propre.<br \/>\nCompacte, robuste et ultra-compatible, c'est la passerelle indispensable pour int\u00e9grer en toute transparence tes roues MOZA \u00e0 ta configuration actuelle de course sur PC.<\/p>\n<p>Contient :<\/p>\n<p>1x Adaptateur de montage pour les bases de 50 mm et 70 mm (2 en 1)<\/p>\n<p>1x adaptateur multi-fiches USB<\/p>","protected":false},"excerpt":{"rendered":"<p>The MOZA Universal Hub Kit is a highly versatile adapter designed to make your MOZA products compatible with a wide range of third-party bases. Housed in a CNC-machined aerospace-grade aluminum unibody, it combines rigidity, durability, and sleek aesthetics. It features four input ports \u2014 three for peripheral expansion and one dedicated to pedals \u2014 allowing [&hellip;]<\/p>\n","protected":false},"featured_media":5256,"template":"","meta":{"_acf_changed":false},"product_brand":[516],"product_cat":[481],"product_tag":[412,413,335,341,344],"class_list":{"0":"post-5255","1":"product","2":"type-product","3":"status-publish","4":"has-post-thumbnail","6":"product_brand-moza-racing","7":"product_cat-sim-racing-accessories","8":"product_tag-moza","9":"product_tag-moza-racing","10":"product_tag-sim-racing","11":"product_tag-sim-racing-accessories","12":"product_tag-wheelbase-accessories","14":"first","15":"instock","16":"taxable","17":"shipping-taxable","18":"purchasable","19":"product-type-simple"},"acf":[],"_links":{"self":[{"href":"https:\/\/www.noxgaming.ca\/fr\/wp-json\/wp\/v2\/product\/5255","targetHints":{"allow":["GET"]}}],"collection":[{"href":"https:\/\/www.noxgaming.ca\/fr\/wp-json\/wp\/v2\/product"}],"about":[{"href":"https:\/\/www.noxgaming.ca\/fr\/wp-json\/wp\/v2\/types\/product"}],"wp:featuredmedia":[{"embeddable":true,"href":"https:\/\/www.noxgaming.ca\/fr\/wp-json\/wp\/v2\/media\/5256"}],"wp:attachment":[{"href":"https:\/\/www.noxgaming.ca\/fr\/wp-json\/wp\/v2\/media?parent=5255"}],"wp:term":[{"taxonomy":"product_brand","embeddable":true,"href":"https:\/\/www.noxgaming.ca\/fr\/wp-json\/wp\/v2\/product_brand?post=5255"},{"taxonomy":"product_cat","embeddable":true,"href":"https:\/\/www.noxgaming.ca\/fr\/wp-json\/wp\/v2\/product_cat?post=5255"},{"taxonomy":"product_tag","embeddable":true,"href":"https:\/\/www.noxgaming.ca\/fr\/wp-json\/wp\/v2\/product_tag?post=5255"}],"curies":[{"name":"wp","href":"https:\/\/api.w.org\/{rel}","templated":true}]}}