{"id":5248,"date":"2025-08-07T20:07:29","date_gmt":"2025-08-08T00:07:29","guid":{"rendered":"https:\/\/www.noxgaming.ca\/product\/moza-clamp-for-tsw-wheel\/"},"modified":"2026-04-17T13:42:26","modified_gmt":"2026-04-17T17:42:26","slug":"moza-clamp-for-tsw-wheel","status":"publish","type":"product","link":"https:\/\/www.noxgaming.ca\/fr\/product\/moza-clamp-for-tsw-wheel\/","title":{"rendered":"Pince MOZA pour roue TSW"},"content":{"rendered":"<p>Solution de fixation robuste pour votre volant simulation poids lourds. Con\u00e7ue en acier haute-r\u00e9sistance (\u00e9paisseur 4 \u00e0 6 mm) pour une stabilit\u00e9 sans compromis, elle propose un angle ajustable de 0 \u00e0 75 \u00b0 et se fixe ais\u00e9ment \u00e0 un bureau de 3 \u00e0 70 mm d'\u00e9paisseur ou \u00e0 un profil\u00e9 aluminium. Compatible avec l'ensemble de l'\u00e9cosyst\u00e8me MOZA, elle assure un maintien parfaitement fiable pour des sessions longues et immersives.<\/p>","protected":false},"excerpt":{"rendered":"<p>Solution de fixation robuste pour votre volant simulation poids lourds. Con\u00e7ue en acier haute\u2011r\u00e9sistance (\u00e9paisseur 4 \u00e0 6\u202fmm) pour une stabilit\u00e9 sans compromis, elle propose un angle ajustable de 0 \u00e0 75\u202f\u00b0 et se fixe ais\u00e9ment \u00e0 un bureau de 3 \u00e0 70\u202fmm d\u2019\u00e9paisseur ou \u00e0 un profil\u00e9 aluminium. Compatible avec l\u2019ensemble de l\u2019\u00e9cosyst\u00e8me MOZA, [&hellip;]<\/p>\n","protected":false},"featured_media":5249,"template":"","meta":{"_acf_changed":false},"product_brand":[516],"product_cat":[511],"product_tag":[412,413,335,341,343,415],"class_list":{"0":"post-5248","1":"product","2":"type-product","3":"status-publish","4":"has-post-thumbnail","6":"product_brand-moza-racing","7":"product_cat-simracing-mounts","8":"product_tag-moza","9":"product_tag-moza-racing","10":"product_tag-sim-racing","11":"product_tag-sim-racing-accessories","12":"product_tag-steering-wheel-accessories","13":"product_tag-truck-simulator","15":"first","16":"instock","17":"taxable","18":"shipping-taxable","19":"purchasable","20":"product-type-simple"},"acf":[],"_links":{"self":[{"href":"https:\/\/www.noxgaming.ca\/fr\/wp-json\/wp\/v2\/product\/5248","targetHints":{"allow":["GET"]}}],"collection":[{"href":"https:\/\/www.noxgaming.ca\/fr\/wp-json\/wp\/v2\/product"}],"about":[{"href":"https:\/\/www.noxgaming.ca\/fr\/wp-json\/wp\/v2\/types\/product"}],"wp:featuredmedia":[{"embeddable":true,"href":"https:\/\/www.noxgaming.ca\/fr\/wp-json\/wp\/v2\/media\/5249"}],"wp:attachment":[{"href":"https:\/\/www.noxgaming.ca\/fr\/wp-json\/wp\/v2\/media?parent=5248"}],"wp:term":[{"taxonomy":"product_brand","embeddable":true,"href":"https:\/\/www.noxgaming.ca\/fr\/wp-json\/wp\/v2\/product_brand?post=5248"},{"taxonomy":"product_cat","embeddable":true,"href":"https:\/\/www.noxgaming.ca\/fr\/wp-json\/wp\/v2\/product_cat?post=5248"},{"taxonomy":"product_tag","embeddable":true,"href":"https:\/\/www.noxgaming.ca\/fr\/wp-json\/wp\/v2\/product_tag?post=5248"}],"curies":[{"name":"wp","href":"https:\/\/api.w.org\/{rel}","templated":true}]}}