{"id":5222,"date":"2025-08-07T20:07:30","date_gmt":"2025-08-08T00:07:30","guid":{"rendered":"https:\/\/www.noxgaming.ca\/product\/moza-multi-function-stalks-mount-adapter\/"},"modified":"2026-04-17T13:42:21","modified_gmt":"2026-04-17T17:42:21","slug":"moza-multi-function-stalks-mount-adapter","status":"publish","type":"product","link":"https:\/\/www.noxgaming.ca\/fr\/product\/moza-multi-function-stalks-mount-adapter\/","title":{"rendered":"MOZA Adaptateur pour Multi-function Stalks"},"content":{"rendered":"<p>L\u00e9g\u00e8re mais tr\u00e8s robuste, cette plaque en alliage d'aluminium d'une seule pi\u00e8ce comble les lacunes en mati\u00e8re de compatibilit\u00e9 et permet d'installer sans probl\u00e8me les p\u00e9dales multifonctions sur les anciennes bases MOZA (R16\/R21 sans supports avant), ainsi que sur la plupart des empattements de tierces parties. Une simple mise \u00e0 niveau pour des options d'installation \u00e9largies et une ergonomie fluide.<\/p>","protected":false},"excerpt":{"rendered":"<p>L\u00e9g\u00e8re mais tr\u00e8s robuste, cette plaque en alliage d'aluminium d'une seule pi\u00e8ce comble les lacunes en mati\u00e8re de compatibilit\u00e9 et permet d'installer sans probl\u00e8me les p\u00e9dales multifonctions sur les anciennes bases MOZA (R16\/R21 sans supports avant), ainsi que sur la plupart des empattements de tierces parties. Une simple mise \u00e0 niveau pour des options d'installation \u00e9largies et une ergonomie fluide.<\/p>","protected":false},"featured_media":5223,"template":"","meta":{"_acf_changed":false},"product_brand":[516],"product_cat":[511],"product_tag":[412,413,335,341,343,415],"class_list":{"0":"post-5222","1":"product","2":"type-product","3":"status-publish","4":"has-post-thumbnail","6":"product_brand-moza-racing","7":"product_cat-simracing-mounts","8":"product_tag-moza","9":"product_tag-moza-racing","10":"product_tag-sim-racing","11":"product_tag-sim-racing-accessories","12":"product_tag-steering-wheel-accessories","13":"product_tag-truck-simulator","15":"first","16":"instock","17":"taxable","18":"shipping-taxable","19":"purchasable","20":"product-type-simple"},"acf":[],"_links":{"self":[{"href":"https:\/\/www.noxgaming.ca\/fr\/wp-json\/wp\/v2\/product\/5222","targetHints":{"allow":["GET"]}}],"collection":[{"href":"https:\/\/www.noxgaming.ca\/fr\/wp-json\/wp\/v2\/product"}],"about":[{"href":"https:\/\/www.noxgaming.ca\/fr\/wp-json\/wp\/v2\/types\/product"}],"wp:featuredmedia":[{"embeddable":true,"href":"https:\/\/www.noxgaming.ca\/fr\/wp-json\/wp\/v2\/media\/5223"}],"wp:attachment":[{"href":"https:\/\/www.noxgaming.ca\/fr\/wp-json\/wp\/v2\/media?parent=5222"}],"wp:term":[{"taxonomy":"product_brand","embeddable":true,"href":"https:\/\/www.noxgaming.ca\/fr\/wp-json\/wp\/v2\/product_brand?post=5222"},{"taxonomy":"product_cat","embeddable":true,"href":"https:\/\/www.noxgaming.ca\/fr\/wp-json\/wp\/v2\/product_cat?post=5222"},{"taxonomy":"product_tag","embeddable":true,"href":"https:\/\/www.noxgaming.ca\/fr\/wp-json\/wp\/v2\/product_tag?post=5222"}],"curies":[{"name":"wp","href":"https:\/\/api.w.org\/{rel}","templated":true}]}}