{"id":5218,"date":"2025-08-07T20:07:30","date_gmt":"2025-08-08T00:07:30","guid":{"rendered":"https:\/\/www.noxgaming.ca\/product\/moza-wheel-base-front-mount\/"},"modified":"2026-04-17T13:42:20","modified_gmt":"2026-04-17T17:42:20","slug":"moza-wheel-base-front-mount","status":"publish","type":"product","link":"https:\/\/www.noxgaming.ca\/fr\/product\/moza-wheel-base-front-mount\/","title":{"rendered":"MOZA Wheel Base Front Mount"},"content":{"rendered":"<p>\u00c9l\u00e8ve ton exp\u00e9rience de jeu avec notre support de base de roue en aluminium de qualit\u00e9 a\u00e9rospatiale, qui offre des options de montage polyvalentes, une optimisation de l'espace et une compatibilit\u00e9 transparente avec les bases de roue R9\/R12 et les nouvelles bases de roue R16\/R21.<\/p>","protected":false},"excerpt":{"rendered":"<p>\u00c9l\u00e8ve ton exp\u00e9rience de jeu avec notre support de base de roue en aluminium de qualit\u00e9 a\u00e9rospatiale, qui offre des options de montage polyvalentes, une optimisation de l'espace et une compatibilit\u00e9 transparente avec les bases de roue R9\/R12 et les nouvelles bases de roue R16\/R21.<\/p>","protected":false},"featured_media":5219,"template":"","meta":{"_acf_changed":false},"product_brand":[516],"product_cat":[511],"product_tag":[352,412,413,335,341,344],"class_list":{"0":"post-5218","1":"product","2":"type-product","3":"status-publish","4":"has-post-thumbnail","6":"product_brand-moza-racing","7":"product_cat-simracing-mounts","8":"product_tag-frame-accessories","9":"product_tag-moza","10":"product_tag-moza-racing","11":"product_tag-sim-racing","12":"product_tag-sim-racing-accessories","13":"product_tag-wheelbase-accessories","15":"first","16":"instock","17":"taxable","18":"shipping-taxable","19":"purchasable","20":"product-type-simple"},"acf":[],"_links":{"self":[{"href":"https:\/\/www.noxgaming.ca\/fr\/wp-json\/wp\/v2\/product\/5218","targetHints":{"allow":["GET"]}}],"collection":[{"href":"https:\/\/www.noxgaming.ca\/fr\/wp-json\/wp\/v2\/product"}],"about":[{"href":"https:\/\/www.noxgaming.ca\/fr\/wp-json\/wp\/v2\/types\/product"}],"wp:featuredmedia":[{"embeddable":true,"href":"https:\/\/www.noxgaming.ca\/fr\/wp-json\/wp\/v2\/media\/5219"}],"wp:attachment":[{"href":"https:\/\/www.noxgaming.ca\/fr\/wp-json\/wp\/v2\/media?parent=5218"}],"wp:term":[{"taxonomy":"product_brand","embeddable":true,"href":"https:\/\/www.noxgaming.ca\/fr\/wp-json\/wp\/v2\/product_brand?post=5218"},{"taxonomy":"product_cat","embeddable":true,"href":"https:\/\/www.noxgaming.ca\/fr\/wp-json\/wp\/v2\/product_cat?post=5218"},{"taxonomy":"product_tag","embeddable":true,"href":"https:\/\/www.noxgaming.ca\/fr\/wp-json\/wp\/v2\/product_tag?post=5218"}],"curies":[{"name":"wp","href":"https:\/\/api.w.org\/{rel}","templated":true}]}}