{"id":5214,"date":"2025-08-07T20:07:30","date_gmt":"2025-08-08T00:07:30","guid":{"rendered":"https:\/\/www.noxgaming.ca\/product\/moza-wheel-base-extension-rod\/"},"modified":"2026-04-17T13:42:19","modified_gmt":"2026-04-17T17:42:19","slug":"moza-wheel-base-extension-rod","status":"publish","type":"product","link":"https:\/\/www.noxgaming.ca\/fr\/product\/moza-wheel-base-extension-rod\/","title":{"rendered":"Tige d'extension de base de volant MOZA"},"content":{"rendered":"<p>Am\u00e9liore ta configuration de course avec la rallonge d'arbre de base de 15 cm de MOZA, fabriqu\u00e9e en aluminium de qualit\u00e9 a\u00e9rospatiale pour un design l\u00e9ger et \u00e9l\u00e9gant. Allonge la distance entre la base et la roue, reproduisant ainsi la colonne de direction d'une vraie voiture de course tout en restant compatible avec diff\u00e9rents empattements. Tu peux dissimuler la base derri\u00e8re un tableau de bord ou un moniteur et changer de roue en toute transparence gr\u00e2ce au m\u00e9canisme de fixation rapide.<\/p>","protected":false},"excerpt":{"rendered":"<p>Enhance your racing setup with MOZA&#8217;s 15cm Base Shaft Extension, crafted from aerospace-grade aluminum for a lightweight and sleek design. Extend the distance between the base and wheel, replicating a real racing car\u2019s steering column while maintaining compatibility with various wheelbases. Keep your setup professional with the ability to hide the base behind a dashboard [&hellip;]<\/p>\n","protected":false},"featured_media":5215,"template":"","meta":{"_acf_changed":false},"product_brand":[516],"product_cat":[481],"product_tag":[414,412,413,335,341,344],"class_list":{"0":"post-5214","1":"product","2":"type-product","3":"status-publish","4":"has-post-thumbnail","6":"product_brand-moza-racing","7":"product_cat-sim-racing-accessories","8":"product_tag-mbf25","9":"product_tag-moza","10":"product_tag-moza-racing","11":"product_tag-sim-racing","12":"product_tag-sim-racing-accessories","13":"product_tag-wheelbase-accessories","15":"first","16":"instock","17":"taxable","18":"shipping-taxable","19":"purchasable","20":"product-type-simple"},"acf":[],"_links":{"self":[{"href":"https:\/\/www.noxgaming.ca\/fr\/wp-json\/wp\/v2\/product\/5214","targetHints":{"allow":["GET"]}}],"collection":[{"href":"https:\/\/www.noxgaming.ca\/fr\/wp-json\/wp\/v2\/product"}],"about":[{"href":"https:\/\/www.noxgaming.ca\/fr\/wp-json\/wp\/v2\/types\/product"}],"wp:featuredmedia":[{"embeddable":true,"href":"https:\/\/www.noxgaming.ca\/fr\/wp-json\/wp\/v2\/media\/5215"}],"wp:attachment":[{"href":"https:\/\/www.noxgaming.ca\/fr\/wp-json\/wp\/v2\/media?parent=5214"}],"wp:term":[{"taxonomy":"product_brand","embeddable":true,"href":"https:\/\/www.noxgaming.ca\/fr\/wp-json\/wp\/v2\/product_brand?post=5214"},{"taxonomy":"product_cat","embeddable":true,"href":"https:\/\/www.noxgaming.ca\/fr\/wp-json\/wp\/v2\/product_cat?post=5214"},{"taxonomy":"product_tag","embeddable":true,"href":"https:\/\/www.noxgaming.ca\/fr\/wp-json\/wp\/v2\/product_tag?post=5214"}],"curies":[{"name":"wp","href":"https:\/\/api.w.org\/{rel}","templated":true}]}}