{"id":5209,"date":"2025-08-07T20:07:31","date_gmt":"2025-08-08T00:07:31","guid":{"rendered":"https:\/\/www.noxgaming.ca\/product\/moza-mbooster-baseplate\/"},"modified":"2026-04-17T13:42:17","modified_gmt":"2026-04-17T17:42:17","slug":"moza-mbooster-baseplate","status":"publish","type":"product","link":"https:\/\/www.noxgaming.ca\/fr\/product\/moza-mbooster-baseplate\/","title":{"rendered":"Plaque de base MOZA mBooster"},"content":{"rendered":"<p>Con\u00e7ue pour l'ensemble de p\u00e9dales actives mBooster, cette plaque de base robuste en aluminium garantit une solution de montage stable et de qualit\u00e9 professionnelle. Sa disposition perc\u00e9e avec pr\u00e9cision permet un positionnement s\u00fbr et un alignement facile, offrant une meilleure stabilit\u00e9 de la p\u00e9dale pour des performances constantes tour apr\u00e8s tour.<\/p>","protected":false},"excerpt":{"rendered":"<p>Con\u00e7ue pour l'ensemble de p\u00e9dales actives mBooster, cette plaque de base robuste en aluminium garantit une solution de montage stable et de qualit\u00e9 professionnelle. Sa disposition perc\u00e9e avec pr\u00e9cision permet un positionnement s\u00fbr et un alignement facile, offrant une meilleure stabilit\u00e9 de la p\u00e9dale pour des performances constantes tour apr\u00e8s tour.<\/p>","protected":false},"featured_media":5197,"template":"","meta":{"_acf_changed":false},"product_brand":[516],"product_cat":[511],"product_tag":[412,413,340,335,341],"class_list":{"0":"post-5209","1":"product","2":"type-product","3":"status-publish","4":"has-post-thumbnail","6":"product_brand-moza-racing","7":"product_cat-simracing-mounts","8":"product_tag-moza","9":"product_tag-moza-racing","10":"product_tag-pedal-accessories","11":"product_tag-sim-racing","12":"product_tag-sim-racing-accessories","14":"first","15":"instock","16":"taxable","17":"shipping-taxable","18":"purchasable","19":"product-type-simple"},"acf":[],"_links":{"self":[{"href":"https:\/\/www.noxgaming.ca\/fr\/wp-json\/wp\/v2\/product\/5209","targetHints":{"allow":["GET"]}}],"collection":[{"href":"https:\/\/www.noxgaming.ca\/fr\/wp-json\/wp\/v2\/product"}],"about":[{"href":"https:\/\/www.noxgaming.ca\/fr\/wp-json\/wp\/v2\/types\/product"}],"wp:featuredmedia":[{"embeddable":true,"href":"https:\/\/www.noxgaming.ca\/fr\/wp-json\/wp\/v2\/media\/5197"}],"wp:attachment":[{"href":"https:\/\/www.noxgaming.ca\/fr\/wp-json\/wp\/v2\/media?parent=5209"}],"wp:term":[{"taxonomy":"product_brand","embeddable":true,"href":"https:\/\/www.noxgaming.ca\/fr\/wp-json\/wp\/v2\/product_brand?post=5209"},{"taxonomy":"product_cat","embeddable":true,"href":"https:\/\/www.noxgaming.ca\/fr\/wp-json\/wp\/v2\/product_cat?post=5209"},{"taxonomy":"product_tag","embeddable":true,"href":"https:\/\/www.noxgaming.ca\/fr\/wp-json\/wp\/v2\/product_tag?post=5209"}],"curies":[{"name":"wp","href":"https:\/\/api.w.org\/{rel}","templated":true}]}}