{"id":5203,"date":"2025-08-07T20:07:31","date_gmt":"2025-08-08T00:07:31","guid":{"rendered":"https:\/\/www.noxgaming.ca\/product\/moza-crp2-inversion-kit\/"},"modified":"2026-04-17T13:42:18","modified_gmt":"2026-04-17T17:42:18","slug":"moza-crp2-inversion-kit","status":"publish","type":"product","link":"https:\/\/www.noxgaming.ca\/fr\/product\/moza-crp2-inversion-kit\/","title":{"rendered":"Kit d'inversion MOZA CRP2"},"content":{"rendered":"<p>Transforme tes p\u00e9dales \u00e0 cellule de charge MOZA CRP2 en une configuration invers\u00e9e gr\u00e2ce au support d'inversion. Ce support est construit en alliage d'aluminium robuste et offre un soutien et une stabilit\u00e9 fiables pendant les sessions intenses. L'angle r\u00e9glable de 20\u00b0 et l'espacement personnalisable des p\u00e9dales le rendent polyvalent pour diff\u00e9rents sc\u00e9narios et dispositions d'assise. Les composants standard simplifient l'installation, ce qui permet une conversion rapide et sans effort vers une configuration de p\u00e9dales suspendues.<\/p>","protected":false},"excerpt":{"rendered":"<p>Transform your MOZA CRP2 Load Cell Pedals into an inverted setup with the Inversion Mount. This mount is constructed from robust aluminum alloy and offers reliable support and stability during intense sessions. The adjustable 20\u00b0 angle and customizable pedal spacing make it versatile for different scenarios and seating arrangements. Standard components simplify Installation, allowing for [&hellip;]<\/p>\n","protected":false},"featured_media":5204,"template":"","meta":{"_acf_changed":false},"product_brand":[516],"product_cat":[511],"product_tag":[412,413,340,335,341],"class_list":{"0":"post-5203","1":"product","2":"type-product","3":"status-publish","4":"has-post-thumbnail","6":"product_brand-moza-racing","7":"product_cat-simracing-mounts","8":"product_tag-moza","9":"product_tag-moza-racing","10":"product_tag-pedal-accessories","11":"product_tag-sim-racing","12":"product_tag-sim-racing-accessories","14":"first","15":"instock","16":"taxable","17":"shipping-taxable","18":"purchasable","19":"product-type-simple"},"acf":[],"_links":{"self":[{"href":"https:\/\/www.noxgaming.ca\/fr\/wp-json\/wp\/v2\/product\/5203","targetHints":{"allow":["GET"]}}],"collection":[{"href":"https:\/\/www.noxgaming.ca\/fr\/wp-json\/wp\/v2\/product"}],"about":[{"href":"https:\/\/www.noxgaming.ca\/fr\/wp-json\/wp\/v2\/types\/product"}],"wp:featuredmedia":[{"embeddable":true,"href":"https:\/\/www.noxgaming.ca\/fr\/wp-json\/wp\/v2\/media\/5204"}],"wp:attachment":[{"href":"https:\/\/www.noxgaming.ca\/fr\/wp-json\/wp\/v2\/media?parent=5203"}],"wp:term":[{"taxonomy":"product_brand","embeddable":true,"href":"https:\/\/www.noxgaming.ca\/fr\/wp-json\/wp\/v2\/product_brand?post=5203"},{"taxonomy":"product_cat","embeddable":true,"href":"https:\/\/www.noxgaming.ca\/fr\/wp-json\/wp\/v2\/product_cat?post=5203"},{"taxonomy":"product_tag","embeddable":true,"href":"https:\/\/www.noxgaming.ca\/fr\/wp-json\/wp\/v2\/product_tag?post=5203"}],"curies":[{"name":"wp","href":"https:\/\/api.w.org\/{rel}","templated":true}]}}