{"id":5192,"date":"2025-08-07T20:07:32","date_gmt":"2025-08-08T00:07:32","guid":{"rendered":"https:\/\/www.noxgaming.ca\/product\/moza-mbooster-base-extension-plate\/"},"modified":"2026-04-17T13:42:14","modified_gmt":"2026-04-17T17:42:14","slug":"moza-mbooster-base-extension-plate","status":"publish","type":"product","link":"https:\/\/www.noxgaming.ca\/fr\/product\/moza-mbooster-base-extension-plate\/","title":{"rendered":"Plaque d'extension de la base MOZA mBooster"},"content":{"rendered":"<p>Plaque d'extension en acier haute r\u00e9sistance, con\u00e7ue pour connecter la p\u00e9dale Active mBooster \u00e0 la base CRP2 avec un alignement optimal et une stabilit\u00e9 accrue. Toutes les vis n\u00e9cessaires (M6\u00d710 et M12\u00d720) sont incluses pour une installation rapide, simple et s\u00e9curis\u00e9e.<\/p>","protected":false},"excerpt":{"rendered":"<p>Plaque d'extension en acier haute r\u00e9sistance, con\u00e7ue pour connecter la p\u00e9dale Active mBooster \u00e0 la base CRP2 avec un alignement optimal et une stabilit\u00e9 accrue. Toutes les vis n\u00e9cessaires (M6\u00d710 et M12\u00d720) sont incluses pour une installation rapide, simple et s\u00e9curis\u00e9e.<\/p>","protected":false},"featured_media":5193,"template":"","meta":{"_acf_changed":false},"product_brand":[516],"product_cat":[481],"product_tag":[412,413,340,335,341],"class_list":{"0":"post-5192","1":"product","2":"type-product","3":"status-publish","4":"has-post-thumbnail","6":"product_brand-moza-racing","7":"product_cat-sim-racing-accessories","8":"product_tag-moza","9":"product_tag-moza-racing","10":"product_tag-pedal-accessories","11":"product_tag-sim-racing","12":"product_tag-sim-racing-accessories","14":"first","15":"instock","16":"taxable","17":"shipping-taxable","18":"purchasable","19":"product-type-simple"},"acf":[],"_links":{"self":[{"href":"https:\/\/www.noxgaming.ca\/fr\/wp-json\/wp\/v2\/product\/5192","targetHints":{"allow":["GET"]}}],"collection":[{"href":"https:\/\/www.noxgaming.ca\/fr\/wp-json\/wp\/v2\/product"}],"about":[{"href":"https:\/\/www.noxgaming.ca\/fr\/wp-json\/wp\/v2\/types\/product"}],"wp:featuredmedia":[{"embeddable":true,"href":"https:\/\/www.noxgaming.ca\/fr\/wp-json\/wp\/v2\/media\/5193"}],"wp:attachment":[{"href":"https:\/\/www.noxgaming.ca\/fr\/wp-json\/wp\/v2\/media?parent=5192"}],"wp:term":[{"taxonomy":"product_brand","embeddable":true,"href":"https:\/\/www.noxgaming.ca\/fr\/wp-json\/wp\/v2\/product_brand?post=5192"},{"taxonomy":"product_cat","embeddable":true,"href":"https:\/\/www.noxgaming.ca\/fr\/wp-json\/wp\/v2\/product_cat?post=5192"},{"taxonomy":"product_tag","embeddable":true,"href":"https:\/\/www.noxgaming.ca\/fr\/wp-json\/wp\/v2\/product_tag?post=5192"}],"curies":[{"name":"wp","href":"https:\/\/api.w.org\/{rel}","templated":true}]}}